{"id":1562,"date":"2024-07-23T12:58:27","date_gmt":"2024-07-23T12:58:27","guid":{"rendered":"https:\/\/sausage-stuffer.com\/?post_type=product&#038;p=1562"},"modified":"2024-08-15T04:06:40","modified_gmt":"2024-08-15T04:06:40","slug":"5lb-sausage-stuffer-sv5","status":"publish","type":"product","link":"https:\/\/sausage-stuffer.com\/hu\/manufacturer\/5lb-sausage-stuffer-sv5\/","title":{"rendered":"5LB kolb\u00e1szt\u00f6lt\u0151 SV5"},"content":{"rendered":"<h2><strong>5LB kolb\u00e1szt\u00f6lt\u0151:<\/strong><\/h2>\n<ul>\n<li>Rozsdamentes ac\u00e9lszerkezet.<\/li>\n<li>K\u00e9tfokozat\u00fa kialak\u00edt\u00e1s a gyors kiold\u00e1shoz \u00e9s a lass\u00fa t\u00f6lt\u00e9shez.<\/li>\n<li>N\u00e9gy rozsdamentes ac\u00e9l f\u00fav\u00f3k\u00e1t tartalmaz.<\/li>\n<\/ul>\n<p>&nbsp;<\/p>\n<h2><strong>5LB kolb\u00e1szt\u00f6lt\u0151 El\u0151ny\u00f6k:<\/strong><\/h2>\n<ul>\n<li><strong>Vez\u00e9rl\u00e9s<\/strong>: A k\u00e9zi m\u0171k\u00f6dtet\u00e9s lehet\u0151v\u00e9 teszi a t\u00f6lt\u00e9si folyamat pontos ellen\u0151rz\u00e9s\u00e9t.<\/li>\n<li><strong>Megfizethet\u0151s\u00e9g<\/strong>: \u00c1ltal\u00e1ban megfizethet\u0151bb, mint az elektromos modellek.<\/li>\n<li><strong>Kompakt kialak\u00edt\u00e1s<\/strong>: Kevesebb helyet foglal a pulton, mint a v\u00edzszintes t\u00f6lt\u0151k.<\/li>\n<li><strong>Megb\u00edzhat\u00f3s\u00e1g<\/strong>: A kevesebb mechanikus alkatr\u00e9sz kevesebb meghib\u00e1sod\u00e1si lehet\u0151s\u00e9get jelent<\/li>\n<\/ul>","protected":false},"excerpt":{"rendered":"<h4><strong><span class=\"Y2IQFc\" lang=\"en\">Alapvet\u0151 param\u00e9terek<\/span><\/strong><\/h4>\n<p>T\u00edpus: f\u00fcgg\u0151leges m<span class=\"Y2IQFc\" lang=\"en\">anual s<\/span>b\u0151s\u00e9ges t\u00f6ltel\u00e9k<\/p>\n<p>Henger \u00e1tm\u00e9r\u0151 xl (mm):140*320<\/p>\n<p>M\u00e9ret: 300*340*690\uff08mm\uff09<\/p>\n<p>Nett\u00f3 s\u00faly \uff1a10.5 KG<\/p>\n<p id=\"tw-target-text\" class=\"tw-data-text tw-text-large tw-ta\" dir=\"ltr\" data-placeholder=\"Translation\" aria-label=\"Ford\u00edtott sz\u00f6veg\" data-ved=\"2ahUKEwikr8X52saHAxV4mq8BHbZ8AHMQ3ewLegQIEhAU\"><span class=\"Y2IQFc\" lang=\"en\">T\u00e9rfogat \uff1a5 L<\/span><\/p>","protected":false},"featured_media":1554,"template":"","meta":[],"product_brand":[],"product_cat":[47],"product_tag":[],"class_list":{"0":"post-1562","1":"product","2":"type-product","3":"status-publish","4":"has-post-thumbnail","6":"product_cat-vertical-manual-sausage-stuffer","8":"first","9":"instock","10":"shipping-taxable","11":"product-type-simple"},"_links":{"self":[{"href":"https:\/\/sausage-stuffer.com\/hu\/wp-json\/wp\/v2\/product\/1562","targetHints":{"allow":["GET"]}}],"collection":[{"href":"https:\/\/sausage-stuffer.com\/hu\/wp-json\/wp\/v2\/product"}],"about":[{"href":"https:\/\/sausage-stuffer.com\/hu\/wp-json\/wp\/v2\/types\/product"}],"wp:featuredmedia":[{"embeddable":true,"href":"https:\/\/sausage-stuffer.com\/hu\/wp-json\/wp\/v2\/media\/1554"}],"wp:attachment":[{"href":"https:\/\/sausage-stuffer.com\/hu\/wp-json\/wp\/v2\/media?parent=1562"}],"wp:term":[{"taxonomy":"product_brand","embeddable":true,"href":"https:\/\/sausage-stuffer.com\/hu\/wp-json\/wp\/v2\/product_brand?post=1562"},{"taxonomy":"product_cat","embeddable":true,"href":"https:\/\/sausage-stuffer.com\/hu\/wp-json\/wp\/v2\/product_cat?post=1562"},{"taxonomy":"product_tag","embeddable":true,"href":"https:\/\/sausage-stuffer.com\/hu\/wp-json\/wp\/v2\/product_tag?post=1562"}],"curies":[{"name":"wp","href":"https:\/\/api.w.org\/{rel}","templated":true}]}}