{"id":1561,"date":"2024-07-23T12:57:55","date_gmt":"2024-07-23T12:57:55","guid":{"rendered":"https:\/\/sausage-stuffer.com\/?post_type=product&#038;p=1561"},"modified":"2024-08-15T04:02:58","modified_gmt":"2024-08-15T04:02:58","slug":"hand-crank-sausage-stuffer-sv3","status":"publish","type":"product","link":"https:\/\/sausage-stuffer.com\/hu\/manufacturer\/hand-crank-sausage-stuffer-sv3\/","title":{"rendered":"K\u00e9zi kurblis kolb\u00e1szt\u00f6lt\u0151 SV3"},"content":{"rendered":"<h2><strong>K\u00e9zi kurblis kolb\u00e1szt\u00f6lt\u0151 SV3:<\/strong><\/h2>\n<ul>\n<li>Rozsdamentes ac\u00e9lszerkezet.<\/li>\n<li>K\u00e9tfokozat\u00fa kialak\u00edt\u00e1s a gyors kiold\u00e1shoz \u00e9s a lass\u00fa t\u00f6lt\u00e9shez.<\/li>\n<li>N\u00e9gy rozsdamentes ac\u00e9l f\u00fav\u00f3k\u00e1t tartalmaz.<\/li>\n<\/ul>\n<p>&nbsp;<\/p>\n<h2><strong>K\u00e9zi kurblis kolb\u00e1szt\u00f6lt\u0151 haszn\u00e1lati tippek:<\/strong><\/h2>\n<ol>\n<li><strong>H\u0171tsd le a h\u00fast<\/strong>: A h\u00faskever\u00e9ket tartsa hidegen, hogy k\u00f6nnyen megteljen \u00e9s j\u00f3 \u00e1llag\u00fa maradjon.<\/li>\n<li><strong>\u00c1ztassa a h\u00fcvelyeket<\/strong>: A term\u00e9szetes b\u00e9lzetet haszn\u00e1lat el\u0151tt \u00e1ztassa be meleg v\u00edzbe, hogy hajl\u00e9konyabb\u00e1 \u00e9s k\u00f6nnyebben kezelhet\u0151v\u00e9 v\u00e1ljon.<\/li>\n<li><strong>K\u00f6vetkezetes nyom\u00e1s<\/strong>: Forgassa a forgatty\u00fat egyenletes, egyenletes \u00fctemben, hogy elker\u00fclje a kolb\u00e1szokba ker\u00fcl\u0151 l\u00e9gbubor\u00e9kokat.<\/li>\n<li><strong>Kenje a f\u00fav\u00f3k\u00e1t<\/strong>: Egy kis v\u00edz vagy \u00e9lelmiszeripari olaj seg\u00edthet abban, hogy a burkolatok k\u00f6nnyebben cs\u00fasszanak a f\u00fav\u00f3k\u00e1ra.<\/li>\n<li><strong>Alaposan tiszt\u00edtsa meg<\/strong>: A higi\u00e9nia fenntart\u00e1sa \u00e9s a g\u00e9p \u00e9lettartam\u00e1nak meghosszabb\u00edt\u00e1sa \u00e9rdek\u00e9ben minden haszn\u00e1lat ut\u00e1n szerelje sz\u00e9t \u00e9s tiszt\u00edtsa meg az \u00f6sszes alkatr\u00e9szt.<\/li>\n<\/ol>","protected":false},"excerpt":{"rendered":"<h4><strong>Alapvet\u0151 param\u00e9terek<\/strong><\/h4>\n<p>T\u00edpus: f\u00fcgg\u0151leges k\u00e9zi kolb\u00e1szt\u00f6lt\u0151<\/p>\n<p>Henger \u00e1tm\u00e9r\u0151je xl (mm):140*200<\/p>\n<p>M\u00e9ret: 300*340*570\uff08mm\uff09<\/p>\n<p>Nett\u00f3 s\u00faly \uff1a9 kg<\/p>\n<p>T\u00e9rfogat \uff1a3 L<\/p>","protected":false},"featured_media":1553,"template":"","meta":[],"product_brand":[],"product_cat":[47],"product_tag":[],"class_list":{"0":"post-1561","1":"product","2":"type-product","3":"status-publish","4":"has-post-thumbnail","6":"product_cat-vertical-manual-sausage-stuffer","8":"first","9":"instock","10":"shipping-taxable","11":"product-type-simple"},"_links":{"self":[{"href":"https:\/\/sausage-stuffer.com\/hu\/wp-json\/wp\/v2\/product\/1561","targetHints":{"allow":["GET"]}}],"collection":[{"href":"https:\/\/sausage-stuffer.com\/hu\/wp-json\/wp\/v2\/product"}],"about":[{"href":"https:\/\/sausage-stuffer.com\/hu\/wp-json\/wp\/v2\/types\/product"}],"wp:featuredmedia":[{"embeddable":true,"href":"https:\/\/sausage-stuffer.com\/hu\/wp-json\/wp\/v2\/media\/1553"}],"wp:attachment":[{"href":"https:\/\/sausage-stuffer.com\/hu\/wp-json\/wp\/v2\/media?parent=1561"}],"wp:term":[{"taxonomy":"product_brand","embeddable":true,"href":"https:\/\/sausage-stuffer.com\/hu\/wp-json\/wp\/v2\/product_brand?post=1561"},{"taxonomy":"product_cat","embeddable":true,"href":"https:\/\/sausage-stuffer.com\/hu\/wp-json\/wp\/v2\/product_cat?post=1561"},{"taxonomy":"product_tag","embeddable":true,"href":"https:\/\/sausage-stuffer.com\/hu\/wp-json\/wp\/v2\/product_tag?post=1561"}],"curies":[{"name":"wp","href":"https:\/\/api.w.org\/{rel}","templated":true}]}}