{"id":1717,"date":"2024-07-28T14:39:28","date_gmt":"2024-07-28T14:39:28","guid":{"rendered":"https:\/\/sausage-stuffer.com\/?post_type=product&#038;p=1717"},"modified":"2024-08-03T07:20:46","modified_gmt":"2024-08-03T07:20:46","slug":"commercial-bone-cutting-machine-jg210b","status":"publish","type":"product","link":"https:\/\/sausage-stuffer.com\/fr\/manufacturer\/commercial-bone-cutting-machine-jg210b\/","title":{"rendered":"Machine commerciale \u00e0 couper les os JG210B"},"content":{"rendered":"<p>Une machine commerciale \u00e0 couper les os est un \u00e9quipement sp\u00e9cialis\u00e9 con\u00e7u pour les t\u00e2ches de transformation de la viande, en particulier pour couper les os, la viande congel\u00e9e et d'autres mat\u00e9riaux durs dans les cuisines commerciales, les boucheries et les usines de transformation de la viande. Voici quelques caract\u00e9ristiques et consid\u00e9rations essentielles de ces machines :<\/p>\n<h3><strong>Caract\u00e9ristiques<\/strong><\/h3>\n<h4><strong>1. moteur puissant :<\/strong><\/h4>\n<ul>\n<li>\n<h4><span style=\"color: #333333; font-size: 14.4px;\">Moteurs haute puissance pour une coupe efficace et sans \u00e0-coups des mat\u00e9riaux les plus durs.<\/span><\/h4>\n<\/li>\n<\/ul>\n<h4><strong>2. construction durable :<\/strong><\/h4>\n<ul>\n<li>Construit avec des mat\u00e9riaux robustes comme l'acier inoxydable pour r\u00e9sister \u00e0 une utilisation intensive et garantir la long\u00e9vit\u00e9.<\/li>\n<li>Les propri\u00e9t\u00e9s de r\u00e9sistance \u00e0 la corrosion sont importantes pour l'hygi\u00e8ne et la durabilit\u00e9.<\/li>\n<\/ul>\n<h4><strong>3. caract\u00e9ristiques de s\u00e9curit\u00e9 :<\/strong><\/h4>\n<ul>\n<li>\u00c9quip\u00e9 de protections, de boutons d'arr\u00eat d'urgence et de bases antid\u00e9rapantes pour garantir la s\u00e9curit\u00e9 de l'utilisateur.<\/li>\n<li>Certains mod\u00e8les sont dot\u00e9s d'un dispositif d'arr\u00eat automatique des lames en cas d'ouverture de la machine en cours d'utilisation.<\/li>\n<\/ul>\n<h4><strong>4. lame r\u00e9glable :<\/strong><\/h4>\n<ul>\n<li>Lames r\u00e9glables pour s'adapter aux diff\u00e9rentes \u00e9paisseurs et aux diff\u00e9rents types de coupe.<\/li>\n<li>Lames faciles \u00e0 changer pour r\u00e9pondre aux diff\u00e9rents besoins de coupe et d'entretien.<\/li>\n<\/ul>\n<h4><strong>5. conception hygi\u00e9nique :<\/strong><\/h4>\n<ul>\n<li>Con\u00e7us pour un nettoyage facile afin de maintenir des normes d'hygi\u00e8ne \u00e9lev\u00e9es.<\/li>\n<li>Pi\u00e8ces amovibles pouvant \u00eatre lav\u00e9es au lave-vaisselle ou facilement d\u00e9sinfect\u00e9es.<\/li>\n<\/ul>\n<h4><strong>6. coupe de pr\u00e9cision :<\/strong><\/h4>\n<ul>\n<li>Permet des coupes pr\u00e9cises et constantes pour assurer l'uniformit\u00e9 des portions de viande.<\/li>\n<li>Certaines machines sont livr\u00e9es avec des guides de mesure pour des coupes pr\u00e9cises.<\/li>\n<\/ul>\n<h3><strong>Consid\u00e9rations<\/strong><\/h3>\n<p><strong>1.Capacit\u00e9 :<\/strong><\/p>\n<ul>\n<li>La machine doit correspondre au volume de traitement n\u00e9cessaire \u00e0 votre activit\u00e9.<\/li>\n<li>Tenez compte de la taille de la table de d\u00e9coupe et de l'\u00e9paisseur maximale qu'elle peut supporter.<\/li>\n<\/ul>\n<p><strong>2. facilit\u00e9 d'utilisation :<\/strong><\/p>\n<ul>\n<li>Des commandes conviviales et des instructions claires sont essentielles pour un fonctionnement efficace.<\/li>\n<li>Les besoins en formation du personnel doivent \u00e9galement \u00eatre pris en compte.<\/li>\n<\/ul>\n<p><strong>3.Entretien :<\/strong><\/p>\n<ul>\n<li>Recherchez des machines dont les pi\u00e8ces sont facilement accessibles pour l'entretien et les r\u00e9parations.<\/li>\n<li>Disponibilit\u00e9 des pi\u00e8ces de rechange et de l'assistance du fabricant.<\/li>\n<\/ul>\n<p><strong>4. l'efficacit\u00e9 \u00e9nerg\u00e9tique :<\/strong><\/p>\n<ul>\n<li>Les machines dot\u00e9es de fonctions d'\u00e9conomie d'\u00e9nergie peuvent r\u00e9duire les co\u00fbts d'exploitation au fil du temps.<\/li>\n<\/ul>\n<p><strong>5.Co\u00fbt :<\/strong><\/p>\n<ul>\n<li>Comparez l'investissement initial \u00e0 la durabilit\u00e9 et aux performances attendues de la machine.<\/li>\n<li>Prenez en compte le co\u00fbt total de possession, y compris les co\u00fbts de maintenance et d'exploitation.<\/li>\n<\/ul>\n<h3><strong>Applications commerciales de la machine \u00e0 d\u00e9couper les os<\/strong><\/h3>\n<p><strong>Boucheries :<\/strong><\/p>\n<ul>\n<li>Pour couper de grandes sections de viande et d'os avec pr\u00e9cision et rapidit\u00e9.<\/li>\n<\/ul>\n<p><strong>Usines de transformation de la viande :<\/strong><\/p>\n<ul>\n<li>Indispensable pour la transformation de produits carn\u00e9s en grandes quantit\u00e9s.<\/li>\n<\/ul>\n<p><strong>Cuisines commerciales :<\/strong><\/p>\n<ul>\n<li>Utile pour les restaurants et les services de restauration qui pr\u00e9parent de grandes quantit\u00e9s de viande.<\/li>\n<\/ul>","protected":false},"excerpt":{"rendered":"<h4><strong><span class=\"Y2IQFc\" lang=\"en\">Machine commerciale \u00e0 d\u00e9couper les os JG210B Param\u00e8tres techniques\uff1a<\/span><\/strong><\/h4>\n<ul>\n<li class=\"tw-data-text tw-text-large tw-ta\" dir=\"ltr\" data-placeholder=\"Translation\" aria-label=\"Texte traduit\" data-ved=\"2ahUKEwj2ucO6-8mHAxXmh68BHRM1GoEQ3ewLegQIEBAU\">Tension \uff1a110 -220 v<\/li>\n<li class=\"tw-data-text tw-text-large tw-ta\" dir=\"ltr\" data-placeholder=\"Translation\" aria-label=\"Texte traduit\" data-ved=\"2ahUKEwj2ucO6-8mHAxXmh68BHRM1GoEQ3ewLegQIEBAU\"><span class=\"Y2IQFc\" lang=\"en\">Fr\u00e9quence \uff1a50\/60 Hz<\/span><\/li>\n<li dir=\"ltr\" data-placeholder=\"Translation\" aria-label=\"Texte traduit\" data-ved=\"2ahUKEwj2ucO6-8mHAxXmh68BHRM1GoEQ3ewLegQIEBAU\">Puissance du moteur :1500 w<\/li>\n<li dir=\"ltr\" data-placeholder=\"Translation\" aria-label=\"Texte traduit\" data-ved=\"2ahUKEwj2ucO6-8mHAxXmh68BHRM1GoEQ3ewLegQIEBAU\">Longueur de la lame : 2400 mm<\/li>\n<li dir=\"ltr\" data-placeholder=\"Translation\" aria-label=\"Texte traduit\" data-ved=\"2ahUKEwj2ucO6-8mHAxXmh68BHRM1GoEQ3ewLegQIEBAU\">Sp\u00e9cification de la table :506*416 mm<\/li>\n<li dir=\"ltr\" data-placeholder=\"Translation\" aria-label=\"Texte traduit\" data-ved=\"2ahUKEwj2ucO6-8mHAxXmh68BHRM1GoEQ3ewLegQIEBAU\">\u00c9paisseur de coupe :5-155 mm<\/li>\n<li dir=\"ltr\" data-placeholder=\"Translation\" aria-label=\"Texte traduit\" data-ved=\"2ahUKEwj2ucO6-8mHAxXmh68BHRM1GoEQ3ewLegQIEBAU\">G.W\/N.W :61 KG\/51 KG<\/li>\n<li dir=\"ltr\" data-placeholder=\"Translation\" aria-label=\"Texte traduit\" data-ved=\"2ahUKEwj2ucO6-8mHAxXmh68BHRM1GoEQ3ewLegQIEBAU\">Taille du produit :52*56*97 cm<\/li>\n<li dir=\"ltr\" data-placeholder=\"Translation\" aria-label=\"Texte traduit\" data-ved=\"2ahUKEwj2ucO6-8mHAxXmh68BHRM1GoEQ3ewLegQIEBAU\">Taille de l'emballage :62*66*107 cm<\/li>\n<\/ul>","protected":false},"featured_media":1862,"template":"","meta":[],"product_brand":[],"product_cat":[44],"product_tag":[],"class_list":{"0":"post-1717","1":"product","2":"type-product","3":"status-publish","4":"has-post-thumbnail","6":"product_cat-bone-cutting-machine","8":"first","9":"instock","10":"shipping-taxable","11":"product-type-simple"},"_links":{"self":[{"href":"https:\/\/sausage-stuffer.com\/fr\/wp-json\/wp\/v2\/product\/1717","targetHints":{"allow":["GET"]}}],"collection":[{"href":"https:\/\/sausage-stuffer.com\/fr\/wp-json\/wp\/v2\/product"}],"about":[{"href":"https:\/\/sausage-stuffer.com\/fr\/wp-json\/wp\/v2\/types\/product"}],"wp:featuredmedia":[{"embeddable":true,"href":"https:\/\/sausage-stuffer.com\/fr\/wp-json\/wp\/v2\/media\/1862"}],"wp:attachment":[{"href":"https:\/\/sausage-stuffer.com\/fr\/wp-json\/wp\/v2\/media?parent=1717"}],"wp:term":[{"taxonomy":"product_brand","embeddable":true,"href":"https:\/\/sausage-stuffer.com\/fr\/wp-json\/wp\/v2\/product_brand?post=1717"},{"taxonomy":"product_cat","embeddable":true,"href":"https:\/\/sausage-stuffer.com\/fr\/wp-json\/wp\/v2\/product_cat?post=1717"},{"taxonomy":"product_tag","embeddable":true,"href":"https:\/\/sausage-stuffer.com\/fr\/wp-json\/wp\/v2\/product_tag?post=1717"}],"curies":[{"name":"wp","href":"https:\/\/api.w.org\/{rel}","templated":true}]}}