{"id":1693,"date":"2024-07-26T10:28:23","date_gmt":"2024-07-26T10:28:23","guid":{"rendered":"https:\/\/sausage-stuffer.com\/?post_type=product&#038;p=1693"},"modified":"2024-08-03T07:19:27","modified_gmt":"2024-08-03T07:19:27","slug":"electric-bone-cutting-machine-jg210a","status":"publish","type":"product","link":"https:\/\/sausage-stuffer.com\/fr\/manufacturer\/electric-bone-cutting-machine-jg210a\/","title":{"rendered":"Machine \u00e9lectrique \u00e0 couper les os JG210A"},"content":{"rendered":"<p>Par rapport au JG210, la coque du JG210A est principalement compos\u00e9e de fer et son apparence est plus tendance gr\u00e2ce au processus de peinture par pulv\u00e9risation, tout en conservant la partie principale en acier inoxydable qui r\u00e9pond aux normes de s\u00e9curit\u00e9 alimentaire. Cette conception am\u00e9lior\u00e9e peut renforcer l'attrait visuel du produit tout en garantissant la s\u00e9curit\u00e9 des parties en contact avec les aliments.<\/p>\n<h4><strong>Machine \u00e0 d\u00e9couper les os Application :<\/strong><\/h4>\n<ul>\n<li>Convient aux usines de transformation alimentaire, \u00e0 l'industrie de la restauration, aux cantines, il peut couper toutes sortes d'os, de viande congel\u00e9e, de poisson congel\u00e9 et de rasorial.<\/li>\n<li>Cette machine est utilis\u00e9e pour la d\u00e9coupe de viande congel\u00e9e et de viande \u00e0 temp\u00e9rature normale, mais elle n'est pas adapt\u00e9e \u00e0 la d\u00e9coupe de viande non d\u00e9soss\u00e9e \u00e0 temp\u00e9rature normale.<\/li>\n<\/ul>\n<p>&nbsp;<\/p>\n<p><strong><b>Caract\u00e9ristiques :<\/b><\/strong><\/p>\n<ul>\n<li>Rendement \u00e9lev\u00e9, faible consommation, s\u00e9curit\u00e9 et fiabilit\u00e9.<\/li>\n<li>Manipulation facile, nettoyage ais\u00e9, performances stables<\/li>\n<li>Corps en alliage d'aluminium, les parties en contact avec les aliments sont en acier inoxydable 304, la lame de scie est en acier solide, solide et durable.<\/li>\n<li>Dispositif de s\u00e9curit\u00e9 \u00e9tanche int\u00e9gr\u00e9, qui arr\u00eate le fonctionnement de la machine lorsque le couvercle ext\u00e9rieur s'ouvre.<\/li>\n<\/ul>","protected":false},"excerpt":{"rendered":"<h4><strong><span class=\"Y2IQFc\" lang=\"en\">Machine \u00e0 d\u00e9couper les os JG210A Param\u00e8tres techniques\uff1a<\/span><\/strong><\/h4>\n<ul>\n<li class=\"tw-data-text tw-text-large tw-ta\" dir=\"ltr\" data-placeholder=\"Translation\" aria-label=\"Texte traduit\" data-ved=\"2ahUKEwj2ucO6-8mHAxXmh68BHRM1GoEQ3ewLegQIEBAU\">Tension \uff1a110 -220 v<\/li>\n<li class=\"tw-data-text tw-text-large tw-ta\" dir=\"ltr\" data-placeholder=\"Translation\" aria-label=\"Texte traduit\" data-ved=\"2ahUKEwj2ucO6-8mHAxXmh68BHRM1GoEQ3ewLegQIEBAU\"><span class=\"Y2IQFc\" lang=\"en\">Fr\u00e9quence \uff1a50\/60 Hz<\/span><\/li>\n<li dir=\"ltr\" data-placeholder=\"Translation\" aria-label=\"Texte traduit\" data-ved=\"2ahUKEwj2ucO6-8mHAxXmh68BHRM1GoEQ3ewLegQIEBAU\">Puissance du moteur :750 w<\/li>\n<li dir=\"ltr\" data-placeholder=\"Translation\" aria-label=\"Texte traduit\" data-ved=\"2ahUKEwj2ucO6-8mHAxXmh68BHRM1GoEQ3ewLegQIEBAU\">Sp\u00e9cification de la table :400*510 mm<\/li>\n<li dir=\"ltr\" data-placeholder=\"Translation\" aria-label=\"Texte traduit\" data-ved=\"2ahUKEwj2ucO6-8mHAxXmh68BHRM1GoEQ3ewLegQIEBAU\">\u00c9paisseur de coupe :5-150 mm<\/li>\n<li dir=\"ltr\" data-placeholder=\"Translation\" aria-label=\"Texte traduit\" data-ved=\"2ahUKEwj2ucO6-8mHAxXmh68BHRM1GoEQ3ewLegQIEBAU\">Hauteur de coupe :245 mm<\/li>\n<li dir=\"ltr\" data-placeholder=\"Translation\" aria-label=\"Texte traduit\" data-ved=\"2ahUKEwj2ucO6-8mHAxXmh68BHRM1GoEQ3ewLegQIEBAU\">G.W\/N.W :46 KG\/36 KG<\/li>\n<li dir=\"ltr\" data-placeholder=\"Translation\" aria-label=\"Texte traduit\" data-ved=\"2ahUKEwj2ucO6-8mHAxXmh68BHRM1GoEQ3ewLegQIEBAU\">Taille du produit :51*51*86 cm<\/li>\n<li dir=\"ltr\" data-placeholder=\"Translation\" aria-label=\"Texte traduit\" data-ved=\"2ahUKEwj2ucO6-8mHAxXmh68BHRM1GoEQ3ewLegQIEBAU\">Taille de l'emballage : 61*61*96 cm<\/li>\n<\/ul>","protected":false},"featured_media":1761,"template":"","meta":[],"product_brand":[],"product_cat":[44],"product_tag":[],"class_list":{"0":"post-1693","1":"product","2":"type-product","3":"status-publish","4":"has-post-thumbnail","6":"product_cat-bone-cutting-machine","8":"first","9":"instock","10":"shipping-taxable","11":"product-type-simple"},"_links":{"self":[{"href":"https:\/\/sausage-stuffer.com\/fr\/wp-json\/wp\/v2\/product\/1693","targetHints":{"allow":["GET"]}}],"collection":[{"href":"https:\/\/sausage-stuffer.com\/fr\/wp-json\/wp\/v2\/product"}],"about":[{"href":"https:\/\/sausage-stuffer.com\/fr\/wp-json\/wp\/v2\/types\/product"}],"wp:featuredmedia":[{"embeddable":true,"href":"https:\/\/sausage-stuffer.com\/fr\/wp-json\/wp\/v2\/media\/1761"}],"wp:attachment":[{"href":"https:\/\/sausage-stuffer.com\/fr\/wp-json\/wp\/v2\/media?parent=1693"}],"wp:term":[{"taxonomy":"product_brand","embeddable":true,"href":"https:\/\/sausage-stuffer.com\/fr\/wp-json\/wp\/v2\/product_brand?post=1693"},{"taxonomy":"product_cat","embeddable":true,"href":"https:\/\/sausage-stuffer.com\/fr\/wp-json\/wp\/v2\/product_cat?post=1693"},{"taxonomy":"product_tag","embeddable":true,"href":"https:\/\/sausage-stuffer.com\/fr\/wp-json\/wp\/v2\/product_tag?post=1693"}],"curies":[{"name":"wp","href":"https:\/\/api.w.org\/{rel}","templated":true}]}}