{"id":1692,"date":"2024-07-26T10:26:16","date_gmt":"2024-07-26T10:26:16","guid":{"rendered":"https:\/\/sausage-stuffer.com\/?post_type=product&#038;p=1692"},"modified":"2024-07-28T15:09:30","modified_gmt":"2024-07-28T15:09:30","slug":"meat-bone-cutting-machine-jg210","status":"publish","type":"product","link":"https:\/\/sausage-stuffer.com\/fr\/manufacturer\/meat-bone-cutting-machine-jg210\/","title":{"rendered":"Machine \u00e0 couper les os de la viande JG210"},"content":{"rendered":"<h3><strong>Caract\u00e9ristiques de la machine \u00e0 d\u00e9couper les os<\/strong><\/h3>\n<p><strong>1.Conception<\/strong>:<\/p>\n<ul>\n<li>Ils sont g\u00e9n\u00e9ralement robustes et fabriqu\u00e9s \u00e0 partir de mat\u00e9riaux durables tels que l'acier inoxydable, afin de pouvoir effectuer des t\u00e2ches difficiles.<\/li>\n<li>Il existe plusieurs tailles pour r\u00e9pondre \u00e0 diff\u00e9rents besoins, des mod\u00e8les compacts pour les petites entreprises aux grandes machines industrielles.<\/li>\n<\/ul>\n<p><strong>2.Lame<\/strong>:<\/p>\n<ul>\n<li>Lames tranchantes de haute qualit\u00e9, capables de couper les os et la viande congel\u00e9e.<\/li>\n<li>Souvent en acier inoxydable ou dans d'autres mat\u00e9riaux r\u00e9sistants \u00e0 la corrosion.<\/li>\n<li>Certains mod\u00e8les ont des lames r\u00e9glables pour des coupes de diff\u00e9rentes \u00e9paisseurs.<\/li>\n<\/ul>\n<p><strong>3.Moteur<\/strong>:<\/p>\n<ul>\n<li>Aliment\u00e9 par un moteur puissant, il fournit le couple n\u00e9cessaire pour couper les mat\u00e9riaux difficiles.<\/li>\n<li>La puissance du moteur varie en fonction de la taille de la machine et de l'usage auquel elle est destin\u00e9e, les mod\u00e8les industriels \u00e9tant dot\u00e9s de moteurs plus puissants.<\/li>\n<\/ul>\n<p><strong>4. Caract\u00e9ristiques de s\u00e9curit\u00e9<\/strong>:<\/p>\n<ul>\n<li>\u00c9quip\u00e9 de protections et de boutons d'arr\u00eat d'urgence pour \u00e9viter les accidents.<\/li>\n<li>Certains mod\u00e8les sont dot\u00e9s d'un m\u00e9canisme d'arr\u00eat automatique en cas de blocage ou de surchauffe de la lame.<\/li>\n<\/ul>\n<p><strong>5.Op\u00e9ration<\/strong>:<\/p>\n<ul>\n<li>Il peut \u00eatre manuel, semi-automatique ou enti\u00e8rement automatique.<\/li>\n<li>Les machines manuelles demandent plus d'efforts physiques, tandis que les machines automatiques offrent plus d'efficacit\u00e9 et de facilit\u00e9 d'utilisation.<\/li>\n<\/ul>\n<p><strong>6. Nettoyage et entretien<\/strong>:<\/p>\n<ul>\n<li>Con\u00e7u pour \u00eatre facilement d\u00e9mont\u00e9 afin de faciliter un nettoyage en profondeur.<\/li>\n<li>Certains mod\u00e8les peuvent \u00eatre lav\u00e9s au lave-vaisselle pour certaines parties.<\/li>\n<\/ul>\n<h3><strong>Avantages de la machine \u00e0 d\u00e9couper les os<\/strong><\/h3>\n<p><strong>1.Efficacit\u00e9<\/strong>:<\/p>\n<ul>\n<li>Coupe les os et la viande congel\u00e9e rapidement et avec pr\u00e9cision, ce qui permet de gagner du temps et d'\u00e9conomiser des efforts.<\/li>\n<li>Indispensable pour les op\u00e9rations de transformation de la viande en grande quantit\u00e9.<\/li>\n<\/ul>\n<p><strong>2. coh\u00e9rence<\/strong>:<\/p>\n<ul>\n<li>Garantit des coupes uniformes, ce qui est essentiel pour la pr\u00e9sentation et l'homog\u00e9n\u00e9it\u00e9 de la cuisson.<\/li>\n<\/ul>\n<p><strong>3.S\u00e9curit\u00e9<\/strong>:<\/p>\n<ul>\n<li>Con\u00e7u avec de nombreux dispositifs de s\u00e9curit\u00e9 pour prot\u00e9ger l'utilisateur contre les blessures.<\/li>\n<li>R\u00e9duit le risque d'accident par rapport \u00e0 l'utilisation de scies ou de couteaux manuels.<\/li>\n<\/ul>\n<p><strong>4. polyvalence<\/strong>:<\/p>\n<ul>\n<li>Convient \u00e0 diff\u00e9rents types de viandes et d'os, y compris le b\u0153uf, le porc, l'agneau et la volaille.<\/li>\n<li>Certains mod\u00e8les peuvent \u00e9galement traiter des produits surgel\u00e9s et du poisson.<\/li>\n<\/ul>","protected":false},"excerpt":{"rendered":"<h4><strong><span class=\"Y2IQFc\" lang=\"en\">Machine \u00e0 d\u00e9couper les os JG210 Param\u00e8tres du processus\uff1a<\/span><\/strong><\/h4>\n<ul>\n<li class=\"tw-data-text tw-text-large tw-ta\" dir=\"ltr\" data-placeholder=\"Translation\" aria-label=\"Texte traduit\" data-ved=\"2ahUKEwj2ucO6-8mHAxXmh68BHRM1GoEQ3ewLegQIEBAU\">Tension \uff1a110 -220 v<\/li>\n<li class=\"tw-data-text tw-text-large tw-ta\" dir=\"ltr\" data-placeholder=\"Translation\" aria-label=\"Texte traduit\" data-ved=\"2ahUKEwj2ucO6-8mHAxXmh68BHRM1GoEQ3ewLegQIEBAU\"><span class=\"Y2IQFc\" lang=\"en\">Fr\u00e9quence \uff1a50\/60 Hz<\/span><\/li>\n<li dir=\"ltr\" data-placeholder=\"Translation\" aria-label=\"Texte traduit\" data-ved=\"2ahUKEwj2ucO6-8mHAxXmh68BHRM1GoEQ3ewLegQIEBAU\">Puissance du moteur :750 w<\/li>\n<li dir=\"ltr\" data-placeholder=\"Translation\" aria-label=\"Texte traduit\" data-ved=\"2ahUKEwj2ucO6-8mHAxXmh68BHRM1GoEQ3ewLegQIEBAU\">Sp\u00e9cification de la table :400*510 mm<\/li>\n<li dir=\"ltr\" data-placeholder=\"Translation\" aria-label=\"Texte traduit\" data-ved=\"2ahUKEwj2ucO6-8mHAxXmh68BHRM1GoEQ3ewLegQIEBAU\">\u00c9paisseur de coupe :5-150 mm<\/li>\n<li dir=\"ltr\" data-placeholder=\"Translation\" aria-label=\"Texte traduit\" data-ved=\"2ahUKEwj2ucO6-8mHAxXmh68BHRM1GoEQ3ewLegQIEBAU\">Hauteur de coupe :245 mm<\/li>\n<li dir=\"ltr\" data-placeholder=\"Translation\" aria-label=\"Texte traduit\" data-ved=\"2ahUKEwj2ucO6-8mHAxXmh68BHRM1GoEQ3ewLegQIEBAU\">G.W\/N.W :46 KG\/36 KG<\/li>\n<li dir=\"ltr\" data-placeholder=\"Translation\" aria-label=\"Texte traduit\" data-ved=\"2ahUKEwj2ucO6-8mHAxXmh68BHRM1GoEQ3ewLegQIEBAU\">Taille du produit :51*51*86 cm<\/li>\n<li dir=\"ltr\" data-placeholder=\"Translation\" aria-label=\"Texte traduit\" data-ved=\"2ahUKEwj2ucO6-8mHAxXmh68BHRM1GoEQ3ewLegQIEBAU\">Taille de l'emballage : 61*61*96 cm<\/li>\n<\/ul>\n<p>&nbsp;<\/p>","protected":false},"featured_media":1716,"template":"","meta":[],"product_brand":[],"product_cat":[44],"product_tag":[],"class_list":{"0":"post-1692","1":"product","2":"type-product","3":"status-publish","4":"has-post-thumbnail","6":"product_cat-bone-cutting-machine","8":"first","9":"instock","10":"shipping-taxable","11":"product-type-simple"},"_links":{"self":[{"href":"https:\/\/sausage-stuffer.com\/fr\/wp-json\/wp\/v2\/product\/1692","targetHints":{"allow":["GET"]}}],"collection":[{"href":"https:\/\/sausage-stuffer.com\/fr\/wp-json\/wp\/v2\/product"}],"about":[{"href":"https:\/\/sausage-stuffer.com\/fr\/wp-json\/wp\/v2\/types\/product"}],"wp:featuredmedia":[{"embeddable":true,"href":"https:\/\/sausage-stuffer.com\/fr\/wp-json\/wp\/v2\/media\/1716"}],"wp:attachment":[{"href":"https:\/\/sausage-stuffer.com\/fr\/wp-json\/wp\/v2\/media?parent=1692"}],"wp:term":[{"taxonomy":"product_brand","embeddable":true,"href":"https:\/\/sausage-stuffer.com\/fr\/wp-json\/wp\/v2\/product_brand?post=1692"},{"taxonomy":"product_cat","embeddable":true,"href":"https:\/\/sausage-stuffer.com\/fr\/wp-json\/wp\/v2\/product_cat?post=1692"},{"taxonomy":"product_tag","embeddable":true,"href":"https:\/\/sausage-stuffer.com\/fr\/wp-json\/wp\/v2\/product_tag?post=1692"}],"curies":[{"name":"wp","href":"https:\/\/api.w.org\/{rel}","templated":true}]}}