{"id":1691,"date":"2024-07-26T10:25:10","date_gmt":"2024-07-26T10:25:10","guid":{"rendered":"https:\/\/sausage-stuffer.com\/?post_type=product&#038;p=1691"},"modified":"2024-08-06T12:03:54","modified_gmt":"2024-08-06T12:03:54","slug":"vegetable-cutter-slicer-qc205b","status":"publish","type":"product","link":"https:\/\/sausage-stuffer.com\/fr\/manufacturer\/vegetable-cutter-slicer-qc205b\/","title":{"rendered":"Coupe-l\u00e9gumes QC205B"},"content":{"rendered":"<h3><strong><b>Comment fonctionne un coupe-l\u00e9gumes ?<\/b><\/strong><\/h3>\n<p>Un coupeur de l\u00e9gumes ondul\u00e9s est g\u00e9n\u00e9ralement dot\u00e9 d'une lame en acier inoxydable avec un motif ondul\u00e9 ou stri\u00e9. Les l\u00e9gumes sont pouss\u00e9s \u00e0 travers la lame pour cr\u00e9er la coupe ondul\u00e9e caract\u00e9ristique. Certains mod\u00e8les peuvent \u00eatre \u00e9quip\u00e9s d'une poign\u00e9e ou d'un dispositif de protection pour une utilisation plus facile et plus s\u00fbre.<\/p>\n<h3><strong><b>Avantages de l'utilisation d'un coupe-l\u00e9gumes croustillant<\/b><\/strong><\/h3>\n<ul>\n<li><strong>Am\u00e9liore la pr\u00e9sentation :<\/strong>Les l\u00e9gumes coup\u00e9s en lamelles ajoutent un int\u00e9r\u00eat visuel aux salades, aux saut\u00e9s et \u00e0 d'autres plats.<\/li>\n<li><strong>Am\u00e9liore la texture :<\/strong>Les coupes ondul\u00e9es peuvent am\u00e9liorer la texture et la saveur de certains l\u00e9gumes.<\/li>\n<li><strong>Facile \u00e0 utiliser :<\/strong>La plupart des coupe-friandises sont simples \u00e0 utiliser et conviennent donc aussi bien aux cuisiniers d\u00e9butants qu'aux cuisiniers exp\u00e9riment\u00e9s.<\/li>\n<li><strong>Polyvalent :<\/strong>Peut \u00eatre utilis\u00e9 sur une vari\u00e9t\u00e9 de l\u00e9gumes et de fruits.<\/li>\n<\/ul>\n<h3><strong><b>Choisir le bon couteau \u00e0 l\u00e9gumes<\/b><\/strong><\/h3>\n<p>Les facteurs suivants doivent \u00eatre pris en compte lors du choix d'une machine \u00e0 couper les frisottis :<\/p>\n<ul>\n<li><strong>Mod\u00e8le de lame :<\/strong>Des motifs diff\u00e9rents cr\u00e9ent des effets diff\u00e9rents.<\/li>\n<li><strong>Taille et forme :<\/strong>Choisissez un cutter qui tient bien dans la main.<\/li>\n<li><strong>Mat\u00e9riau :<\/strong>L'acier inoxydable est pr\u00e9f\u00e9r\u00e9 pour sa durabilit\u00e9 et son hygi\u00e8ne.<\/li>\n<li><strong>Caract\u00e9ristiques de s\u00e9curit\u00e9 :<\/strong>Recherchez des poign\u00e9es antid\u00e9rapantes et des protections de lame.<\/li>\n<\/ul>\n<p>En int\u00e9grant un coupe-l\u00e9gumes \u00e0 votre arsenal de cuisine, vous pouvez rehausser vos cr\u00e9ations culinaires et impressionner vos invit\u00e9s par votre sens cr\u00e9atif.<\/p>","protected":false},"excerpt":{"rendered":"<h4><strong>Coupeur de l\u00e9gumes QC205B Param\u00e8tres :<\/strong><\/h4>\n<p>Diam\u00e8tre du couteau ;\u2205205 mm<\/p>\n<p id=\"tw-target-text\" class=\"tw-data-text tw-text-large tw-ta\" dir=\"ltr\" data-placeholder=\"Translation\" aria-label=\"Texte traduit\" data-ved=\"2ahUKEwi8jdCVo9GHAxWHcPUHHXifC8wQ3ewLegQICRAU\"><span class=\"Y2IQFc\" lang=\"en\">Nombre de couteaux \uff1a5<\/span><\/p>\n<p>Puissance :1000 W<\/p>\n<p>Tension :220V50Hz-110V60Hz<\/p>\n<p>Taille du produit :580*385*550(mm)<\/p>\n<p>Dimensions de l'emballage :675*345*540(mm)<\/p>\n<p>G.W\/N.W :32(KG)\/27(KG)<\/p>","protected":false},"featured_media":1655,"template":"","meta":[],"product_brand":[],"product_cat":[43],"product_tag":[],"class_list":{"0":"post-1691","1":"product","2":"type-product","3":"status-publish","4":"has-post-thumbnail","6":"product_cat-vegetable-cutter","8":"first","9":"instock","10":"shipping-taxable","11":"product-type-simple"},"_links":{"self":[{"href":"https:\/\/sausage-stuffer.com\/fr\/wp-json\/wp\/v2\/product\/1691","targetHints":{"allow":["GET"]}}],"collection":[{"href":"https:\/\/sausage-stuffer.com\/fr\/wp-json\/wp\/v2\/product"}],"about":[{"href":"https:\/\/sausage-stuffer.com\/fr\/wp-json\/wp\/v2\/types\/product"}],"wp:featuredmedia":[{"embeddable":true,"href":"https:\/\/sausage-stuffer.com\/fr\/wp-json\/wp\/v2\/media\/1655"}],"wp:attachment":[{"href":"https:\/\/sausage-stuffer.com\/fr\/wp-json\/wp\/v2\/media?parent=1691"}],"wp:term":[{"taxonomy":"product_brand","embeddable":true,"href":"https:\/\/sausage-stuffer.com\/fr\/wp-json\/wp\/v2\/product_brand?post=1691"},{"taxonomy":"product_cat","embeddable":true,"href":"https:\/\/sausage-stuffer.com\/fr\/wp-json\/wp\/v2\/product_cat?post=1691"},{"taxonomy":"product_tag","embeddable":true,"href":"https:\/\/sausage-stuffer.com\/fr\/wp-json\/wp\/v2\/product_tag?post=1691"}],"curies":[{"name":"wp","href":"https:\/\/api.w.org\/{rel}","templated":true}]}}