{"id":1690,"date":"2024-07-26T10:23:35","date_gmt":"2024-07-26T10:23:35","guid":{"rendered":"https:\/\/sausage-stuffer.com\/?post_type=product&#038;p=1690"},"modified":"2024-08-06T12:00:14","modified_gmt":"2024-08-06T12:00:14","slug":"multifunctional-vegetable-cutter-qc205a","status":"publish","type":"product","link":"https:\/\/sausage-stuffer.com\/fr\/manufacturer\/multifunctional-vegetable-cutter-qc205a\/","title":{"rendered":"Coupe-l\u00e9gumes multifonctionnel QC205A"},"content":{"rendered":"<p>Le coupe-l\u00e9gumes multifonction est un outil de cuisine polyvalent con\u00e7u pour simplifier la pr\u00e9paration des aliments. Dot\u00e9 de plusieurs lames et accessoires interchangeables, il permet de trancher, couper en d\u00e9s, r\u00e2per et r\u00e2per les fruits et l\u00e9gumes de mani\u00e8re efficace. Ce gadget de cuisine permet d'\u00e9conomiser du temps et des efforts tout en garantissant des r\u00e9sultats constants.<\/p>\n<h3><strong><b>Caract\u00e9ristiques principales d'un coupe-l\u00e9gumes multifonctions<\/b><\/strong><\/h3>\n<ul>\n<li><strong>Lames interchangeables :<\/strong>\u00a0Diff\u00e9rentes lames pour trancher, couper en d\u00e9s, d\u00e9chiqueter et r\u00e2per.<\/li>\n<li><strong>Caract\u00e9ristiques de s\u00e9curit\u00e9 :<\/strong>\u00a0La base antid\u00e9rapante, les protections de la lame et les supports d'aliments garantissent un fonctionnement s\u00fbr.<\/li>\n<li><strong><b>Mat\u00e9riau :<\/b><\/strong>\u00a0G\u00e9n\u00e9ralement en acier inoxydable pour des raisons de durabilit\u00e9 et d'hygi\u00e8ne.<\/li>\n<li><strong><b>Conception compacte :<\/b><\/strong> Facile \u00e0 ranger et \u00e0 nettoyer.<\/li>\n<\/ul>\n<h3><strong style=\"font-size: 20.16px;\"><b>Avantages de l'utilisation d'un coupe-l\u00e9gumes multifonctions<\/b><\/strong><\/h3>\n<ul>\n<li><strong>Gain de temps :<\/strong>\u00a0Pr\u00e9parez rapidement les ingr\u00e9dients pour les salades, les saut\u00e9s et autres plats.<\/li>\n<li><strong>Des coupes coh\u00e9rentes :<\/strong>\u00a0Obtenez des tranches, des d\u00e9s ou des r\u00e2pes uniformes pour un aspect professionnel.<\/li>\n<li><strong>La s\u00e9curit\u00e9 :<\/strong>\u00a0R\u00e9duire le risque d'accident par rapport \u00e0 l'utilisation de couteaux.<\/li>\n<li><strong>Polyvalence :<\/strong>\u00a0Manipuler une large gamme de l\u00e9gumes et de fruits.<\/li>\n<li><strong>Facile \u00e0 nettoyer :<\/strong>\u00a0La plupart des pi\u00e8ces peuvent \u00eatre lav\u00e9es au lave-vaisselle.<\/li>\n<\/ul>\n<h3><strong><b>Choisir le bon coupe-l\u00e9gumes multifonctions<\/b><\/strong><\/h3>\n<p>Lors du choix d'un coupe-l\u00e9gumes, tenez compte des facteurs suivants :<\/p>\n<ul>\n<li><strong>Nombre de lames :<\/strong>Choisissez un mod\u00e8le avec une vari\u00e9t\u00e9 de lames pour r\u00e9pondre \u00e0 vos besoins.<\/li>\n<li><strong>Taille du r\u00e9cipient :<\/strong>Veillez \u00e0 ce que le r\u00e9cipient soit suffisamment grand pour la pr\u00e9paration habituelle des aliments.<\/li>\n<li><strong>Caract\u00e9ristiques de s\u00e9curit\u00e9 :<\/strong>Privil\u00e9giez les mod\u00e8les dot\u00e9s de prot\u00e8ge-lames et de bases antid\u00e9rapantes.<\/li>\n<li><strong>Facilit\u00e9 d'utilisation :<\/strong>Recherchez des mod\u00e8les conviviaux avec des changements de lame faciles.<\/li>\n<li><strong>Qualit\u00e9 des mat\u00e9riaux :<\/strong>L'acier inoxydable est pr\u00e9f\u00e9r\u00e9 pour sa durabilit\u00e9 et son hygi\u00e8ne.<\/li>\n<\/ul>\n<p>En investissant dans un coupe-l\u00e9gumes multifonctions de qualit\u00e9, vous pouvez am\u00e9liorer consid\u00e9rablement votre exp\u00e9rience culinaire et profiter des avantages d'une pr\u00e9paration plus rapide et plus efficace des aliments.<\/p>","protected":false},"excerpt":{"rendered":"<h4><strong>Coupe-l\u00e9gumes multifonctionnel QC205A Param\u00e8tres :<\/strong><\/h4>\n<p>Diam\u00e8tre du couteau ;\u2205205 mm<\/p>\n<p id=\"tw-target-text\" class=\"tw-data-text tw-text-large tw-ta\" dir=\"ltr\" data-placeholder=\"Translation\" aria-label=\"Texte traduit\" data-ved=\"2ahUKEwi8jdCVo9GHAxWHcPUHHXifC8wQ3ewLegQICRAU\"><span class=\"Y2IQFc\" lang=\"en\">Nombre de couteaux \uff1a5<\/span><\/p>\n<p class=\"tw-data-text tw-text-large tw-ta\" dir=\"ltr\" data-placeholder=\"Translation\" aria-label=\"Texte traduit\" data-ved=\"2ahUKEwi8jdCVo9GHAxWHcPUHHXifC8wQ3ewLegQICRAU\"><span class=\"Y2IQFc\" lang=\"en\">Caract\u00e9ristiques de la t\u00eate de coupe \uff1aslice 2\/5mm,shred 3mm\uff0cc<\/span><span class=\"Y2IQFc\" lang=\"en\">couper en morceaux de 8*8mm<\/span><\/p>\n<p>Puissance :1000 W<\/p>\n<p>Tension :220V50Hz-110V60Hz<\/p>\n<p>Taille du produit :580*385*550(mm)<\/p>\n<p>Dimensions de l'emballage :675*345*540(mm)<\/p>\n<p>G.W\/N.W :33(KG)\/28(KG)<\/p>","protected":false},"featured_media":1654,"template":"","meta":[],"product_brand":[],"product_cat":[43],"product_tag":[],"class_list":{"0":"post-1690","1":"product","2":"type-product","3":"status-publish","4":"has-post-thumbnail","6":"product_cat-vegetable-cutter","8":"first","9":"instock","10":"shipping-taxable","11":"product-type-simple"},"_links":{"self":[{"href":"https:\/\/sausage-stuffer.com\/fr\/wp-json\/wp\/v2\/product\/1690","targetHints":{"allow":["GET"]}}],"collection":[{"href":"https:\/\/sausage-stuffer.com\/fr\/wp-json\/wp\/v2\/product"}],"about":[{"href":"https:\/\/sausage-stuffer.com\/fr\/wp-json\/wp\/v2\/types\/product"}],"wp:featuredmedia":[{"embeddable":true,"href":"https:\/\/sausage-stuffer.com\/fr\/wp-json\/wp\/v2\/media\/1654"}],"wp:attachment":[{"href":"https:\/\/sausage-stuffer.com\/fr\/wp-json\/wp\/v2\/media?parent=1690"}],"wp:term":[{"taxonomy":"product_brand","embeddable":true,"href":"https:\/\/sausage-stuffer.com\/fr\/wp-json\/wp\/v2\/product_brand?post=1690"},{"taxonomy":"product_cat","embeddable":true,"href":"https:\/\/sausage-stuffer.com\/fr\/wp-json\/wp\/v2\/product_cat?post=1690"},{"taxonomy":"product_tag","embeddable":true,"href":"https:\/\/sausage-stuffer.com\/fr\/wp-json\/wp\/v2\/product_tag?post=1690"}],"curies":[{"name":"wp","href":"https:\/\/api.w.org\/{rel}","templated":true}]}}