{"id":1689,"date":"2024-07-26T10:22:24","date_gmt":"2024-07-26T10:22:24","guid":{"rendered":"https:\/\/sausage-stuffer.com\/?post_type=product&#038;p=1689"},"modified":"2024-08-06T12:10:30","modified_gmt":"2024-08-06T12:10:30","slug":"electric-vegetable-cutter-qc205","status":"publish","type":"product","link":"https:\/\/sausage-stuffer.com\/fr\/manufacturer\/electric-vegetable-cutter-qc205\/","title":{"rendered":"Coupe-l\u00e9gumes \u00e9lectrique QC205"},"content":{"rendered":"<p>Coupe-l\u00e9gumes \u00e9lectrique,Cet outil qui permet de gagner du temps offre pr\u00e9cision et r\u00e9gularit\u00e9, ce qui en fait un compl\u00e9ment pr\u00e9cieux \u00e0 toute cuisine.<\/p>\n<h3><strong><b>Caract\u00e9ristiques principales<\/b><\/strong><\/h3>\n<ul>\n<li><strong>Moteur puissant :<\/strong>\u00a0Permet de couper efficacement les l\u00e9gumes les plus durs.<\/li>\n<li><strong>Lames interchangeables :<\/strong>\u00a0Offre une grande polyvalence pour diff\u00e9rents styles de coupe.<\/li>\n<li><strong>Caract\u00e9ristiques de s\u00e9curit\u00e9 :<\/strong>\u00a0Comprend des protections et des pieds antid\u00e9rapants pour un fonctionnement s\u00fbr.<\/li>\n<li><strong>Nettoyage facile :<\/strong>\u00a0La plupart des composants peuvent \u00eatre lav\u00e9s au lave-vaisselle pour faciliter l'entretien.<\/li>\n<li><strong>Capacit\u00e9 :<\/strong>\u00a0Varie selon le mod\u00e8le, des petits appareils de comptoir aux grands mod\u00e8les commerciaux.<\/li>\n<\/ul>\n<h3><strong><b>Avantages<\/b><\/strong><\/h3>\n<ul>\n<li><strong>Gain de temps :<\/strong>\u00a0Pr\u00e9parez rapidement de grandes quantit\u00e9s de l\u00e9gumes pour les salades, les saut\u00e9s, etc.<\/li>\n<li><strong>Des r\u00e9sultats coh\u00e9rents :<\/strong>\u00a0Obtenez facilement des tranches, des r\u00e2pes ou des lamelles uniformes.<\/li>\n<li><strong><b>Effort r\u00e9duit : <\/b><\/strong>Travail manuel minimal par rapport aux m\u00e9thodes manuelles.<\/li>\n<li><strong>La s\u00e9curit\u00e9 :<\/strong>\u00a0R\u00e9duire les risques d'accidents li\u00e9s aux couteaux.<\/li>\n<li><strong>Polyvalence :<\/strong>\u00a0De nombreux mod\u00e8les peuvent traiter une grande vari\u00e9t\u00e9 de fruits et de l\u00e9gumes.<\/li>\n<\/ul>\n<p>En investissant dans un coupe-l\u00e9gumes \u00e9lectrique de qualit\u00e9, vous pouvez rationaliser votre processus de pr\u00e9paration des aliments et profiter d'ingr\u00e9dients parfaitement tranch\u00e9s.<\/p>","protected":false},"excerpt":{"rendered":"<h4><strong>Coupe-l\u00e9gumes \u00e9lectrique QC205 Param\u00e8tres :<\/strong><\/h4>\n<p>Diam\u00e8tre du couteau ;\u2205205 mm<\/p>\n<p>Puissance :350 W<\/p>\n<p>Tension :220V50Hz<\/p>\n<p>Taille du produit :535*270*525(mm)<\/p>\n<p>Dimensions de l'emballage :580*385*550(mm)<\/p>\n<p>G.W\/N.W :24.5(KG)\/19(KG)<\/p>","protected":false},"featured_media":1653,"template":"","meta":[],"product_brand":[],"product_cat":[43],"product_tag":[],"class_list":{"0":"post-1689","1":"product","2":"type-product","3":"status-publish","4":"has-post-thumbnail","6":"product_cat-vegetable-cutter","8":"first","9":"instock","10":"shipping-taxable","11":"product-type-simple"},"_links":{"self":[{"href":"https:\/\/sausage-stuffer.com\/fr\/wp-json\/wp\/v2\/product\/1689","targetHints":{"allow":["GET"]}}],"collection":[{"href":"https:\/\/sausage-stuffer.com\/fr\/wp-json\/wp\/v2\/product"}],"about":[{"href":"https:\/\/sausage-stuffer.com\/fr\/wp-json\/wp\/v2\/types\/product"}],"wp:featuredmedia":[{"embeddable":true,"href":"https:\/\/sausage-stuffer.com\/fr\/wp-json\/wp\/v2\/media\/1653"}],"wp:attachment":[{"href":"https:\/\/sausage-stuffer.com\/fr\/wp-json\/wp\/v2\/media?parent=1689"}],"wp:term":[{"taxonomy":"product_brand","embeddable":true,"href":"https:\/\/sausage-stuffer.com\/fr\/wp-json\/wp\/v2\/product_brand?post=1689"},{"taxonomy":"product_cat","embeddable":true,"href":"https:\/\/sausage-stuffer.com\/fr\/wp-json\/wp\/v2\/product_cat?post=1689"},{"taxonomy":"product_tag","embeddable":true,"href":"https:\/\/sausage-stuffer.com\/fr\/wp-json\/wp\/v2\/product_tag?post=1689"}],"curies":[{"name":"wp","href":"https:\/\/api.w.org\/{rel}","templated":true}]}}