{"id":1680,"date":"2024-07-26T10:12:20","date_gmt":"2024-07-26T10:12:20","guid":{"rendered":"https:\/\/sausage-stuffer.com\/?post_type=product&#038;p=1680"},"modified":"2024-07-31T12:35:07","modified_gmt":"2024-07-31T12:35:07","slug":"slicer-machine-250b","status":"publish","type":"product","link":"https:\/\/sausage-stuffer.com\/fr\/manufacturer\/slicer-machine-250b\/","title":{"rendered":"Machine \u00e0 trancher 250B"},"content":{"rendered":"<p>Cette s\u00e9rie de trancheurs de viande est fabriqu\u00e9e en alliage d'aluminium et de magn\u00e9sium et anodis\u00e9e. Elle pr\u00e9sente trois caract\u00e9ristiques principales :<\/p>\n<p>1. prot\u00e9ger le plat \u00e0 couteau, tirer un poteau, casser une tige, contr\u00f4ler, \u00e9quiper.<\/p>\n<p>2. il faut aiguiser un couteau de protection pour l'\u00e9quiper.<\/p>\n<p>3. doivent s'embo\u00eeter pour s'\u00e9quiper.<\/p>","protected":false},"excerpt":{"rendered":"<h3><strong>Param\u00e8tres de la machine \u00e0 trancher semi-automatique 250B :<\/strong><\/h3>\n[table id=5 \/]","protected":false},"featured_media":1743,"template":"","meta":[],"product_brand":[],"product_cat":[42],"product_tag":[],"class_list":{"0":"post-1680","1":"product","2":"type-product","3":"status-publish","4":"has-post-thumbnail","6":"product_cat-meat-slicer","8":"first","9":"instock","10":"shipping-taxable","11":"product-type-simple"},"_links":{"self":[{"href":"https:\/\/sausage-stuffer.com\/fr\/wp-json\/wp\/v2\/product\/1680","targetHints":{"allow":["GET"]}}],"collection":[{"href":"https:\/\/sausage-stuffer.com\/fr\/wp-json\/wp\/v2\/product"}],"about":[{"href":"https:\/\/sausage-stuffer.com\/fr\/wp-json\/wp\/v2\/types\/product"}],"wp:featuredmedia":[{"embeddable":true,"href":"https:\/\/sausage-stuffer.com\/fr\/wp-json\/wp\/v2\/media\/1743"}],"wp:attachment":[{"href":"https:\/\/sausage-stuffer.com\/fr\/wp-json\/wp\/v2\/media?parent=1680"}],"wp:term":[{"taxonomy":"product_brand","embeddable":true,"href":"https:\/\/sausage-stuffer.com\/fr\/wp-json\/wp\/v2\/product_brand?post=1680"},{"taxonomy":"product_cat","embeddable":true,"href":"https:\/\/sausage-stuffer.com\/fr\/wp-json\/wp\/v2\/product_cat?post=1680"},{"taxonomy":"product_tag","embeddable":true,"href":"https:\/\/sausage-stuffer.com\/fr\/wp-json\/wp\/v2\/product_tag?post=1680"}],"curies":[{"name":"wp","href":"https:\/\/api.w.org\/{rel}","templated":true}]}}