{"id":1679,"date":"2024-07-26T10:10:28","date_gmt":"2024-07-26T10:10:28","guid":{"rendered":"https:\/\/sausage-stuffer.com\/?post_type=product&#038;p=1679"},"modified":"2024-07-29T15:18:57","modified_gmt":"2024-07-29T15:18:57","slug":"slicing-machine-250a","status":"publish","type":"product","link":"https:\/\/sausage-stuffer.com\/fr\/manufacturer\/slicing-machine-250a\/","title":{"rendered":"Machine \u00e0 trancher 250A"},"content":{"rendered":"<h2 class=\"\" data-sourcepos=\"1:1-1:60\">Machine \u00e0 trancher enti\u00e8rement automatique : Pr\u00e9cision et efficacit\u00e9<\/h2>\n<p data-sourcepos=\"3:1-3:88\">Con\u00e7u pour la production de gros volumes, cet \u00e9quipement de qualit\u00e9 industrielle offre une vitesse, une pr\u00e9cision et une r\u00e9gularit\u00e9 in\u00e9gal\u00e9es. Il permet de trancher sans effort une large gamme de produits, notamment la viande, le fromage, le pain et les l\u00e9gumes.<\/p>\n<p data-sourcepos=\"5:1-5:17\"><strong>Caract\u00e9ristiques principales :<\/strong><\/p>\n<ul data-sourcepos=\"7:1-8:1\">\n<li data-sourcepos=\"7:1-7:70\"><strong>Tranchage \u00e0 grande vitesse :<\/strong> Traiter rapidement de grandes quantit\u00e9s de produits.<\/li>\n<li data-sourcepos=\"8:1-8:1\"><strong>Contr\u00f4le pr\u00e9cis de l'\u00e9paisseur :<\/strong> Les r\u00e9glages permettent d'obtenir une \u00e9paisseur de tranche homog\u00e8ne.<\/li>\n<li data-sourcepos=\"9:1-9:64\"><strong>Construction durable :<\/strong> Con\u00e7u pour une utilisation commerciale intensive.<\/li>\n<li data-sourcepos=\"10:1-10:31\"><strong>Fonctions de s\u00e9curit\u00e9 avanc\u00e9es :<\/strong> Prot\u00e9ger les op\u00e9rateurs avec des protections de s\u00e9curit\u00e9 et des arr\u00eats d'urgence.<\/li>\n<li data-sourcepos=\"11:1-12:0\"><strong>Nettoyage et entretien faciles :<\/strong> Con\u00e7u pour un fonctionnement et un entretien efficaces.<\/li>\n<\/ul>","protected":false},"excerpt":{"rendered":"<h3><strong>Machine \u00e0 trancher 10\" enti\u00e8rement automatique <\/strong><strong>Param\u00e8tres<\/strong><\/h3>\n<p>Fonction \uff1aFormellement automatique<\/p>\n<p>Coupe de l'itin\u00e9raire : 155 mm<\/p>\n<p>R\u00e9glage de l'\u00e9paisseur : 0~17 mm<\/p>\n<p>Diam\u00e8tre de la lame :\u2205250 mm<\/p>\n<p>Puissance du moteur de la balde : 240 W<\/p>\n<p>Puissance du moteur de d\u00e9coupe : 300 W<\/p>\n<p>Tension : 220V 50Hz<\/p>\n<p>Vitesse de tranchage :45Pcs\/min<\/p>\n<p>Taille du produit :535*475*690(mm)<\/p>\n<p>Taille de l'emballage :610*540*790(mm)<\/p>\n<p>G.W\/N.W :73.5\/53(KG)<\/p>","protected":false},"featured_media":1635,"template":"","meta":[],"product_brand":[],"product_cat":[42],"product_tag":[],"class_list":{"0":"post-1679","1":"product","2":"type-product","3":"status-publish","4":"has-post-thumbnail","6":"product_cat-meat-slicer","8":"first","9":"instock","10":"shipping-taxable","11":"product-type-simple"},"_links":{"self":[{"href":"https:\/\/sausage-stuffer.com\/fr\/wp-json\/wp\/v2\/product\/1679","targetHints":{"allow":["GET"]}}],"collection":[{"href":"https:\/\/sausage-stuffer.com\/fr\/wp-json\/wp\/v2\/product"}],"about":[{"href":"https:\/\/sausage-stuffer.com\/fr\/wp-json\/wp\/v2\/types\/product"}],"wp:featuredmedia":[{"embeddable":true,"href":"https:\/\/sausage-stuffer.com\/fr\/wp-json\/wp\/v2\/media\/1635"}],"wp:attachment":[{"href":"https:\/\/sausage-stuffer.com\/fr\/wp-json\/wp\/v2\/media?parent=1679"}],"wp:term":[{"taxonomy":"product_brand","embeddable":true,"href":"https:\/\/sausage-stuffer.com\/fr\/wp-json\/wp\/v2\/product_brand?post=1679"},{"taxonomy":"product_cat","embeddable":true,"href":"https:\/\/sausage-stuffer.com\/fr\/wp-json\/wp\/v2\/product_cat?post=1679"},{"taxonomy":"product_tag","embeddable":true,"href":"https:\/\/sausage-stuffer.com\/fr\/wp-json\/wp\/v2\/product_tag?post=1679"}],"curies":[{"name":"wp","href":"https:\/\/api.w.org\/{rel}","templated":true}]}}