{"id":1609,"date":"2024-07-23T14:34:08","date_gmt":"2024-07-23T14:34:08","guid":{"rendered":"https:\/\/sausage-stuffer.com\/?post_type=product&#038;p=1609"},"modified":"2024-08-15T06:09:40","modified_gmt":"2024-08-15T06:09:40","slug":"sausage-maker-stuffer-sh5","status":"publish","type":"product","link":"https:\/\/sausage-stuffer.com\/fr\/manufacturer\/sausage-maker-stuffer-sh5\/","title":{"rendered":"Saucisseuse Remplisseuse SH-5"},"content":{"rendered":"<h2><strong>Avantages de la machine \u00e0 saucisses et \u00e0 saucissons<\/strong><\/h2>\n<ol>\n<li><strong>Contr\u00f4le<\/strong>: Permet un contr\u00f4le pr\u00e9cis du processus de remplissage, ce qui peut se traduire par un produit fini de meilleure qualit\u00e9.<\/li>\n<li><strong>Durabilit\u00e9<\/strong>: G\u00e9n\u00e9ralement plus robustes et durables que les mod\u00e8les verticaux.<\/li>\n<li><strong>Facilit\u00e9 d'utilisation<\/strong>: Souvent plus facile \u00e0 utiliser pour les d\u00e9butants en raison de la conception horizontale qui permet un meilleur effet de levier.<\/li>\n<\/ol>\n<p>&nbsp;<\/p>\n<h2><strong>Inconv\u00e9nients de la machine \u00e0 saucisses et de la remplisseuse<\/strong><\/h2>\n<ol>\n<li><strong>Taille<\/strong>: Peut prendre plus d'espace sur le comptoir que les empileurs verticaux.<\/li>\n<li><strong>Poids<\/strong>: Peut \u00eatre lourd et encombrant \u00e0 d\u00e9placer ou \u00e0 stocker.<\/li>\n<\/ol>\n<p>&nbsp;<\/p>\n<h2><strong>Utilisations courantes<\/strong><\/h2>\n<ul>\n<li>Fabrication de diff\u00e9rents types de saucisses, telles que la saucisse \u00e0 griller, le chorizo, la saucisse italienne et la saucisse pour le petit-d\u00e9jeuner.<\/li>\n<li>Il convient \u00e0 la fois \u00e0 l'usage domestique et \u00e0 l'usage commercial \u00e0 petite \u00e9chelle.<\/li>\n<\/ul>\n<p>&nbsp;<\/p>\n<h2><strong>Entretien de la machine \u00e0 saucisses<\/strong><\/h2>\n<ol>\n<li><strong>Nettoyage<\/strong>: D\u00e9montez et nettoyez soigneusement apr\u00e8s chaque utilisation pour \u00e9viter l'accumulation de r\u00e9sidus de viande et garantir la s\u00e9curit\u00e9 alimentaire.<\/li>\n<li><strong>Lubrification<\/strong>: Lubrifier de temps en temps les pi\u00e8ces mobiles pour assurer un bon fonctionnement.<\/li>\n<\/ol>","protected":false},"excerpt":{"rendered":"<h4><strong><span class=\"Y2IQFc\" lang=\"en\">Param\u00e8tres de base<\/span><\/strong><\/h4>\n<p>Type\uff1ahorizontal m<span class=\"Y2IQFc\" lang=\"en\">s annuels<\/span>fourre-tout d'ausage<\/p>\n<p>Diam\u00e8tre du cylindre xl(mm)\uff1a\uffe0140*320<\/p>\n<p>Taille\uff1a288*360*690\uff08mm\uff09<\/p>\n<p>Poids net \uff1a10 KG<\/p>\n<p id=\"tw-target-text\" class=\"tw-data-text tw-text-large tw-ta\" dir=\"ltr\" data-placeholder=\"Translation\" aria-label=\"Texte traduit\" data-ved=\"2ahUKEwikr8X52saHAxV4mq8BHbZ8AHMQ3ewLegQIEhAU\"><span class=\"Y2IQFc\" lang=\"en\">Volume \uff1a5L<\/span><\/p>","protected":false},"featured_media":1795,"template":"","meta":[],"product_brand":[],"product_cat":[48],"product_tag":[],"class_list":{"0":"post-1609","1":"product","2":"type-product","3":"status-publish","4":"has-post-thumbnail","6":"product_cat-horizontal-manual-sausage-stuffer","8":"first","9":"instock","10":"shipping-taxable","11":"product-type-simple"},"_links":{"self":[{"href":"https:\/\/sausage-stuffer.com\/fr\/wp-json\/wp\/v2\/product\/1609","targetHints":{"allow":["GET"]}}],"collection":[{"href":"https:\/\/sausage-stuffer.com\/fr\/wp-json\/wp\/v2\/product"}],"about":[{"href":"https:\/\/sausage-stuffer.com\/fr\/wp-json\/wp\/v2\/types\/product"}],"wp:featuredmedia":[{"embeddable":true,"href":"https:\/\/sausage-stuffer.com\/fr\/wp-json\/wp\/v2\/media\/1795"}],"wp:attachment":[{"href":"https:\/\/sausage-stuffer.com\/fr\/wp-json\/wp\/v2\/media?parent=1609"}],"wp:term":[{"taxonomy":"product_brand","embeddable":true,"href":"https:\/\/sausage-stuffer.com\/fr\/wp-json\/wp\/v2\/product_brand?post=1609"},{"taxonomy":"product_cat","embeddable":true,"href":"https:\/\/sausage-stuffer.com\/fr\/wp-json\/wp\/v2\/product_cat?post=1609"},{"taxonomy":"product_tag","embeddable":true,"href":"https:\/\/sausage-stuffer.com\/fr\/wp-json\/wp\/v2\/product_tag?post=1609"}],"curies":[{"name":"wp","href":"https:\/\/api.w.org\/{rel}","templated":true}]}}