{"id":1608,"date":"2024-07-23T14:33:33","date_gmt":"2024-07-23T14:33:33","guid":{"rendered":"https:\/\/sausage-stuffer.com\/?post_type=product&#038;p=1608"},"modified":"2024-08-15T06:06:06","modified_gmt":"2024-08-15T06:06:06","slug":"homemade-sausage-stuffer-sh7","status":"publish","type":"product","link":"https:\/\/sausage-stuffer.com\/fr\/manufacturer\/homemade-sausage-stuffer-sh7\/","title":{"rendered":"Farceuse \u00e0 saucisses maison SH-7"},"content":{"rendered":"<h3><span style=\"color: #000000;\"><strong>Avantages de la farce \u00e0 la saucisse faite maison<\/strong><\/span><\/h3>\n<p><span style=\"color: #000000;\"><strong>1. contr\u00f4le de pr\u00e9cision<\/strong>:<\/span><\/p>\n<ul>\n<li><span style=\"color: #000000;\">Permet un remplissage homog\u00e8ne, r\u00e9duisant le risque de poches d'air et assurant une r\u00e9partition uniforme du m\u00e9lange de saucisses.<\/span><\/li>\n<\/ul>\n<p><span style=\"color: #000000;\"><strong>2. durabilit\u00e9<\/strong>:<\/span><\/p>\n<ul>\n<li><span style=\"color: #000000;\">Des mat\u00e9riaux de haute qualit\u00e9, comme l'acier inoxydable, garantissent des performances durables et une r\u00e9sistance \u00e0 la rouille et \u00e0 la corrosion.<\/span><\/li>\n<\/ul>\n<p><span style=\"color: #000000;\"><strong>3. polyvalence<\/strong>:<\/span><\/p>\n<ul>\n<li><span style=\"color: #000000;\">Convient \u00e0 un large \u00e9ventail de types de saucisses, y compris les saucisses \u00e0 griller, le chorizo, les saucisses italiennes, etc.<\/span><\/li>\n<li><span style=\"color: #000000;\">Peut \u00eatre utilis\u00e9 pour des recettes de saucisses \u00e0 base de viande ou v\u00e9g\u00e9tariennes.<\/span><\/li>\n<\/ul>\n<p><span style=\"color: #000000;\"><strong>4. facilit\u00e9 d'utilisation<\/strong>:<\/span><\/p>\n<ul>\n<li><span style=\"color: #000000;\">G\u00e9n\u00e9ralement simple \u00e0 assembler, \u00e0 utiliser et \u00e0 nettoyer, il est accessible aussi bien aux d\u00e9butants qu'aux charcutiers exp\u00e9riment\u00e9s.<\/span><\/li>\n<\/ul>\n<p>&nbsp;<\/p>\n<h3><span style=\"color: #000000;\"><strong>Entretien de la farce de saucisse maison<\/strong><\/span><\/h3>\n<p><span style=\"color: #000000;\"><strong>1. nettoyage r\u00e9gulier<\/strong>:<\/span><\/p>\n<ul>\n<li><span style=\"color: #000000;\">D\u00e9montez l'appareil apr\u00e8s chaque utilisation et nettoyez toutes les pi\u00e8ces \u00e0 l'eau chaude savonneuse.<\/span><\/li>\n<li><span style=\"color: #000000;\">Veillez \u00e0 ce que tous les r\u00e9sidus de viande soient \u00e9limin\u00e9s afin d'\u00e9viter la prolif\u00e9ration des bact\u00e9ries.<\/span><\/li>\n<\/ul>\n<p><span style=\"color: #000000;\"><strong>2. lubrification<\/strong>:<\/span><\/p>\n<ul>\n<li><span style=\"color: #000000;\">Lubrifiez occasionnellement les pi\u00e8ces mobiles, telles que la manivelle et le piston, \u00e0 l'aide d'un lubrifiant alimentaire afin d'assurer un fonctionnement sans heurts.<\/span><\/li>\n<\/ul>\n<p><span style=\"color: #000000;\"><strong>3.Inspection<\/strong>:<\/span><\/p>\n<ul>\n<li><span style=\"color: #000000;\">Inspectez r\u00e9guli\u00e8rement la machine pour d\u00e9tecter tout signe d'usure ou de d\u00e9t\u00e9rioration. Remplacez les pi\u00e8ces us\u00e9es si n\u00e9cessaire pour maintenir les performances de l'appareil.<\/span><\/li>\n<\/ul>","protected":false},"excerpt":{"rendered":"<h4><strong><span class=\"Y2IQFc\" lang=\"en\">Param\u00e8tres de base<\/span><\/strong><\/h4>\n<p>Type\uff1ahorizontal m<span class=\"Y2IQFc\" lang=\"en\">s annuels<\/span>fourre-tout d'ausage<\/p>\n<p>Diam\u00e8tre du cylindre xl(mm)\uff1a\uffe0140*460<\/p>\n<p>Taille\uff1a350*360*830\uff08mm\uff09<\/p>\n<p>Poids net \uff1a11 KG<\/p>\n<p id=\"tw-target-text\" class=\"tw-data-text tw-text-large tw-ta\" dir=\"ltr\" data-placeholder=\"Translation\" aria-label=\"Texte traduit\" data-ved=\"2ahUKEwikr8X52saHAxV4mq8BHbZ8AHMQ3ewLegQIEhAU\"><span class=\"Y2IQFc\" lang=\"en\">Volume \uff1a7L<\/span><\/p>","protected":false},"featured_media":1796,"template":"","meta":[],"product_brand":[],"product_cat":[48],"product_tag":[],"class_list":{"0":"post-1608","1":"product","2":"type-product","3":"status-publish","4":"has-post-thumbnail","6":"product_cat-horizontal-manual-sausage-stuffer","8":"first","9":"instock","10":"shipping-taxable","11":"product-type-simple"},"_links":{"self":[{"href":"https:\/\/sausage-stuffer.com\/fr\/wp-json\/wp\/v2\/product\/1608","targetHints":{"allow":["GET"]}}],"collection":[{"href":"https:\/\/sausage-stuffer.com\/fr\/wp-json\/wp\/v2\/product"}],"about":[{"href":"https:\/\/sausage-stuffer.com\/fr\/wp-json\/wp\/v2\/types\/product"}],"wp:featuredmedia":[{"embeddable":true,"href":"https:\/\/sausage-stuffer.com\/fr\/wp-json\/wp\/v2\/media\/1796"}],"wp:attachment":[{"href":"https:\/\/sausage-stuffer.com\/fr\/wp-json\/wp\/v2\/media?parent=1608"}],"wp:term":[{"taxonomy":"product_brand","embeddable":true,"href":"https:\/\/sausage-stuffer.com\/fr\/wp-json\/wp\/v2\/product_brand?post=1608"},{"taxonomy":"product_cat","embeddable":true,"href":"https:\/\/sausage-stuffer.com\/fr\/wp-json\/wp\/v2\/product_cat?post=1608"},{"taxonomy":"product_tag","embeddable":true,"href":"https:\/\/sausage-stuffer.com\/fr\/wp-json\/wp\/v2\/product_tag?post=1608"}],"curies":[{"name":"wp","href":"https:\/\/api.w.org\/{rel}","templated":true}]}}