{"id":1607,"date":"2024-07-23T14:32:43","date_gmt":"2024-07-23T14:32:43","guid":{"rendered":"https:\/\/sausage-stuffer.com\/?post_type=product&#038;p=1607"},"modified":"2024-08-15T06:11:04","modified_gmt":"2024-08-15T06:11:04","slug":"sausage-stuffer-maker-sh3","status":"publish","type":"product","link":"https:\/\/sausage-stuffer.com\/fr\/manufacturer\/sausage-stuffer-maker-sh3\/","title":{"rendered":"Machine \u00e0 farcir les saucisses SH-3"},"content":{"rendered":"<h2><strong>Conception et fonctionnalit\u00e9 de la machine \u00e0 farcir les saucisses<\/strong><\/h2>\n<p>1. conception horizontale : Ce type de machine \u00e0 embosser est dot\u00e9 d'un cylindre horizontal, ce qui permet de remplir les boyaux de saucisses de mani\u00e8re plus homog\u00e8ne et plus r\u00e9guli\u00e8re. La conception horizontale est souvent plus stable que les emboutisseuses verticales.<\/p>\n<p>2. fonctionnement manuel : Ces farceurs sont actionn\u00e9s par une manivelle, ce qui permet \u00e0 l'utilisateur de contr\u00f4ler la vitesse et la pression du processus de remplissage des saucisses. Ce contr\u00f4le manuel permet d'obtenir une meilleure consistance et de r\u00e9duire les poches d'air dans les saucisses.<\/p>\n<p>3) Capacit\u00e9 : Les saucisseuses manuelles horizontales ont des capacit\u00e9s vari\u00e9es, allant g\u00e9n\u00e9ralement de 5 \u00e0 20 livres ou plus, ce qui permet de traiter des lots de tailles diff\u00e9rentes en fonction des besoins de l'utilisateur.<\/p>\n<p>4. le mat\u00e9riau : Les emporte-pi\u00e8ces horizontaux de haute qualit\u00e9 sont g\u00e9n\u00e9ralement fabriqu\u00e9s en acier inoxydable ou dans d'autres mat\u00e9riaux durables, faciles \u00e0 nettoyer et r\u00e9sistants \u00e0 la rouille et \u00e0 la corrosion.<\/p>\n<p>5.Composants :<\/p>\n<ul>\n<li><strong>Cylindre<\/strong>: L'endroit o\u00f9 le m\u00e9lange de saucisses est plac\u00e9.<\/li>\n<li><strong>Piston<\/strong>: D\u00e9place le m\u00e9lange dans le cylindre.<\/li>\n<li><strong>Manivelle<\/strong>: Actionne manuellement le piston.<\/li>\n<li><strong>Buses\/entonnoirs<\/strong>: Diff\u00e9rentes tailles pour diff\u00e9rents types de saucisses.<\/li>\n<\/ul>","protected":false},"excerpt":{"rendered":"<h2><strong><span class=\"Y2IQFc\" lang=\"en\">Param\u00e8tres de base de la machine \u00e0 farcir les saucisses<\/span><\/strong><\/h2>\n<p>Type\uff1ahorizontal m<span class=\"Y2IQFc\" lang=\"en\">s annuels<\/span>fourre-tout d'ausage<\/p>\n<p>Diam\u00e8tre du cylindre xl(mm)\uff1a\uffe0140*200<\/p>\n<p>Taille\uff1a288*360*570\uff08mm\uff09<\/p>\n<p>Poids net \uff1a9 KG<\/p>\n<p id=\"tw-target-text\" class=\"tw-data-text tw-text-large tw-ta\" dir=\"ltr\" data-placeholder=\"Translation\" aria-label=\"Texte traduit\" data-ved=\"2ahUKEwikr8X52saHAxV4mq8BHbZ8AHMQ3ewLegQIEhAU\"><span class=\"Y2IQFc\" lang=\"en\">Volume \uff1a3 L<\/span><\/p>","protected":false},"featured_media":1794,"template":"","meta":[],"product_brand":[],"product_cat":[48],"product_tag":[],"class_list":{"0":"post-1607","1":"product","2":"type-product","3":"status-publish","4":"has-post-thumbnail","6":"product_cat-horizontal-manual-sausage-stuffer","8":"first","9":"instock","10":"shipping-taxable","11":"product-type-simple"},"_links":{"self":[{"href":"https:\/\/sausage-stuffer.com\/fr\/wp-json\/wp\/v2\/product\/1607","targetHints":{"allow":["GET"]}}],"collection":[{"href":"https:\/\/sausage-stuffer.com\/fr\/wp-json\/wp\/v2\/product"}],"about":[{"href":"https:\/\/sausage-stuffer.com\/fr\/wp-json\/wp\/v2\/types\/product"}],"wp:featuredmedia":[{"embeddable":true,"href":"https:\/\/sausage-stuffer.com\/fr\/wp-json\/wp\/v2\/media\/1794"}],"wp:attachment":[{"href":"https:\/\/sausage-stuffer.com\/fr\/wp-json\/wp\/v2\/media?parent=1607"}],"wp:term":[{"taxonomy":"product_brand","embeddable":true,"href":"https:\/\/sausage-stuffer.com\/fr\/wp-json\/wp\/v2\/product_brand?post=1607"},{"taxonomy":"product_cat","embeddable":true,"href":"https:\/\/sausage-stuffer.com\/fr\/wp-json\/wp\/v2\/product_cat?post=1607"},{"taxonomy":"product_tag","embeddable":true,"href":"https:\/\/sausage-stuffer.com\/fr\/wp-json\/wp\/v2\/product_tag?post=1607"}],"curies":[{"name":"wp","href":"https:\/\/api.w.org\/{rel}","templated":true}]}}