{"id":1605,"date":"2024-07-23T14:24:10","date_gmt":"2024-07-23T14:24:10","guid":{"rendered":"https:\/\/sausage-stuffer.com\/?post_type=product&#038;p=1605"},"modified":"2024-08-15T03:56:37","modified_gmt":"2024-08-15T03:56:37","slug":"sausage-stuffer-commercial-sv12","status":"publish","type":"product","link":"https:\/\/sausage-stuffer.com\/fr\/manufacturer\/sausage-stuffer-commercial-sv12\/","title":{"rendered":"Remplisseur de saucisses commercial SV12"},"content":{"rendered":"<h2><strong>Remplisseuse de saucisses commerciale 12L :<\/strong><\/h2>\n<ul>\n<li>Construction en acier inoxydable.<\/li>\n<li>Conception \u00e0 deux vitesses pour une lib\u00e9ration rapide et un remplissage lent.<\/li>\n<li>Livr\u00e9 avec quatre buses en acier inoxydable.<\/li>\n<\/ul>\n<p>&nbsp;<\/p>\n<h2><strong>Remplisseuse de saucisses Avantages commerciaux :<\/strong><\/h2>\n<ul>\n<li><strong>Contr\u00f4le<\/strong>: L'op\u00e9ration manuelle permet un contr\u00f4le pr\u00e9cis du processus de remplissage.<\/li>\n<li><strong>Abordabilit\u00e9<\/strong>: G\u00e9n\u00e9ralement plus abordable que les mod\u00e8les \u00e9lectriques.<\/li>\n<li><strong>Conception compacte<\/strong>: Prend moins de place sur le comptoir par rapport aux bourreurs horizontaux.<\/li>\n<li><strong>Fiabilit\u00e9<\/strong>: Moins de pi\u00e8ces m\u00e9caniques, moins de risques de pannes<\/li>\n<\/ul>","protected":false},"excerpt":{"rendered":"<h4><strong><span class=\"Y2IQFc\" lang=\"en\">Param\u00e8tres de base<\/span><\/strong><\/h4>\n<p>Type\uff1avertical m<span class=\"Y2IQFc\" lang=\"en\">s annuels<\/span>fourre-tout d'ausage<\/p>\n<p>Diam\u00e8tre du cylindre xl(mm):\uffe0219*320<\/p>\n<p>Taille\uff1a370*330*630\uff08mm\uff09<\/p>\n<p>Poids net \uff1a13 KG<\/p>\n<p id=\"tw-target-text\" class=\"tw-data-text tw-text-large tw-ta\" dir=\"ltr\" data-placeholder=\"Translation\" aria-label=\"Texte traduit\" data-ved=\"2ahUKEwikr8X52saHAxV4mq8BHbZ8AHMQ3ewLegQIEhAU\"><span class=\"Y2IQFc\" lang=\"en\">Volume \uff1a12 L<\/span><\/p>","protected":false},"featured_media":1557,"template":"","meta":[],"product_brand":[],"product_cat":[47],"product_tag":[],"class_list":{"0":"post-1605","1":"product","2":"type-product","3":"status-publish","4":"has-post-thumbnail","6":"product_cat-vertical-manual-sausage-stuffer","8":"first","9":"instock","10":"shipping-taxable","11":"product-type-simple"},"_links":{"self":[{"href":"https:\/\/sausage-stuffer.com\/fr\/wp-json\/wp\/v2\/product\/1605","targetHints":{"allow":["GET"]}}],"collection":[{"href":"https:\/\/sausage-stuffer.com\/fr\/wp-json\/wp\/v2\/product"}],"about":[{"href":"https:\/\/sausage-stuffer.com\/fr\/wp-json\/wp\/v2\/types\/product"}],"wp:featuredmedia":[{"embeddable":true,"href":"https:\/\/sausage-stuffer.com\/fr\/wp-json\/wp\/v2\/media\/1557"}],"wp:attachment":[{"href":"https:\/\/sausage-stuffer.com\/fr\/wp-json\/wp\/v2\/media?parent=1605"}],"wp:term":[{"taxonomy":"product_brand","embeddable":true,"href":"https:\/\/sausage-stuffer.com\/fr\/wp-json\/wp\/v2\/product_brand?post=1605"},{"taxonomy":"product_cat","embeddable":true,"href":"https:\/\/sausage-stuffer.com\/fr\/wp-json\/wp\/v2\/product_cat?post=1605"},{"taxonomy":"product_tag","embeddable":true,"href":"https:\/\/sausage-stuffer.com\/fr\/wp-json\/wp\/v2\/product_tag?post=1605"}],"curies":[{"name":"wp","href":"https:\/\/api.w.org\/{rel}","templated":true}]}}