{"id":1603,"date":"2024-07-23T14:22:30","date_gmt":"2024-07-23T14:22:30","guid":{"rendered":"https:\/\/sausage-stuffer.com\/?post_type=product&#038;p=1603"},"modified":"2024-08-15T05:46:10","modified_gmt":"2024-08-15T05:46:10","slug":"sausage-stuffer-and-meat-grinder","status":"publish","type":"product","link":"https:\/\/sausage-stuffer.com\/fr\/manufacturer\/sausage-stuffer-and-meat-grinder\/","title":{"rendered":"Remplisseur de saucisses et hachoir \u00e0 viande SV7"},"content":{"rendered":"<h2><strong>Remplisseur de saucisses et hachoir \u00e0 viande<\/strong><strong>:<\/strong><\/h2>\n<ul>\n<li>Construction en acier inoxydable.<\/li>\n<li>Conception \u00e0 deux vitesses pour une lib\u00e9ration rapide et un remplissage lent.<\/li>\n<li>Livr\u00e9 avec quatre buses en acier inoxydable.<\/li>\n<\/ul>\n<p>&nbsp;<\/p>\n<h2><span style=\"font-size: 100%;\"><strong><strong>Caract\u00e9ristiques principales de la machine \u00e0 farcir les saucisses et du hachoir \u00e0 viande<\/strong><\/strong>:<\/span><\/h2>\n<div class=\"flex-shrink-0 flex flex-col relative items-end\">\n<div class=\"pt-0\">\n<ol>\n<li><strong>Cylindre vertical<\/strong>: La conception verticale permet \u00e0 la gravit\u00e9 de contribuer au processus de farce, ce qui facilite la manipulation du m\u00e9lange de viande.<\/li>\n<li><strong>Manivelle manuelle<\/strong>: Actionn\u00e9 par une manivelle, il permet \u00e0 l'utilisateur de contr\u00f4ler la vitesse de remplissage.<\/li>\n<li><strong>Construction en acier inoxydable<\/strong>: Durable et facile \u00e0 nettoyer, il emp\u00eache la rouille et pr\u00e9serve l'hygi\u00e8ne.<\/li>\n<li><strong>Buses multiples<\/strong>: Livr\u00e9 avec des tubes de farce de diff\u00e9rentes tailles pour r\u00e9aliser divers types de saucisses.<\/li>\n<li><strong>Capacit\u00e9<\/strong>: Disponibles en diff\u00e9rentes capacit\u00e9s, allant g\u00e9n\u00e9ralement de 5 \u00e0 15 livres, adapt\u00e9es \u00e0 diff\u00e9rentes tailles de lots.<\/li>\n<li><strong>Pi\u00e8ces amovibles<\/strong>: D\u00e9montage facile pour un nettoyage en profondeur<\/li>\n<\/ol>\n<\/div>\n<\/div>","protected":false},"excerpt":{"rendered":"<h4><strong><span class=\"Y2IQFc\" lang=\"en\">Param\u00e8tres de base<\/span><\/strong><\/h4>\n<p>Type\uff1avertical m<span class=\"Y2IQFc\" lang=\"en\">s annuels<\/span>fourre-tout d'ausage<\/p>\n<p>Diam\u00e8tre du cylindre xl(mm):\uffe0140*460<\/p>\n<p>Taille\uff1a300*340*830\uff08mm\uff09<\/p>\n<p>Poids net \uff1a11.5 KG<\/p>\n<p id=\"tw-target-text\" class=\"tw-data-text tw-text-large tw-ta\" dir=\"ltr\" data-placeholder=\"Translation\" aria-label=\"Texte traduit\" data-ved=\"2ahUKEwikr8X52saHAxV4mq8BHbZ8AHMQ3ewLegQIEhAU\"><span class=\"Y2IQFc\" lang=\"en\">Volume \uff1a7L<\/span><\/p>","protected":false},"featured_media":1555,"template":"","meta":[],"product_brand":[],"product_cat":[47],"product_tag":[],"class_list":{"0":"post-1603","1":"product","2":"type-product","3":"status-publish","4":"has-post-thumbnail","6":"product_cat-vertical-manual-sausage-stuffer","8":"first","9":"instock","10":"shipping-taxable","11":"product-type-simple"},"_links":{"self":[{"href":"https:\/\/sausage-stuffer.com\/fr\/wp-json\/wp\/v2\/product\/1603","targetHints":{"allow":["GET"]}}],"collection":[{"href":"https:\/\/sausage-stuffer.com\/fr\/wp-json\/wp\/v2\/product"}],"about":[{"href":"https:\/\/sausage-stuffer.com\/fr\/wp-json\/wp\/v2\/types\/product"}],"wp:featuredmedia":[{"embeddable":true,"href":"https:\/\/sausage-stuffer.com\/fr\/wp-json\/wp\/v2\/media\/1555"}],"wp:attachment":[{"href":"https:\/\/sausage-stuffer.com\/fr\/wp-json\/wp\/v2\/media?parent=1603"}],"wp:term":[{"taxonomy":"product_brand","embeddable":true,"href":"https:\/\/sausage-stuffer.com\/fr\/wp-json\/wp\/v2\/product_brand?post=1603"},{"taxonomy":"product_cat","embeddable":true,"href":"https:\/\/sausage-stuffer.com\/fr\/wp-json\/wp\/v2\/product_cat?post=1603"},{"taxonomy":"product_tag","embeddable":true,"href":"https:\/\/sausage-stuffer.com\/fr\/wp-json\/wp\/v2\/product_tag?post=1603"}],"curies":[{"name":"wp","href":"https:\/\/api.w.org\/{rel}","templated":true}]}}