{"id":1561,"date":"2024-07-23T12:57:55","date_gmt":"2024-07-23T12:57:55","guid":{"rendered":"https:\/\/sausage-stuffer.com\/?post_type=product&#038;p=1561"},"modified":"2024-08-15T04:02:58","modified_gmt":"2024-08-15T04:02:58","slug":"hand-crank-sausage-stuffer-sv3","status":"publish","type":"product","link":"https:\/\/sausage-stuffer.com\/fr\/manufacturer\/hand-crank-sausage-stuffer-sv3\/","title":{"rendered":"Remplisseur de saucisses \u00e0 manivelle SV3"},"content":{"rendered":"<h2><strong>Remplisseur de saucisses \u00e0 manivelle SV3 :<\/strong><\/h2>\n<ul>\n<li>Construction en acier inoxydable.<\/li>\n<li>Conception \u00e0 deux vitesses pour une lib\u00e9ration rapide et un remplissage lent.<\/li>\n<li>Livr\u00e9 avec quatre buses en acier inoxydable.<\/li>\n<\/ul>\n<p>&nbsp;<\/p>\n<h2><strong>Conseils d'utilisation de la machine \u00e0 farcir les saucisses \u00e0 manivelle :<\/strong><\/h2>\n<ol>\n<li><strong>Refroidir la viande<\/strong>: Gardez le m\u00e9lange de viande froid pour qu'il se farcisse facilement et conserve une bonne texture.<\/li>\n<li><strong>Tremper les boyaux<\/strong>: Faire tremper les boyaux naturels dans de l'eau chaude avant de les utiliser pour les rendre plus souples et plus faciles \u00e0 manipuler.<\/li>\n<li><strong>Pression constante<\/strong>: Tourner la manivelle \u00e0 un rythme r\u00e9gulier et constant pour \u00e9viter les poches d'air dans les saucisses.<\/li>\n<li><strong>Lubrifier la buse<\/strong>: Un peu d'eau ou d'huile alimentaire peut aider les boyaux \u00e0 glisser plus facilement sur la buse.<\/li>\n<li><strong>Nettoyer \u00e0 fond<\/strong>: D\u00e9montez et nettoyez toutes les pi\u00e8ces apr\u00e8s chaque utilisation pour maintenir l'hygi\u00e8ne et prolonger la dur\u00e9e de vie de la machine.<\/li>\n<\/ol>","protected":false},"excerpt":{"rendered":"<h4><strong>Param\u00e8tres de base<\/strong><\/h4>\n<p>Type\uff1ade saucisse manuelle verticale<\/p>\n<p>Diam\u00e8tre du cylindre xl(mm):\uffe0140*200<\/p>\n<p>Taille\uff1a300*340*570\uff08mm\uff09<\/p>\n<p>Poids net \uff1a9 Kg<\/p>\n<p>Volume \uff1a3 L<\/p>","protected":false},"featured_media":1553,"template":"","meta":[],"product_brand":[],"product_cat":[47],"product_tag":[],"class_list":{"0":"post-1561","1":"product","2":"type-product","3":"status-publish","4":"has-post-thumbnail","6":"product_cat-vertical-manual-sausage-stuffer","8":"first","9":"instock","10":"shipping-taxable","11":"product-type-simple"},"_links":{"self":[{"href":"https:\/\/sausage-stuffer.com\/fr\/wp-json\/wp\/v2\/product\/1561","targetHints":{"allow":["GET"]}}],"collection":[{"href":"https:\/\/sausage-stuffer.com\/fr\/wp-json\/wp\/v2\/product"}],"about":[{"href":"https:\/\/sausage-stuffer.com\/fr\/wp-json\/wp\/v2\/types\/product"}],"wp:featuredmedia":[{"embeddable":true,"href":"https:\/\/sausage-stuffer.com\/fr\/wp-json\/wp\/v2\/media\/1553"}],"wp:attachment":[{"href":"https:\/\/sausage-stuffer.com\/fr\/wp-json\/wp\/v2\/media?parent=1561"}],"wp:term":[{"taxonomy":"product_brand","embeddable":true,"href":"https:\/\/sausage-stuffer.com\/fr\/wp-json\/wp\/v2\/product_brand?post=1561"},{"taxonomy":"product_cat","embeddable":true,"href":"https:\/\/sausage-stuffer.com\/fr\/wp-json\/wp\/v2\/product_cat?post=1561"},{"taxonomy":"product_tag","embeddable":true,"href":"https:\/\/sausage-stuffer.com\/fr\/wp-json\/wp\/v2\/product_tag?post=1561"}],"curies":[{"name":"wp","href":"https:\/\/api.w.org\/{rel}","templated":true}]}}