{"id":1717,"date":"2024-07-28T14:39:28","date_gmt":"2024-07-28T14:39:28","guid":{"rendered":"https:\/\/sausage-stuffer.com\/?post_type=product&#038;p=1717"},"modified":"2024-08-03T07:20:46","modified_gmt":"2024-08-03T07:20:46","slug":"commercial-bone-cutting-machine-jg210b","status":"publish","type":"product","link":"https:\/\/sausage-stuffer.com\/fi\/manufacturer\/commercial-bone-cutting-machine-jg210b\/","title":{"rendered":"Kaupallinen luunleikkauskone JG210B"},"content":{"rendered":"<p>Kaupallinen luunleikkuri on erikoislaite, joka on suunniteltu raskaisiin lihanjalostusteht\u00e4viin, erityisesti luiden, pakastetun lihan ja muiden kovien materiaalien leikkaamiseen kaupallisissa keitti\u00f6iss\u00e4, lihakaupoissa ja lihanjalostuslaitoksissa. Seuraavassa on joitakin t\u00e4llaisten koneiden keskeisi\u00e4 ominaisuuksia ja n\u00e4k\u00f6kohtia:<\/p>\n<h3><strong>Ominaisuudet<\/strong><\/h3>\n<h4><strong>1.Powerful moottori :<\/strong><\/h4>\n<ul>\n<li>\n<h4><span style=\"color: #333333; font-size: 14.4px;\">Suuritehoiset moottorit takaavat tasaisen ja tehokkaan leikkauksen kovien materiaalien l\u00e4pi.<\/span><\/h4>\n<\/li>\n<\/ul>\n<h4><strong>2:<\/strong><\/h4>\n<ul>\n<li>Rakennettu kest\u00e4vist\u00e4 materiaaleista, kuten ruostumattomasta ter\u00e4ksest\u00e4, jotta se kest\u00e4\u00e4 kovaa k\u00e4ytt\u00f6\u00e4 ja takaa pitk\u00e4ik\u00e4isyyden.<\/li>\n<li>Korroosionkest\u00e4v\u00e4t ominaisuudet ovat t\u00e4rkeit\u00e4 hygienian ja kest\u00e4vyyden kannalta.<\/li>\n<\/ul>\n<h4><strong>3:<\/strong><\/h4>\n<ul>\n<li>Varustettu turvasuojilla, h\u00e4t\u00e4pys\u00e4ytyspainikkeilla ja liukumattomilla alustoilla k\u00e4ytt\u00e4j\u00e4n turvallisuuden varmistamiseksi.<\/li>\n<li>Joissakin malleissa on automaattinen terien sammutus, jos kone avataan k\u00e4yt\u00f6n aikana.<\/li>\n<\/ul>\n<h4><strong>4:<\/strong><\/h4>\n<ul>\n<li>S\u00e4\u00e4dett\u00e4v\u00e4t ter\u00e4asetukset eri paksuuksia ja leikkaustyyppej\u00e4 varten.<\/li>\n<li>Helposti vaihdettavat ter\u00e4t eri leikkaustarpeita ja huoltoa varten.<\/li>\n<\/ul>\n<h4><strong>5:<\/strong><\/h4>\n<ul>\n<li>Suunniteltu helposti puhdistettavaksi korkeiden hygieniastandardien yll\u00e4pit\u00e4miseksi.<\/li>\n<li>Irrotettavat osat, jotka ovat astianpesukoneen kest\u00e4vi\u00e4 tai helposti desinfioitavia.<\/li>\n<\/ul>\n<h4><strong>6:<\/strong><\/h4>\n<ul>\n<li>Tarjoaa tarkat ja johdonmukaiset palat, joilla varmistetaan liha-annosten tasalaatuisuus.<\/li>\n<li>Joissakin koneissa on mittaohjeita tarkkoja leikkauksia varten.<\/li>\n<\/ul>\n<h3><strong>Huomioita<\/strong><\/h3>\n<p><strong>1.Kapasiteetti:<\/strong><\/p>\n<ul>\n<li>Koneen on vastattava yrityksesi tarvitsemaa k\u00e4sittelym\u00e4\u00e4r\u00e4\u00e4.<\/li>\n<li>Ota huomioon leikkuup\u00f6yd\u00e4n koko ja sen k\u00e4sittelem\u00e4 enimm\u00e4ispaksuus.<\/li>\n<\/ul>\n<p><strong>2:<\/strong><\/p>\n<ul>\n<li>K\u00e4ytt\u00e4j\u00e4yst\u00e4v\u00e4lliset hallintalaitteet ja selke\u00e4t ohjeet ovat ratkaisevia tehokkaan k\u00e4yt\u00f6n kannalta.<\/li>\n<li>My\u00f6s henkil\u00f6st\u00f6n koulutusvaatimuksia olisi harkittava.<\/li>\n<\/ul>\n<p><strong>3.Huolto:<\/strong><\/p>\n<ul>\n<li>Etsi koneita, joiden osat ovat helposti saatavilla huoltoa ja korjausta varten.<\/li>\n<li>Varaosien saatavuus ja tuki valmistajalta.<\/li>\n<\/ul>\n<p><strong>4.Energiatehokkuus:<\/strong><\/p>\n<ul>\n<li>Energians\u00e4\u00e4st\u00f6ominaisuuksilla varustetut koneet voivat v\u00e4hent\u00e4\u00e4 k\u00e4ytt\u00f6kustannuksia ajan my\u00f6t\u00e4.<\/li>\n<\/ul>\n<p><strong>5.Kustannukset:<\/strong><\/p>\n<ul>\n<li>Tasapainota alkuinvestointi koneen odotettuun kest\u00e4vyyteen ja suorituskykyyn.<\/li>\n<li>Huomioi omistuksen kokonaiskustannukset, mukaan lukien huolto- ja k\u00e4ytt\u00f6kustannukset.<\/li>\n<\/ul>\n<h3><strong>Kaupalliset luunleikkauskoneen sovellukset<\/strong><\/h3>\n<p><strong>Lihakaupat:<\/strong><\/p>\n<ul>\n<li>Suurten liha- ja luupalojen leikkaamiseen tarkasti ja nopeasti.<\/li>\n<\/ul>\n<p><strong>Lihanjalostuslaitokset:<\/strong><\/p>\n<ul>\n<li>V\u00e4ltt\u00e4m\u00e4t\u00f6n lihavalmisteiden suurten m\u00e4\u00e4rien k\u00e4sittelyss\u00e4.<\/li>\n<\/ul>\n<p><strong>Kaupalliset keitti\u00f6t:<\/strong><\/p>\n<ul>\n<li>Hy\u00f6dyllinen ravintoloille ja catering-palveluille, jotka k\u00e4sittelev\u00e4t merkitt\u00e4vi\u00e4 m\u00e4\u00e4ri\u00e4 lihanvalmistusta.<\/li>\n<\/ul>","protected":false},"excerpt":{"rendered":"<h4><strong><span class=\"Y2IQFc\" lang=\"en\">Kaupallinen luunleikkauskone JG210B Tekniset parametrit\uff1a<\/span><\/strong><\/h4>\n<ul>\n<li class=\"tw-data-text tw-text-large tw-ta\" dir=\"ltr\" data-placeholder=\"Translation\" aria-label=\"K\u00e4\u00e4nnetty teksti\" data-ved=\"2ahUKEwj2ucO6-8mHAxXmh68BHRM1GoEQ3ewLegQIEBAU\">J\u00e4nnite \uff1a110 -220 v<\/li>\n<li class=\"tw-data-text tw-text-large tw-ta\" dir=\"ltr\" data-placeholder=\"Translation\" aria-label=\"K\u00e4\u00e4nnetty teksti\" data-ved=\"2ahUKEwj2ucO6-8mHAxXmh68BHRM1GoEQ3ewLegQIEBAU\"><span class=\"Y2IQFc\" lang=\"en\">Taajuus \uff1a50\/60 Hz<\/span><\/li>\n<li dir=\"ltr\" data-placeholder=\"Translation\" aria-label=\"K\u00e4\u00e4nnetty teksti\" data-ved=\"2ahUKEwj2ucO6-8mHAxXmh68BHRM1GoEQ3ewLegQIEBAU\">Moottorin teho :1500 w<\/li>\n<li dir=\"ltr\" data-placeholder=\"Translation\" aria-label=\"K\u00e4\u00e4nnetty teksti\" data-ved=\"2ahUKEwj2ucO6-8mHAxXmh68BHRM1GoEQ3ewLegQIEBAU\">Ter\u00e4n pituus : 2400 mm<\/li>\n<li dir=\"ltr\" data-placeholder=\"Translation\" aria-label=\"K\u00e4\u00e4nnetty teksti\" data-ved=\"2ahUKEwj2ucO6-8mHAxXmh68BHRM1GoEQ3ewLegQIEBAU\">P\u00f6yd\u00e4n erittely :506*416 mm<\/li>\n<li dir=\"ltr\" data-placeholder=\"Translation\" aria-label=\"K\u00e4\u00e4nnetty teksti\" data-ved=\"2ahUKEwj2ucO6-8mHAxXmh68BHRM1GoEQ3ewLegQIEBAU\">Leikkauspaksuus :5-155 mm<\/li>\n<li dir=\"ltr\" data-placeholder=\"Translation\" aria-label=\"K\u00e4\u00e4nnetty teksti\" data-ved=\"2ahUKEwj2ucO6-8mHAxXmh68BHRM1GoEQ3ewLegQIEBAU\">PAINO\/N.W :61 KG\/51 KG<\/li>\n<li dir=\"ltr\" data-placeholder=\"Translation\" aria-label=\"K\u00e4\u00e4nnetty teksti\" data-ved=\"2ahUKEwj2ucO6-8mHAxXmh68BHRM1GoEQ3ewLegQIEBAU\">Tuotteen koko :52*56*97 cm<\/li>\n<li dir=\"ltr\" data-placeholder=\"Translation\" aria-label=\"K\u00e4\u00e4nnetty teksti\" data-ved=\"2ahUKEwj2ucO6-8mHAxXmh68BHRM1GoEQ3ewLegQIEBAU\">Pakkauksen koko :62*66*107 cm<\/li>\n<\/ul>","protected":false},"featured_media":1862,"template":"","meta":[],"product_brand":[],"product_cat":[44],"product_tag":[],"class_list":{"0":"post-1717","1":"product","2":"type-product","3":"status-publish","4":"has-post-thumbnail","6":"product_cat-bone-cutting-machine","8":"first","9":"instock","10":"shipping-taxable","11":"product-type-simple"},"_links":{"self":[{"href":"https:\/\/sausage-stuffer.com\/fi\/wp-json\/wp\/v2\/product\/1717","targetHints":{"allow":["GET"]}}],"collection":[{"href":"https:\/\/sausage-stuffer.com\/fi\/wp-json\/wp\/v2\/product"}],"about":[{"href":"https:\/\/sausage-stuffer.com\/fi\/wp-json\/wp\/v2\/types\/product"}],"wp:featuredmedia":[{"embeddable":true,"href":"https:\/\/sausage-stuffer.com\/fi\/wp-json\/wp\/v2\/media\/1862"}],"wp:attachment":[{"href":"https:\/\/sausage-stuffer.com\/fi\/wp-json\/wp\/v2\/media?parent=1717"}],"wp:term":[{"taxonomy":"product_brand","embeddable":true,"href":"https:\/\/sausage-stuffer.com\/fi\/wp-json\/wp\/v2\/product_brand?post=1717"},{"taxonomy":"product_cat","embeddable":true,"href":"https:\/\/sausage-stuffer.com\/fi\/wp-json\/wp\/v2\/product_cat?post=1717"},{"taxonomy":"product_tag","embeddable":true,"href":"https:\/\/sausage-stuffer.com\/fi\/wp-json\/wp\/v2\/product_tag?post=1717"}],"curies":[{"name":"wp","href":"https:\/\/api.w.org\/{rel}","templated":true}]}}