{"id":1693,"date":"2024-07-26T10:28:23","date_gmt":"2024-07-26T10:28:23","guid":{"rendered":"https:\/\/sausage-stuffer.com\/?post_type=product&#038;p=1693"},"modified":"2024-08-03T07:19:27","modified_gmt":"2024-08-03T07:19:27","slug":"electric-bone-cutting-machine-jg210a","status":"publish","type":"product","link":"https:\/\/sausage-stuffer.com\/fi\/manufacturer\/electric-bone-cutting-machine-jg210a\/","title":{"rendered":"S\u00e4hk\u00f6inen luunleikkauskone JG210A"},"content":{"rendered":"<p>Verrattuna JG210:een, JG210A:n kuori on p\u00e4\u00e4osin valmistettu rautamateriaalista, ja ulkon\u00e4k\u00f6 on muodikkaampi ruiskumaalausprosessin avulla, kun taas p\u00e4\u00e4osa on valmistettu ruostumattomasta ter\u00e4smateriaalista, joka t\u00e4ytt\u00e4\u00e4 elintarviketurvallisuusstandardit. T\u00e4m\u00e4 parannettu muotoilu voi parantaa tuotteen visuaalista houkuttelevuutta ja varmistaa samalla elintarvikkeiden kanssa kosketuksiin joutuvien osien turvallisuuden.<\/p>\n<h4><strong>Luunleikkauskone Sovellus:<\/strong><\/h4>\n<ul>\n<li>Sopii elintarvikkeiden jalostustehtaalle, catering-teollisuudelle, ruokalaan, se voi leikata kaikenlaisia luita, pakastettua lihaa, pakastettua kalaa ja rasorial-leikkausta.<\/li>\n<li>Konetta k\u00e4ytet\u00e4\u00e4n pakastetun lihan leikkaamiseen ja normaalil\u00e4mp\u00f6isen lihan leikkaamiseen, mutta se ei sovellu normaalil\u00e4mp\u00f6iseen luulliseen lihaan.<\/li>\n<\/ul>\n<p>&nbsp;<\/p>\n<p><strong><b>Ominaisuudet:<\/b><\/strong><\/p>\n<ul>\n<li>Korkea hy\u00f6tysuhde, alhainen kulutus, turvallinen ja luotettava.<\/li>\n<li>Helppok\u00e4ytt\u00f6inen k\u00e4sittely, puhdas k\u00e4tev\u00e4, vakaa suorituskyky<\/li>\n<li>Alumiiniseosrunko, ruoan kanssa kosketuksiin joutuvat osat on valmistettu ruostumattomasta ter\u00e4ksest\u00e4 304, sahanter\u00e4 on valmistettu kiinte\u00e4st\u00e4 ter\u00e4ksest\u00e4, kiinte\u00e4 ja kest\u00e4v\u00e4.<\/li>\n<li>Sis\u00e4\u00e4nrakennettu vedenpit\u00e4v\u00e4 turvalaite, kun koneen ulkokuori avautuu, se lakkaa toimimasta.<\/li>\n<\/ul>","protected":false},"excerpt":{"rendered":"<h4><strong><span class=\"Y2IQFc\" lang=\"en\">Luunleikkauskone JG210A Tekniset parametrit\uff1a<\/span><\/strong><\/h4>\n<ul>\n<li class=\"tw-data-text tw-text-large tw-ta\" dir=\"ltr\" data-placeholder=\"Translation\" aria-label=\"K\u00e4\u00e4nnetty teksti\" data-ved=\"2ahUKEwj2ucO6-8mHAxXmh68BHRM1GoEQ3ewLegQIEBAU\">J\u00e4nnite \uff1a110 -220 v<\/li>\n<li class=\"tw-data-text tw-text-large tw-ta\" dir=\"ltr\" data-placeholder=\"Translation\" aria-label=\"K\u00e4\u00e4nnetty teksti\" data-ved=\"2ahUKEwj2ucO6-8mHAxXmh68BHRM1GoEQ3ewLegQIEBAU\"><span class=\"Y2IQFc\" lang=\"en\">Taajuus \uff1a50\/60 Hz<\/span><\/li>\n<li dir=\"ltr\" data-placeholder=\"Translation\" aria-label=\"K\u00e4\u00e4nnetty teksti\" data-ved=\"2ahUKEwj2ucO6-8mHAxXmh68BHRM1GoEQ3ewLegQIEBAU\">Moottorin teho :750 w<\/li>\n<li dir=\"ltr\" data-placeholder=\"Translation\" aria-label=\"K\u00e4\u00e4nnetty teksti\" data-ved=\"2ahUKEwj2ucO6-8mHAxXmh68BHRM1GoEQ3ewLegQIEBAU\">P\u00f6yd\u00e4n erittely :400*510 mm<\/li>\n<li dir=\"ltr\" data-placeholder=\"Translation\" aria-label=\"K\u00e4\u00e4nnetty teksti\" data-ved=\"2ahUKEwj2ucO6-8mHAxXmh68BHRM1GoEQ3ewLegQIEBAU\">Leikkauspaksuus :5-150 mm<\/li>\n<li dir=\"ltr\" data-placeholder=\"Translation\" aria-label=\"K\u00e4\u00e4nnetty teksti\" data-ved=\"2ahUKEwj2ucO6-8mHAxXmh68BHRM1GoEQ3ewLegQIEBAU\">Leikkuukorkeus :245 mm<\/li>\n<li dir=\"ltr\" data-placeholder=\"Translation\" aria-label=\"K\u00e4\u00e4nnetty teksti\" data-ved=\"2ahUKEwj2ucO6-8mHAxXmh68BHRM1GoEQ3ewLegQIEBAU\">PAINO\/N.W :46 KG\/36 KG<\/li>\n<li dir=\"ltr\" data-placeholder=\"Translation\" aria-label=\"K\u00e4\u00e4nnetty teksti\" data-ved=\"2ahUKEwj2ucO6-8mHAxXmh68BHRM1GoEQ3ewLegQIEBAU\">Tuotteen koko :51*51*86 cm<\/li>\n<li dir=\"ltr\" data-placeholder=\"Translation\" aria-label=\"K\u00e4\u00e4nnetty teksti\" data-ved=\"2ahUKEwj2ucO6-8mHAxXmh68BHRM1GoEQ3ewLegQIEBAU\">Pakkauksen koko :61*61*96 cm<\/li>\n<\/ul>","protected":false},"featured_media":1761,"template":"","meta":[],"product_brand":[],"product_cat":[44],"product_tag":[],"class_list":{"0":"post-1693","1":"product","2":"type-product","3":"status-publish","4":"has-post-thumbnail","6":"product_cat-bone-cutting-machine","8":"first","9":"instock","10":"shipping-taxable","11":"product-type-simple"},"_links":{"self":[{"href":"https:\/\/sausage-stuffer.com\/fi\/wp-json\/wp\/v2\/product\/1693","targetHints":{"allow":["GET"]}}],"collection":[{"href":"https:\/\/sausage-stuffer.com\/fi\/wp-json\/wp\/v2\/product"}],"about":[{"href":"https:\/\/sausage-stuffer.com\/fi\/wp-json\/wp\/v2\/types\/product"}],"wp:featuredmedia":[{"embeddable":true,"href":"https:\/\/sausage-stuffer.com\/fi\/wp-json\/wp\/v2\/media\/1761"}],"wp:attachment":[{"href":"https:\/\/sausage-stuffer.com\/fi\/wp-json\/wp\/v2\/media?parent=1693"}],"wp:term":[{"taxonomy":"product_brand","embeddable":true,"href":"https:\/\/sausage-stuffer.com\/fi\/wp-json\/wp\/v2\/product_brand?post=1693"},{"taxonomy":"product_cat","embeddable":true,"href":"https:\/\/sausage-stuffer.com\/fi\/wp-json\/wp\/v2\/product_cat?post=1693"},{"taxonomy":"product_tag","embeddable":true,"href":"https:\/\/sausage-stuffer.com\/fi\/wp-json\/wp\/v2\/product_tag?post=1693"}],"curies":[{"name":"wp","href":"https:\/\/api.w.org\/{rel}","templated":true}]}}