{"id":1691,"date":"2024-07-26T10:25:10","date_gmt":"2024-07-26T10:25:10","guid":{"rendered":"https:\/\/sausage-stuffer.com\/?post_type=product&#038;p=1691"},"modified":"2024-08-06T12:03:54","modified_gmt":"2024-08-06T12:03:54","slug":"vegetable-cutter-slicer-qc205b","status":"publish","type":"product","link":"https:\/\/sausage-stuffer.com\/fi\/manufacturer\/vegetable-cutter-slicer-qc205b\/","title":{"rendered":"Vihannesleikkuri QC205B Viipalointikone"},"content":{"rendered":"<h3><strong><b>Miten vihannesten rypytysleikkuri toimii<\/b><\/strong><\/h3>\n<p>Rypytysleikkurissa on tyypillisesti ruostumattomasta ter\u00e4ksest\u00e4 valmistettu ter\u00e4, jossa on aaltoileva tai harjattu kuvio. Vihannekset ty\u00f6nnet\u00e4\u00e4n ter\u00e4n l\u00e4pi, jolloin syntyy omaleimainen rypytysleikkaus. Joissakin malleissa voi olla kahva tai suojus, joka helpottaa ja turvaa k\u00e4ytt\u00f6\u00e4.<\/p>\n<h3><strong><b>Vihannesten rypytysleikkurin k\u00e4yt\u00f6n edut<\/b><\/strong><\/h3>\n<ul>\n<li><strong>Parantaa esittely\u00e4:<\/strong>Rypytetyt vihannekset tuovat visuaalista mielenkiintoa salaatteihin, sekoituskastikkeisiin ja muihin ruokiin.<\/li>\n<li><strong>Parantaa tekstuuria:<\/strong>Aaltoilevat leikkaukset voivat parantaa tiettyjen vihannesten rakennetta ja makua.<\/li>\n<li><strong>Helppok\u00e4ytt\u00f6inen:<\/strong>Useimmat rypytysleikkurit ovat helppok\u00e4ytt\u00f6isi\u00e4, joten ne sopivat sek\u00e4 aloitteleville ett\u00e4 kokeneille kokkeille.<\/li>\n<li><strong>Monipuolinen:<\/strong>Voidaan k\u00e4ytt\u00e4\u00e4 erilaisiin vihanneksiin ja hedelmiin.<\/li>\n<\/ul>\n<h3><strong><b>Oikean vihannesten rypytysleikkurin valitseminen<\/b><\/strong><\/h3>\n<p>Ota huomioon seuraavat tekij\u00e4t, kun valitset rypytysleikkuria:<\/p>\n<ul>\n<li><strong>Ter\u00e4n kuvio:<\/strong>Eri kuviot luovat erilaisia vaikutuksia.<\/li>\n<li><strong>Koko ja muoto:<\/strong>Valitse leikkuri, joka sopii mukavasti k\u00e4teen.<\/li>\n<li><strong>Materiaali:<\/strong>Ruostumatonta ter\u00e4st\u00e4 suositaan kest\u00e4vyyden ja hygienian vuoksi.<\/li>\n<li><strong>Turvallisuusominaisuudet:<\/strong>Etsi liukumattomat kahvat ja ter\u00e4nsuojat.<\/li>\n<\/ul>\n<p>Ottamalla vihannesten rypytysleikkuri keitti\u00f6n arsenaaliin, voit parantaa kulinaarisia luomuksia ja tehd\u00e4 vaikutuksen vieraisiin luovuudellasi.<\/p>","protected":false},"excerpt":{"rendered":"<h4><strong>Vihannesleikkuri Slicer QC205B Parametri :<\/strong><\/h4>\n<p>Veitsilautasen halkaisija ;\u2205205 mm<\/p>\n<p id=\"tw-target-text\" class=\"tw-data-text tw-text-large tw-ta\" dir=\"ltr\" data-placeholder=\"Translation\" aria-label=\"K\u00e4\u00e4nnetty teksti\" data-ved=\"2ahUKEwi8jdCVo9GHAxWHcPUHHXifC8wQ3ewLegQICRAU\"><span class=\"Y2IQFc\" lang=\"en\">Veitsen lukum\u00e4\u00e4r\u00e4 \uff1a5<\/span><\/p>\n<p>Teho :1000 W<\/p>\n<p>J\u00e4nnite :220V50Hz-110V60Hz<\/p>\n<p>Tuotteen koko :580*385*550(mm)<\/p>\n<p>Pakkauskoko :675*345*540(mm)<\/p>\n<p>PAINO\/N.W :32(KG)\/27(KG)<\/p>","protected":false},"featured_media":1655,"template":"","meta":[],"product_brand":[],"product_cat":[43],"product_tag":[],"class_list":{"0":"post-1691","1":"product","2":"type-product","3":"status-publish","4":"has-post-thumbnail","6":"product_cat-vegetable-cutter","8":"first","9":"instock","10":"shipping-taxable","11":"product-type-simple"},"_links":{"self":[{"href":"https:\/\/sausage-stuffer.com\/fi\/wp-json\/wp\/v2\/product\/1691","targetHints":{"allow":["GET"]}}],"collection":[{"href":"https:\/\/sausage-stuffer.com\/fi\/wp-json\/wp\/v2\/product"}],"about":[{"href":"https:\/\/sausage-stuffer.com\/fi\/wp-json\/wp\/v2\/types\/product"}],"wp:featuredmedia":[{"embeddable":true,"href":"https:\/\/sausage-stuffer.com\/fi\/wp-json\/wp\/v2\/media\/1655"}],"wp:attachment":[{"href":"https:\/\/sausage-stuffer.com\/fi\/wp-json\/wp\/v2\/media?parent=1691"}],"wp:term":[{"taxonomy":"product_brand","embeddable":true,"href":"https:\/\/sausage-stuffer.com\/fi\/wp-json\/wp\/v2\/product_brand?post=1691"},{"taxonomy":"product_cat","embeddable":true,"href":"https:\/\/sausage-stuffer.com\/fi\/wp-json\/wp\/v2\/product_cat?post=1691"},{"taxonomy":"product_tag","embeddable":true,"href":"https:\/\/sausage-stuffer.com\/fi\/wp-json\/wp\/v2\/product_tag?post=1691"}],"curies":[{"name":"wp","href":"https:\/\/api.w.org\/{rel}","templated":true}]}}