{"id":1690,"date":"2024-07-26T10:23:35","date_gmt":"2024-07-26T10:23:35","guid":{"rendered":"https:\/\/sausage-stuffer.com\/?post_type=product&#038;p=1690"},"modified":"2024-08-06T12:00:14","modified_gmt":"2024-08-06T12:00:14","slug":"multifunctional-vegetable-cutter-qc205a","status":"publish","type":"product","link":"https:\/\/sausage-stuffer.com\/fi\/manufacturer\/multifunctional-vegetable-cutter-qc205a\/","title":{"rendered":"Monik\u00e4ytt\u00f6inen vihannesleikkuri QC205A"},"content":{"rendered":"<p>Monitoiminen vihannesleikkuri on monipuolinen keitti\u00f6ty\u00f6kalu, joka on suunniteltu helpottamaan ruoanvalmistusta. Erilaisilla vaihdettavilla terill\u00e4 ja lis\u00e4laitteilla se viipaloi, kuutioi, silppuaa ja raastaa tehokkaasti hedelmi\u00e4 ja vihanneksia. T\u00e4m\u00e4 keitti\u00f6v\u00e4line s\u00e4\u00e4st\u00e4\u00e4 aikaa ja vaivaa varmistaen samalla tasaiset tulokset.<\/p>\n<h3><strong><b>Monitoimisen vihannesleikkurin t\u00e4rkeimm\u00e4t ominaisuudet<\/b><\/strong><\/h3>\n<ul>\n<li><strong>Vaihdettavat ter\u00e4t:<\/strong>\u00a0Erilaiset ter\u00e4t viipalointia, kuutiointia, silppuamista ja raastamista varten.<\/li>\n<li><strong>Turvallisuusominaisuudet:<\/strong>\u00a0Liukumaton pohja, ter\u00e4nsuojat ja ruokapidikkeet takaavat turvallisen k\u00e4yt\u00f6n.<\/li>\n<li><strong><b>Materiaali:<\/b><\/strong>\u00a0Valmistetaan yleens\u00e4 ruostumattomasta ter\u00e4ksest\u00e4 kest\u00e4vyyden ja hygienian vuoksi.<\/li>\n<li><strong><b>Kompakti muotoilu:<\/b><\/strong> Helppo s\u00e4ilytt\u00e4\u00e4 ja puhdistaa.<\/li>\n<\/ul>\n<h3><strong style=\"font-size: 20.16px;\"><b>Monitoimisen vihannesleikkurin k\u00e4yt\u00f6n edut<\/b><\/strong><\/h3>\n<ul>\n<li><strong>Ajan s\u00e4\u00e4st\u00f6:<\/strong>\u00a0Valmista nopeasti ainekset salaatteja, sekoitettuja ruokia ja muita ruokia varten.<\/li>\n<li><strong>Johdonmukaiset leikkaukset:<\/strong>\u00a0Saat aikaan tasaisia viipaleita, kuutioita tai silppuja ammattimaisen ulkon\u00e4\u00f6n aikaansaamiseksi.<\/li>\n<li><strong>Turvallisuus:<\/strong>\u00a0V\u00e4hent\u00e4\u00e4 onnettomuusriski\u00e4 verrattuna veitsien k\u00e4ytt\u00f6\u00f6n.<\/li>\n<li><strong>Monipuolisuus:<\/strong>\u00a0K\u00e4sittele monenlaisia vihanneksia ja hedelmi\u00e4.<\/li>\n<li><strong>Helppo puhdistaa:<\/strong>\u00a0Useimmat osat ovat astianpesukoneen kest\u00e4vi\u00e4.<\/li>\n<\/ul>\n<h3><strong><b>Oikean monitoimisen vihannesleikkurin valinta<\/b><\/strong><\/h3>\n<p>Kun valitset vihannesleikkuria, ota huomioon seuraavat tekij\u00e4t:<\/p>\n<ul>\n<li><strong>Terien lukum\u00e4\u00e4r\u00e4:<\/strong>Valitse malli, jossa on erilaisia teri\u00e4 tarpeidesi mukaan.<\/li>\n<li><strong>S\u00e4ili\u00f6n koko:<\/strong>Varmista, ett\u00e4 astia on riitt\u00e4v\u00e4n suuri tyypilliselle ruoanvalmistukselle.<\/li>\n<li><strong>Turvallisuusominaisuudet:<\/strong>Aseta etusijalle mallit, joissa on ter\u00e4nsuojat ja liukumaton pohja.<\/li>\n<li><strong>Helppok\u00e4ytt\u00f6isyys:<\/strong>Etsi k\u00e4ytt\u00e4j\u00e4yst\u00e4v\u00e4llisi\u00e4 malleja, joissa ter\u00e4n vaihto on helppoa.<\/li>\n<li><strong>Materiaalin laatu:<\/strong>Ruostumatonta ter\u00e4st\u00e4 suositaan kest\u00e4vyyden ja hygienian vuoksi.<\/li>\n<\/ul>\n<p>Investoimalla laadukkaaseen monitoimiseen vihannesleikkuriin voit parantaa ruoanlaittokokemustasi merkitt\u00e4v\u00e4sti ja nauttia nopeamman ja tehokkaamman ruoanvalmistuksen eduista.<\/p>","protected":false},"excerpt":{"rendered":"<h4><strong>Monik\u00e4ytt\u00f6inen vihannesleikkuri QC205A Parametri :<\/strong><\/h4>\n<p>Veitsilautasen halkaisija ;\u2205205 mm<\/p>\n<p id=\"tw-target-text\" class=\"tw-data-text tw-text-large tw-ta\" dir=\"ltr\" data-placeholder=\"Translation\" aria-label=\"K\u00e4\u00e4nnetty teksti\" data-ved=\"2ahUKEwi8jdCVo9GHAxWHcPUHHXifC8wQ3ewLegQICRAU\"><span class=\"Y2IQFc\" lang=\"en\">Veitsen lukum\u00e4\u00e4r\u00e4 \uff1a5<\/span><\/p>\n<p class=\"tw-data-text tw-text-large tw-ta\" dir=\"ltr\" data-placeholder=\"Translation\" aria-label=\"K\u00e4\u00e4nnetty teksti\" data-ved=\"2ahUKEwi8jdCVo9GHAxWHcPUHHXifC8wQ3ewLegQICRAU\"><span class=\"Y2IQFc\" lang=\"en\">Leikkuup\u00e4\u00e4n tekniset tiedot \uff1aslice 2\/5mm, silppua 3mm\uff0cc<\/span><span class=\"Y2IQFc\" lang=\"en\">ut paloiksi 8*8mm<\/span><\/p>\n<p>Teho :1000 W<\/p>\n<p>J\u00e4nnite :220V50Hz-110V60Hz<\/p>\n<p>Tuotteen koko :580*385*550(mm)<\/p>\n<p>Pakkauskoko :675*345*540(mm)<\/p>\n<p>PAINO\/N.W :33(KG)\/28(KG)<\/p>","protected":false},"featured_media":1654,"template":"","meta":[],"product_brand":[],"product_cat":[43],"product_tag":[],"class_list":{"0":"post-1690","1":"product","2":"type-product","3":"status-publish","4":"has-post-thumbnail","6":"product_cat-vegetable-cutter","8":"first","9":"instock","10":"shipping-taxable","11":"product-type-simple"},"_links":{"self":[{"href":"https:\/\/sausage-stuffer.com\/fi\/wp-json\/wp\/v2\/product\/1690","targetHints":{"allow":["GET"]}}],"collection":[{"href":"https:\/\/sausage-stuffer.com\/fi\/wp-json\/wp\/v2\/product"}],"about":[{"href":"https:\/\/sausage-stuffer.com\/fi\/wp-json\/wp\/v2\/types\/product"}],"wp:featuredmedia":[{"embeddable":true,"href":"https:\/\/sausage-stuffer.com\/fi\/wp-json\/wp\/v2\/media\/1654"}],"wp:attachment":[{"href":"https:\/\/sausage-stuffer.com\/fi\/wp-json\/wp\/v2\/media?parent=1690"}],"wp:term":[{"taxonomy":"product_brand","embeddable":true,"href":"https:\/\/sausage-stuffer.com\/fi\/wp-json\/wp\/v2\/product_brand?post=1690"},{"taxonomy":"product_cat","embeddable":true,"href":"https:\/\/sausage-stuffer.com\/fi\/wp-json\/wp\/v2\/product_cat?post=1690"},{"taxonomy":"product_tag","embeddable":true,"href":"https:\/\/sausage-stuffer.com\/fi\/wp-json\/wp\/v2\/product_tag?post=1690"}],"curies":[{"name":"wp","href":"https:\/\/api.w.org\/{rel}","templated":true}]}}