{"id":1689,"date":"2024-07-26T10:22:24","date_gmt":"2024-07-26T10:22:24","guid":{"rendered":"https:\/\/sausage-stuffer.com\/?post_type=product&#038;p=1689"},"modified":"2024-08-06T12:10:30","modified_gmt":"2024-08-06T12:10:30","slug":"electric-vegetable-cutter-qc205","status":"publish","type":"product","link":"https:\/\/sausage-stuffer.com\/fi\/manufacturer\/electric-vegetable-cutter-qc205\/","title":{"rendered":"S\u00e4hk\u00f6inen vihannesleikkuri QC205"},"content":{"rendered":"<p>S\u00e4hk\u00f6inen vihannesleikkuri, t\u00e4m\u00e4 aikaa s\u00e4\u00e4st\u00e4v\u00e4 ty\u00f6kalu tarjoaa tarkkuutta ja johdonmukaisuutta, mik\u00e4 tekee siit\u00e4 arvokkaan lis\u00e4n mihin tahansa keitti\u00f6\u00f6n.<\/p>\n<h3><strong><b>T\u00e4rkeimm\u00e4t ominaisuudet<\/b><\/strong><\/h3>\n<ul>\n<li><strong>Tehokas moottori:<\/strong>\u00a0Varmistaa tehokkaan leikkaamisen jopa sitkeiden vihannesten l\u00e4pi.<\/li>\n<li><strong>Vaihdettavat ter\u00e4t:<\/strong>\u00a0Tarjoaa monipuolisuutta erilaisiin leikkaustyyleihin.<\/li>\n<li><strong>Turvallisuusominaisuudet:<\/strong>\u00a0Sis\u00e4lt\u00e4\u00e4 turvasuojat ja liukumattomat jalat turvallista k\u00e4ytt\u00f6\u00e4 varten.<\/li>\n<li><strong>Helppo puhdistaa:<\/strong>\u00a0Useimmat osat ovat astianpesukoneessa pest\u00e4vi\u00e4, joten niiden huoltaminen on helppoa.<\/li>\n<li><strong>Kapasiteetti:<\/strong>\u00a0Vaihtelee mallista riippuen, pienist\u00e4 ty\u00f6tasoyksik\u00f6ist\u00e4 suurempiin kaupallisiin malleihin.<\/li>\n<\/ul>\n<h3><strong><b>Edut<\/b><\/strong><\/h3>\n<ul>\n<li><strong>Ajan s\u00e4\u00e4st\u00f6:<\/strong>\u00a0Valmista nopeasti suuria m\u00e4\u00e4ri\u00e4 vihanneksia salaatteihin, sekoituksiin ja muuhun.<\/li>\n<li><strong>Johdonmukaiset tulokset:<\/strong>\u00a0Tasalaatuiset viipaleet, silppusiivut tai raasteet valmistuvat helposti.<\/li>\n<li><strong><b>V\u00e4hennetty ty\u00f6m\u00e4\u00e4r\u00e4: <\/b><\/strong>Manuaalisiin menetelmiin verrattuna tarvitaan vain v\u00e4h\u00e4n k\u00e4sity\u00f6t\u00e4.<\/li>\n<li><strong>Turvallisuus:<\/strong>\u00a0Minimoi veitsiin liittyvien onnettomuuksien riski.<\/li>\n<li><strong>Monipuolisuus:<\/strong>\u00a0Monissa malleissa voidaan k\u00e4sitell\u00e4 erilaisia hedelmi\u00e4 ja vihanneksia.<\/li>\n<\/ul>\n<p>Investoimalla laadukkaaseen s\u00e4hk\u00f6iseen vihannesleikkuriin voit tehostaa ruoanvalmistusprosessia ja nauttia t\u00e4ydellisesti viipaloitujen ainesosien mukavuudesta.<\/p>","protected":false},"excerpt":{"rendered":"<h4><strong>S\u00e4hk\u00f6inen vihannesleikkuri QC205 Parametri :<\/strong><\/h4>\n<p>Veitsilautasen halkaisija ;\u2205205 mm<\/p>\n<p>Teho :350 W<\/p>\n<p>J\u00e4nnite :220V50Hz<\/p>\n<p>Tuotteen koko :535*270*525(mm)<\/p>\n<p>Pakkauskoko :580*385*550(mm)<\/p>\n<p>PAINO\/N.W :24.5(KG)\/19(KG)<\/p>","protected":false},"featured_media":1653,"template":"","meta":[],"product_brand":[],"product_cat":[43],"product_tag":[],"class_list":{"0":"post-1689","1":"product","2":"type-product","3":"status-publish","4":"has-post-thumbnail","6":"product_cat-vegetable-cutter","8":"first","9":"instock","10":"shipping-taxable","11":"product-type-simple"},"_links":{"self":[{"href":"https:\/\/sausage-stuffer.com\/fi\/wp-json\/wp\/v2\/product\/1689","targetHints":{"allow":["GET"]}}],"collection":[{"href":"https:\/\/sausage-stuffer.com\/fi\/wp-json\/wp\/v2\/product"}],"about":[{"href":"https:\/\/sausage-stuffer.com\/fi\/wp-json\/wp\/v2\/types\/product"}],"wp:featuredmedia":[{"embeddable":true,"href":"https:\/\/sausage-stuffer.com\/fi\/wp-json\/wp\/v2\/media\/1653"}],"wp:attachment":[{"href":"https:\/\/sausage-stuffer.com\/fi\/wp-json\/wp\/v2\/media?parent=1689"}],"wp:term":[{"taxonomy":"product_brand","embeddable":true,"href":"https:\/\/sausage-stuffer.com\/fi\/wp-json\/wp\/v2\/product_brand?post=1689"},{"taxonomy":"product_cat","embeddable":true,"href":"https:\/\/sausage-stuffer.com\/fi\/wp-json\/wp\/v2\/product_cat?post=1689"},{"taxonomy":"product_tag","embeddable":true,"href":"https:\/\/sausage-stuffer.com\/fi\/wp-json\/wp\/v2\/product_tag?post=1689"}],"curies":[{"name":"wp","href":"https:\/\/api.w.org\/{rel}","templated":true}]}}