{"id":1683,"date":"2024-07-26T10:17:09","date_gmt":"2024-07-26T10:17:09","guid":{"rendered":"https:\/\/sausage-stuffer.com\/?post_type=product&#038;p=1683"},"modified":"2024-07-29T15:24:59","modified_gmt":"2024-07-29T15:24:59","slug":"electric-meat-slicer-300b","status":"publish","type":"product","link":"https:\/\/sausage-stuffer.com\/fi\/manufacturer\/electric-meat-slicer-300b\/","title":{"rendered":"S\u00e4hk\u00f6inen lihaleikkuri 300B"},"content":{"rendered":"","protected":false},"excerpt":{"rendered":"<h3><strong>8 \"Puoliautomaattinen lihanleikkuri parametri<\/strong><\/h3>\n<p>Toiminto \uff1aPuoliautomaattinen<\/p>\n<p>Reittisuunnitelman katkaisu : 150 mm<\/p>\n<p>S\u00e4\u00e4d\u00e4 paksuus : 0~13 mm<\/p>\n<p>Ter\u00e4n halkaisija :\u2205220 mm<\/p>\n<p>Teho : 210 W<\/p>\n<p>J\u00e4nnite : 220V 50Hz<\/p>\n<p>Tuotteen koko :410*400*350(mm)<\/p>\n<p>Pakkauksen koko :465*355*425(mm)<\/p>\n<p>PAINO\/N.W :16.5\/14.5(KG)<\/p>","protected":false},"featured_media":1684,"template":"","meta":[],"product_brand":[],"product_cat":[42],"product_tag":[],"class_list":{"0":"post-1683","1":"product","2":"type-product","3":"status-publish","4":"has-post-thumbnail","6":"product_cat-meat-slicer","8":"first","9":"instock","10":"shipping-taxable","11":"product-type-simple"},"_links":{"self":[{"href":"https:\/\/sausage-stuffer.com\/fi\/wp-json\/wp\/v2\/product\/1683","targetHints":{"allow":["GET"]}}],"collection":[{"href":"https:\/\/sausage-stuffer.com\/fi\/wp-json\/wp\/v2\/product"}],"about":[{"href":"https:\/\/sausage-stuffer.com\/fi\/wp-json\/wp\/v2\/types\/product"}],"wp:featuredmedia":[{"embeddable":true,"href":"https:\/\/sausage-stuffer.com\/fi\/wp-json\/wp\/v2\/media\/1684"}],"wp:attachment":[{"href":"https:\/\/sausage-stuffer.com\/fi\/wp-json\/wp\/v2\/media?parent=1683"}],"wp:term":[{"taxonomy":"product_brand","embeddable":true,"href":"https:\/\/sausage-stuffer.com\/fi\/wp-json\/wp\/v2\/product_brand?post=1683"},{"taxonomy":"product_cat","embeddable":true,"href":"https:\/\/sausage-stuffer.com\/fi\/wp-json\/wp\/v2\/product_cat?post=1683"},{"taxonomy":"product_tag","embeddable":true,"href":"https:\/\/sausage-stuffer.com\/fi\/wp-json\/wp\/v2\/product_tag?post=1683"}],"curies":[{"name":"wp","href":"https:\/\/api.w.org\/{rel}","templated":true}]}}