{"id":1682,"date":"2024-07-26T10:14:47","date_gmt":"2024-07-26T10:14:47","guid":{"rendered":"https:\/\/sausage-stuffer.com\/?post_type=product&#038;p=1682"},"modified":"2024-07-29T15:09:13","modified_gmt":"2024-07-29T15:09:13","slug":"meat-slicer-machine-320a","status":"publish","type":"product","link":"https:\/\/sausage-stuffer.com\/fi\/manufacturer\/meat-slicer-machine-320a\/","title":{"rendered":"Lihaleikkuri 320A"},"content":{"rendered":"","protected":false},"excerpt":{"rendered":"<h3><strong>12&#8221;Fully-automatic Meat Slicer Machine 320A <\/strong><strong>Parametri :<\/strong><\/h3>\n<p>Toiminto \uff1aT\u00e4ysin automaattinen<\/p>\n<p>Cut off the itinerary : 250 mm<\/p>\n<p>S\u00e4\u00e4d\u00e4 paksuus : 0~18 mm<\/p>\n<p>Blade diameter :\u2205300 mm<\/p>\n<p>Balde-moottorin teho : 270 W<\/p>\n<p>Viipalointimoottorin teho : 530 W<\/p>\n<p>J\u00e4nnite : 220V 50Hz<\/p>\n<p>Slicing speed :41 Pcs\/min<\/p>\n<p>Size of product :610*575*755(mm)<\/p>\n<p>Size of package :780*700*870(mm)<\/p>\n<p>G.W\/N.W :94\/66(KG)<\/p>","protected":false},"featured_media":1637,"template":"","meta":[],"product_brand":[],"product_cat":[42],"product_tag":[],"class_list":{"0":"post-1682","1":"product","2":"type-product","3":"status-publish","4":"has-post-thumbnail","6":"product_cat-meat-slicer","8":"first","9":"instock","10":"shipping-taxable","11":"product-type-simple"},"_links":{"self":[{"href":"https:\/\/sausage-stuffer.com\/fi\/wp-json\/wp\/v2\/product\/1682","targetHints":{"allow":["GET"]}}],"collection":[{"href":"https:\/\/sausage-stuffer.com\/fi\/wp-json\/wp\/v2\/product"}],"about":[{"href":"https:\/\/sausage-stuffer.com\/fi\/wp-json\/wp\/v2\/types\/product"}],"wp:featuredmedia":[{"embeddable":true,"href":"https:\/\/sausage-stuffer.com\/fi\/wp-json\/wp\/v2\/media\/1637"}],"wp:attachment":[{"href":"https:\/\/sausage-stuffer.com\/fi\/wp-json\/wp\/v2\/media?parent=1682"}],"wp:term":[{"taxonomy":"product_brand","embeddable":true,"href":"https:\/\/sausage-stuffer.com\/fi\/wp-json\/wp\/v2\/product_brand?post=1682"},{"taxonomy":"product_cat","embeddable":true,"href":"https:\/\/sausage-stuffer.com\/fi\/wp-json\/wp\/v2\/product_cat?post=1682"},{"taxonomy":"product_tag","embeddable":true,"href":"https:\/\/sausage-stuffer.com\/fi\/wp-json\/wp\/v2\/product_tag?post=1682"}],"curies":[{"name":"wp","href":"https:\/\/api.w.org\/{rel}","templated":true}]}}