{"id":1679,"date":"2024-07-26T10:10:28","date_gmt":"2024-07-26T10:10:28","guid":{"rendered":"https:\/\/sausage-stuffer.com\/?post_type=product&#038;p=1679"},"modified":"2024-07-29T15:18:57","modified_gmt":"2024-07-29T15:18:57","slug":"slicing-machine-250a","status":"publish","type":"product","link":"https:\/\/sausage-stuffer.com\/fi\/manufacturer\/slicing-machine-250a\/","title":{"rendered":"Viipalointikone 250A"},"content":{"rendered":"<h2 class=\"\" data-sourcepos=\"1:1-1:60\">T\u00e4ysin automaattinen viipalointikone: Tarkkuus ja tehokkuus<\/h2>\n<p data-sourcepos=\"3:1-3:88\">T\u00e4m\u00e4 suurille tuotantom\u00e4\u00e4rille suunniteltu teollisen luokan laite tarjoaa vertaansa vailla olevan nopeuden, tarkkuuden ja johdonmukaisuuden. Viipaloi vaivattomasti monenlaisia tuotteita, kuten lihaa, juustoa, leip\u00e4\u00e4 ja vihanneksia.<\/p>\n<p data-sourcepos=\"5:1-5:17\"><strong>T\u00e4rkeimm\u00e4t ominaisuudet:<\/strong><\/p>\n<ul data-sourcepos=\"7:1-8:1\">\n<li data-sourcepos=\"7:1-7:70\"><strong>Nopea viipalointi:<\/strong> Nopea suurten tuotem\u00e4\u00e4rien k\u00e4sittely.<\/li>\n<li data-sourcepos=\"8:1-8:1\"><strong>Tarkka paksuuden s\u00e4\u00e4t\u00f6:<\/strong> Saavuta tasainen viipaleen paksuus s\u00e4\u00e4dett\u00e4vill\u00e4 asetuksilla.<\/li>\n<li data-sourcepos=\"9:1-9:64\"><strong>Kest\u00e4v\u00e4 rakenne:<\/strong> Rakennettu raskaaseen kaupalliseen k\u00e4ytt\u00f6\u00f6n.<\/li>\n<li data-sourcepos=\"10:1-10:31\"><strong>Kehittyneet turvallisuusominaisuudet:<\/strong> Suojaa k\u00e4ytt\u00e4ji\u00e4 turvasuojilla ja h\u00e4t\u00e4pys\u00e4ytyksill\u00e4.<\/li>\n<li data-sourcepos=\"11:1-12:0\"><strong>Helppo puhdistaa ja huoltaa:<\/strong> Suunniteltu tehokasta k\u00e4ytt\u00f6\u00e4 ja yll\u00e4pitoa varten.<\/li>\n<\/ul>","protected":false},"excerpt":{"rendered":"<h3><strong>10 \"T\u00e4ysin automaattinen viipalointikone <\/strong><strong>Parametri<\/strong><\/h3>\n<p>Toiminto \uff1aT\u00e4ysin automaattinen<\/p>\n<p>Reittisuunnitelman katkaisu : 155 mm<\/p>\n<p>S\u00e4\u00e4d\u00e4 paksuus : 0~17 mm<\/p>\n<p>Ter\u00e4n halkaisija :\u2205250 mm<\/p>\n<p>Balde-moottorin teho : 240 W<\/p>\n<p>Viipalointimoottorin teho : 300 W<\/p>\n<p>J\u00e4nnite : 220V 50Hz<\/p>\n<p>Viipalointinopeus :45Pcs\/min<\/p>\n<p>Tuotteen koko :535*475*690(mm)<\/p>\n<p>Pakkauksen koko :610*540*790(mm)<\/p>\n<p>PAINO\/N.W :73.5\/53(KG)<\/p>","protected":false},"featured_media":1635,"template":"","meta":[],"product_brand":[],"product_cat":[42],"product_tag":[],"class_list":{"0":"post-1679","1":"product","2":"type-product","3":"status-publish","4":"has-post-thumbnail","6":"product_cat-meat-slicer","8":"first","9":"instock","10":"shipping-taxable","11":"product-type-simple"},"_links":{"self":[{"href":"https:\/\/sausage-stuffer.com\/fi\/wp-json\/wp\/v2\/product\/1679","targetHints":{"allow":["GET"]}}],"collection":[{"href":"https:\/\/sausage-stuffer.com\/fi\/wp-json\/wp\/v2\/product"}],"about":[{"href":"https:\/\/sausage-stuffer.com\/fi\/wp-json\/wp\/v2\/types\/product"}],"wp:featuredmedia":[{"embeddable":true,"href":"https:\/\/sausage-stuffer.com\/fi\/wp-json\/wp\/v2\/media\/1635"}],"wp:attachment":[{"href":"https:\/\/sausage-stuffer.com\/fi\/wp-json\/wp\/v2\/media?parent=1679"}],"wp:term":[{"taxonomy":"product_brand","embeddable":true,"href":"https:\/\/sausage-stuffer.com\/fi\/wp-json\/wp\/v2\/product_brand?post=1679"},{"taxonomy":"product_cat","embeddable":true,"href":"https:\/\/sausage-stuffer.com\/fi\/wp-json\/wp\/v2\/product_cat?post=1679"},{"taxonomy":"product_tag","embeddable":true,"href":"https:\/\/sausage-stuffer.com\/fi\/wp-json\/wp\/v2\/product_tag?post=1679"}],"curies":[{"name":"wp","href":"https:\/\/api.w.org\/{rel}","templated":true}]}}