{"id":1678,"date":"2024-07-26T10:09:04","date_gmt":"2024-07-26T10:09:04","guid":{"rendered":"https:\/\/sausage-stuffer.com\/?post_type=product&#038;p=1678"},"modified":"2024-07-29T14:41:49","modified_gmt":"2024-07-29T14:41:49","slug":"meat-slicer-200b","status":"publish","type":"product","link":"https:\/\/sausage-stuffer.com\/fi\/manufacturer\/meat-slicer-200b\/","title":{"rendered":"Lihaleikkuri 200B"},"content":{"rendered":"<h2 class=\"\" data-sourcepos=\"1:1-1:49\">S\u00e4hk\u00f6inen puoliautomaattinen lihanleikkuri<\/h2>\n<p data-sourcepos=\"3:1-3:74\">Lis\u00e4\u00e4 tuottavuutta ja tarkkuutta teollisen luokan s\u00e4hk\u00f6isell\u00e4 lihaleikkurilla. T\u00e4m\u00e4 vaativiin kaupallisiin keitti\u00f6ihin suunniteltu laite tarjoaa poikkeuksellisen suorituskyvyn ja kest\u00e4vyyden.<\/p>\n<p data-sourcepos=\"5:1-5:17\"><strong>T\u00e4rkeimm\u00e4t ominaisuudet:<\/strong><\/p>\n<ul data-sourcepos=\"7:1-7:32\">\n<li data-sourcepos=\"7:1-7:32\"><strong>Korkean hy\u00f6tysuhteen moottori:<\/strong> 210 W:n sy\u00f6tt\u00f6teho nopeaan ja tasaiseen viipalointiin.<\/li>\n<li data-sourcepos=\"8:1-8:79\"><strong>S\u00e4\u00e4dett\u00e4v\u00e4 viipaleen paksuus:<\/strong> Mukauta viipaleen paksuus helposti 0-13 mm:n v\u00e4lill\u00e4 tarkan s\u00e4\u00e4t\u00f6nupin avulla.<\/li>\n<li data-sourcepos=\"9:1-9:108\"><strong>Kest\u00e4v\u00e4 rakenne:<\/strong> Valettu alumiinirunko ja 10-tuumainen kromattu ter\u00e4ksen ter\u00e4 pitk\u00e4ik\u00e4iseen k\u00e4ytt\u00f6\u00f6n.<\/li>\n<li data-sourcepos=\"10:1-10:1\"><strong>Turvallisuus etusijalla:<\/strong> L\u00e4pin\u00e4kyv\u00e4 turvasuoja, liukumaton pohja ja vedenpit\u00e4v\u00e4 virtakytkin takaavat turvallisen k\u00e4yt\u00f6n.<\/li>\n<li data-sourcepos=\"11:1-12:0\"><strong>Monipuolinen viipalointi:<\/strong> K\u00e4sittelee erilaisia elintarvikkeita, kuten lihaa, juustoa, leip\u00e4\u00e4 ja vihanneksia.<\/li>\n<\/ul>","protected":false},"excerpt":{"rendered":"<h3><strong>8 \"Puoliautomaattinen lihanleikkuri parametri<\/strong><\/h3>\n<p>Toiminto \uff1aPuoliautomaattinen<\/p>\n<p>Reittisuunnitelman katkaisu : 140 mm<\/p>\n<p>S\u00e4\u00e4d\u00e4 paksuus : 0~13 mm<\/p>\n<p>Ter\u00e4n halkaisija :\u2205220 mm<\/p>\n<p>Teho : 210 W<\/p>\n<p>J\u00e4nnite : 220V 50Hz<\/p>\n<p>Tuotteen koko :410*400*350(mm)<\/p>\n<p>Pakkauksen koko :465*355*425(mm)<\/p>\n<p>PAINO\/N.W :16.5\/14.5(KG)<\/p>","protected":false},"featured_media":1630,"template":"","meta":[],"product_brand":[],"product_cat":[42],"product_tag":[],"class_list":{"0":"post-1678","1":"product","2":"type-product","3":"status-publish","4":"has-post-thumbnail","6":"product_cat-meat-slicer","8":"first","9":"instock","10":"shipping-taxable","11":"product-type-simple"},"_links":{"self":[{"href":"https:\/\/sausage-stuffer.com\/fi\/wp-json\/wp\/v2\/product\/1678","targetHints":{"allow":["GET"]}}],"collection":[{"href":"https:\/\/sausage-stuffer.com\/fi\/wp-json\/wp\/v2\/product"}],"about":[{"href":"https:\/\/sausage-stuffer.com\/fi\/wp-json\/wp\/v2\/types\/product"}],"wp:featuredmedia":[{"embeddable":true,"href":"https:\/\/sausage-stuffer.com\/fi\/wp-json\/wp\/v2\/media\/1630"}],"wp:attachment":[{"href":"https:\/\/sausage-stuffer.com\/fi\/wp-json\/wp\/v2\/media?parent=1678"}],"wp:term":[{"taxonomy":"product_brand","embeddable":true,"href":"https:\/\/sausage-stuffer.com\/fi\/wp-json\/wp\/v2\/product_brand?post=1678"},{"taxonomy":"product_cat","embeddable":true,"href":"https:\/\/sausage-stuffer.com\/fi\/wp-json\/wp\/v2\/product_cat?post=1678"},{"taxonomy":"product_tag","embeddable":true,"href":"https:\/\/sausage-stuffer.com\/fi\/wp-json\/wp\/v2\/product_tag?post=1678"}],"curies":[{"name":"wp","href":"https:\/\/api.w.org\/{rel}","templated":true}]}}