{"id":1609,"date":"2024-07-23T14:34:08","date_gmt":"2024-07-23T14:34:08","guid":{"rendered":"https:\/\/sausage-stuffer.com\/?post_type=product&#038;p=1609"},"modified":"2024-08-15T06:09:40","modified_gmt":"2024-08-15T06:09:40","slug":"sausage-maker-stuffer-sh5","status":"publish","type":"product","link":"https:\/\/sausage-stuffer.com\/fi\/manufacturer\/sausage-maker-stuffer-sh5\/","title":{"rendered":"Makkarankeitin Stuffer SH-5"},"content":{"rendered":"<h2><strong>Makkarankeittimen puskurin edut<\/strong><\/h2>\n<ol>\n<li><strong>Valvonta<\/strong>: Mahdollistaa t\u00e4ytt\u00f6prosessin tarkan hallinnan, mik\u00e4 voi johtaa laadukkaampaan lopputuotteeseen.<\/li>\n<li><strong>Kest\u00e4vyys<\/strong>: Tyypillisesti vankempi ja kest\u00e4v\u00e4mpi kuin pystymallit.<\/li>\n<li><strong>Helppok\u00e4ytt\u00f6isyys<\/strong>: Usein helpompi k\u00e4ytt\u00e4\u00e4 aloittelijoille, koska vaakasuora muotoilu tarjoaa paremman vipuvoiman.<\/li>\n<\/ol>\n<p>&nbsp;<\/p>\n<h2><strong>Makkarankeittimen puskurin haitat<\/strong><\/h2>\n<ol>\n<li><strong>Koko<\/strong>: Voi vied\u00e4 enemm\u00e4n tiskitilaa kuin pystysuorat t\u00e4yteaineet.<\/li>\n<li><strong>Paino<\/strong>: Voi olla raskas ja hankala siirt\u00e4\u00e4 tai varastoida.<\/li>\n<\/ol>\n<p>&nbsp;<\/p>\n<h2><strong>Yleiset k\u00e4ytt\u00f6tarkoitukset<\/strong><\/h2>\n<ul>\n<li>Erilaisten makkaroiden, kuten bratwurstin, chorizon, italialaisen makkaran ja aamiaismakkaran valmistus.<\/li>\n<li>Soveltuu sek\u00e4 kotik\u00e4ytt\u00f6\u00f6n ett\u00e4 pienimuotoiseen kaupalliseen k\u00e4ytt\u00f6\u00f6n.<\/li>\n<\/ul>\n<p>&nbsp;<\/p>\n<h2><strong>Makkaranpaistajan puskurin huolto<\/strong><\/h2>\n<ol>\n<li><strong>Puhdistus<\/strong>: Pura ja puhdista perusteellisesti jokaisen k\u00e4ytt\u00f6kerran j\u00e4lkeen, jotta lihan j\u00e4\u00e4mi\u00e4 ei kerry ja jotta elintarvikkeiden turvallisuus voidaan varmistaa.<\/li>\n<li><strong>Voitelu<\/strong>: Voitele ajoittain liikkuvat osat sujuvan toiminnan varmistamiseksi.<\/li>\n<\/ol>","protected":false},"excerpt":{"rendered":"<h4><strong><span class=\"Y2IQFc\" lang=\"en\">Perusparametrit<\/span><\/strong><\/h4>\n<p>Tyyppi\uff1avaaka m<span class=\"Y2IQFc\" lang=\"en\">anual s<\/span>pussin t\u00e4ytteen\u00e4<\/p>\n<p>Sylinterin l\u00e4pimitta xl (mm) \uff1a\uffe0140*320<\/p>\n<p>Koko: 288*360*690\uff08mm\uff09<\/p>\n<p>Nettopaino \uff1a10 KG<\/p>\n<p id=\"tw-target-text\" class=\"tw-data-text tw-text-large tw-ta\" dir=\"ltr\" data-placeholder=\"Translation\" aria-label=\"K\u00e4\u00e4nnetty teksti\" data-ved=\"2ahUKEwikr8X52saHAxV4mq8BHbZ8AHMQ3ewLegQIEhAU\"><span class=\"Y2IQFc\" lang=\"en\">Tilavuus \uff1a5L<\/span><\/p>","protected":false},"featured_media":1795,"template":"","meta":[],"product_brand":[],"product_cat":[48],"product_tag":[],"class_list":{"0":"post-1609","1":"product","2":"type-product","3":"status-publish","4":"has-post-thumbnail","6":"product_cat-horizontal-manual-sausage-stuffer","8":"first","9":"instock","10":"shipping-taxable","11":"product-type-simple"},"_links":{"self":[{"href":"https:\/\/sausage-stuffer.com\/fi\/wp-json\/wp\/v2\/product\/1609","targetHints":{"allow":["GET"]}}],"collection":[{"href":"https:\/\/sausage-stuffer.com\/fi\/wp-json\/wp\/v2\/product"}],"about":[{"href":"https:\/\/sausage-stuffer.com\/fi\/wp-json\/wp\/v2\/types\/product"}],"wp:featuredmedia":[{"embeddable":true,"href":"https:\/\/sausage-stuffer.com\/fi\/wp-json\/wp\/v2\/media\/1795"}],"wp:attachment":[{"href":"https:\/\/sausage-stuffer.com\/fi\/wp-json\/wp\/v2\/media?parent=1609"}],"wp:term":[{"taxonomy":"product_brand","embeddable":true,"href":"https:\/\/sausage-stuffer.com\/fi\/wp-json\/wp\/v2\/product_brand?post=1609"},{"taxonomy":"product_cat","embeddable":true,"href":"https:\/\/sausage-stuffer.com\/fi\/wp-json\/wp\/v2\/product_cat?post=1609"},{"taxonomy":"product_tag","embeddable":true,"href":"https:\/\/sausage-stuffer.com\/fi\/wp-json\/wp\/v2\/product_tag?post=1609"}],"curies":[{"name":"wp","href":"https:\/\/api.w.org\/{rel}","templated":true}]}}