{"id":1607,"date":"2024-07-23T14:32:43","date_gmt":"2024-07-23T14:32:43","guid":{"rendered":"https:\/\/sausage-stuffer.com\/?post_type=product&#038;p=1607"},"modified":"2024-08-15T06:11:04","modified_gmt":"2024-08-15T06:11:04","slug":"sausage-stuffer-maker-sh3","status":"publish","type":"product","link":"https:\/\/sausage-stuffer.com\/fi\/manufacturer\/sausage-stuffer-maker-sh3\/","title":{"rendered":"Makkarant\u00e4ytteenkeitin SH-3"},"content":{"rendered":"<h2><strong>Makkarapuskurin suunnittelu ja toimivuus<\/strong><\/h2>\n<p>1: Se mahdollistaa makkaran suolien johdonmukaisemman ja tasaisemman t\u00e4yt\u00f6n. Vaakasuora rakenne on usein vakaampi verrattuna pystysuoriin t\u00e4ytt\u00f6laitteisiin.<\/p>\n<p>2: N\u00e4in k\u00e4ytt\u00e4j\u00e4 voi hallita makkaran t\u00e4ytt\u00f6prosessin nopeutta ja painetta. T\u00e4m\u00e4 k\u00e4sik\u00e4ytt\u00f6inen ohjaus voi johtaa parempaan tasalaatuisuuteen ja pienempiin ilmataskuihin makkaroissa.<\/p>\n<p>3.Kapasiteetti: Vaakasuorat manuaaliset makkarat\u00e4ytteet ovat eri kapasiteetilla, tyypillisesti 5 kilosta 20 kiloon tai enemm\u00e4n, ja niihin mahtuu erilaisia er\u00e4kokoja k\u00e4ytt\u00e4j\u00e4n tarpeiden mukaan.<\/p>\n<p>4: Laadukkaat vaakasuorat t\u00e4yteaineet on yleens\u00e4 valmistettu ruostumattomasta ter\u00e4ksest\u00e4 tai muista kest\u00e4vist\u00e4 materiaaleista, jotka on helppo puhdistaa ja jotka kest\u00e4v\u00e4t ruostetta ja korroosiota.<\/p>\n<p>5.Komponentit:<\/p>\n<ul>\n<li><strong>Sylinteri<\/strong>: Minne makkaraseos laitetaan.<\/li>\n<li><strong>M\u00e4nt\u00e4<\/strong>: Liikuttaa seosta sylinterin l\u00e4pi.<\/li>\n<li><strong>Kampi kahva<\/strong>: K\u00e4ytt\u00e4\u00e4 m\u00e4nt\u00e4\u00e4 manuaalisesti.<\/li>\n<li><strong>Suuttimet\/suppilot<\/strong>: Eri kokoja eri makkaratyypeille.<\/li>\n<\/ul>","protected":false},"excerpt":{"rendered":"<h2><strong><span class=\"Y2IQFc\" lang=\"en\">Perusparametrit Makkara Stuffer Maker<\/span><\/strong><\/h2>\n<p>Tyyppi\uff1avaaka m<span class=\"Y2IQFc\" lang=\"en\">anual s<\/span>pussin t\u00e4ytteen\u00e4<\/p>\n<p>Sylinterin l\u00e4pimitta xl (mm) \uff1a\uffe0140*200<\/p>\n<p>Koko: 288*360*570\uff08mm\uff09<\/p>\n<p>Nettopaino \uff1a9 KG<\/p>\n<p id=\"tw-target-text\" class=\"tw-data-text tw-text-large tw-ta\" dir=\"ltr\" data-placeholder=\"Translation\" aria-label=\"K\u00e4\u00e4nnetty teksti\" data-ved=\"2ahUKEwikr8X52saHAxV4mq8BHbZ8AHMQ3ewLegQIEhAU\"><span class=\"Y2IQFc\" lang=\"en\">Tilavuus \uff1a3 L<\/span><\/p>","protected":false},"featured_media":1794,"template":"","meta":[],"product_brand":[],"product_cat":[48],"product_tag":[],"class_list":{"0":"post-1607","1":"product","2":"type-product","3":"status-publish","4":"has-post-thumbnail","6":"product_cat-horizontal-manual-sausage-stuffer","8":"first","9":"instock","10":"shipping-taxable","11":"product-type-simple"},"_links":{"self":[{"href":"https:\/\/sausage-stuffer.com\/fi\/wp-json\/wp\/v2\/product\/1607","targetHints":{"allow":["GET"]}}],"collection":[{"href":"https:\/\/sausage-stuffer.com\/fi\/wp-json\/wp\/v2\/product"}],"about":[{"href":"https:\/\/sausage-stuffer.com\/fi\/wp-json\/wp\/v2\/types\/product"}],"wp:featuredmedia":[{"embeddable":true,"href":"https:\/\/sausage-stuffer.com\/fi\/wp-json\/wp\/v2\/media\/1794"}],"wp:attachment":[{"href":"https:\/\/sausage-stuffer.com\/fi\/wp-json\/wp\/v2\/media?parent=1607"}],"wp:term":[{"taxonomy":"product_brand","embeddable":true,"href":"https:\/\/sausage-stuffer.com\/fi\/wp-json\/wp\/v2\/product_brand?post=1607"},{"taxonomy":"product_cat","embeddable":true,"href":"https:\/\/sausage-stuffer.com\/fi\/wp-json\/wp\/v2\/product_cat?post=1607"},{"taxonomy":"product_tag","embeddable":true,"href":"https:\/\/sausage-stuffer.com\/fi\/wp-json\/wp\/v2\/product_tag?post=1607"}],"curies":[{"name":"wp","href":"https:\/\/api.w.org\/{rel}","templated":true}]}}