{"id":1606,"date":"2024-07-23T14:25:04","date_gmt":"2024-07-23T14:25:04","guid":{"rendered":"https:\/\/sausage-stuffer.com\/?post_type=product&#038;p=1606"},"modified":"2024-08-15T03:35:17","modified_gmt":"2024-08-15T03:35:17","slug":"15-pound-sausage-stuffer-sv15","status":"publish","type":"product","link":"https:\/\/sausage-stuffer.com\/fi\/manufacturer\/15-pound-sausage-stuffer-sv15\/","title":{"rendered":"15-kiloinen makkarapuskuri SV15"},"content":{"rendered":"<h2><strong>15 puntaa<\/strong><strong>\u00a0<\/strong><strong>Makkarapuskuri M<\/strong><strong>achine:<\/strong><\/h2>\n<ul>\n<li>Ruostumattomasta ter\u00e4ksest\u00e4 valmistettu rakenne.<\/li>\n<li>Kaksinopeuksinen rakenne nopeaa irrotusta ja hidasta t\u00e4ytt\u00f6\u00e4 varten.<\/li>\n<li>Mukana nelj\u00e4 ruostumattomasta ter\u00e4ksest\u00e4 valmistettua suutinta.<\/li>\n<\/ul>\n<p>&nbsp;<\/p>\n<h2><span style=\"font-size: 100%;\"><strong>15 Pound Sausage Stuffer t\u00e4rkeimm\u00e4t ominaisuudet<\/strong>:<\/span><\/h2>\n<div class=\"flex-shrink-0 flex flex-col relative items-end\">\n<div class=\"pt-0\">\n<ol>\n<li>Pystysylinteri: Pystysuoran rakenteen ansiosta painovoima auttaa t\u00e4ytt\u00f6prosessissa, mik\u00e4 helpottaa lihaseoksen k\u00e4sittely\u00e4.<\/li>\n<li>Manuaalinen kampi: K\u00e4ytt\u00e4\u00e4 k\u00e4sikahvaa, jolloin k\u00e4ytt\u00e4j\u00e4 voi hallita t\u00e4yt\u00f6n nopeutta.<\/li>\n<li>Ruostumaton ter\u00e4s Rakenne: Kest\u00e4v\u00e4 ja helppo puhdistaa, est\u00e4\u00e4 ruostumista ja yll\u00e4pit\u00e4\u00e4 hygieniaa.<\/li>\n<li>Useita suuttimia: Mukana erikokoisia t\u00e4yteputkia erilaisten makkaroiden valmistukseen.<\/li>\n<li>Kapasiteetti: Saatavana eri kapasiteetteja, tyypillisesti 5-15 kiloa, jotka soveltuvat eri er\u00e4kokoja varten.<\/li>\n<li>Irrotettavat osat: Perusteellista puhdistusta varten helppo purkaa<\/li>\n<\/ol>\n<\/div>\n<\/div>","protected":false},"excerpt":{"rendered":"<h4><strong><span class=\"Y2IQFc\" lang=\"en\">Perusparametrit<\/span><\/strong><\/h4>\n<p>Tyyppi\uff1a15 kiloa <span class=\"Y2IQFc\" lang=\"en\">s<\/span>pussin t\u00e4ytteen\u00e4<\/p>\n<p>Sylinterin l\u00e4pimitta xl (mm): \uffe0219*400<\/p>\n<p>Koko: 370*330*710\uff08mm\uff09<\/p>\n<p>Nettopaino \uff1a15 KG<\/p>\n<p id=\"tw-target-text\" class=\"tw-data-text tw-text-large tw-ta\" dir=\"ltr\" data-placeholder=\"Translation\" aria-label=\"K\u00e4\u00e4nnetty teksti\" data-ved=\"2ahUKEwikr8X52saHAxV4mq8BHbZ8AHMQ3ewLegQIEhAU\"><span class=\"Y2IQFc\" lang=\"en\">Tilavuus \uff1a15 L<\/span><\/p>","protected":false},"featured_media":1558,"template":"","meta":[],"product_brand":[],"product_cat":[47],"product_tag":[],"class_list":{"0":"post-1606","1":"product","2":"type-product","3":"status-publish","4":"has-post-thumbnail","6":"product_cat-vertical-manual-sausage-stuffer","8":"first","9":"instock","10":"shipping-taxable","11":"product-type-simple"},"_links":{"self":[{"href":"https:\/\/sausage-stuffer.com\/fi\/wp-json\/wp\/v2\/product\/1606","targetHints":{"allow":["GET"]}}],"collection":[{"href":"https:\/\/sausage-stuffer.com\/fi\/wp-json\/wp\/v2\/product"}],"about":[{"href":"https:\/\/sausage-stuffer.com\/fi\/wp-json\/wp\/v2\/types\/product"}],"wp:featuredmedia":[{"embeddable":true,"href":"https:\/\/sausage-stuffer.com\/fi\/wp-json\/wp\/v2\/media\/1558"}],"wp:attachment":[{"href":"https:\/\/sausage-stuffer.com\/fi\/wp-json\/wp\/v2\/media?parent=1606"}],"wp:term":[{"taxonomy":"product_brand","embeddable":true,"href":"https:\/\/sausage-stuffer.com\/fi\/wp-json\/wp\/v2\/product_brand?post=1606"},{"taxonomy":"product_cat","embeddable":true,"href":"https:\/\/sausage-stuffer.com\/fi\/wp-json\/wp\/v2\/product_cat?post=1606"},{"taxonomy":"product_tag","embeddable":true,"href":"https:\/\/sausage-stuffer.com\/fi\/wp-json\/wp\/v2\/product_tag?post=1606"}],"curies":[{"name":"wp","href":"https:\/\/api.w.org\/{rel}","templated":true}]}}