{"id":1605,"date":"2024-07-23T14:24:10","date_gmt":"2024-07-23T14:24:10","guid":{"rendered":"https:\/\/sausage-stuffer.com\/?post_type=product&#038;p=1605"},"modified":"2024-08-15T03:56:37","modified_gmt":"2024-08-15T03:56:37","slug":"sausage-stuffer-commercial-sv12","status":"publish","type":"product","link":"https:\/\/sausage-stuffer.com\/fi\/manufacturer\/sausage-stuffer-commercial-sv12\/","title":{"rendered":"Makkarant\u00e4ytteent\u00e4ytt\u00e4j\u00e4 kaupallinen SV12"},"content":{"rendered":"<h2><strong>Makkarant\u00e4ytteenkeitin Commercial 12L:<\/strong><\/h2>\n<ul>\n<li>Ruostumattomasta ter\u00e4ksest\u00e4 valmistettu rakenne.<\/li>\n<li>Kaksinopeuksinen rakenne nopeaa irrotusta ja hidasta t\u00e4ytt\u00f6\u00e4 varten.<\/li>\n<li>Mukana nelj\u00e4 ruostumattomasta ter\u00e4ksest\u00e4 valmistettua suutinta.<\/li>\n<\/ul>\n<p>&nbsp;<\/p>\n<h2><strong>Makkarapuskurin kaupalliset edut:<\/strong><\/h2>\n<ul>\n<li><strong>Valvonta<\/strong>: K\u00e4sik\u00e4ytt\u00f6 mahdollistaa t\u00e4ytt\u00f6prosessin tarkan hallinnan.<\/li>\n<li><strong>Kohtuuhintaisuus<\/strong>: Yleens\u00e4 edullisempia kuin s\u00e4hk\u00f6mallit.<\/li>\n<li><strong>Kompakti muotoilu<\/strong>: Vie v\u00e4hemm\u00e4n tiskitilaa kuin vaakasuorat t\u00e4yteaineet.<\/li>\n<li><strong>Luotettavuus<\/strong>: V\u00e4hemm\u00e4n mekaanisia osia tarkoittaa v\u00e4hemm\u00e4n rikkoutumismahdollisuuksia.<\/li>\n<\/ul>","protected":false},"excerpt":{"rendered":"<h4><strong><span class=\"Y2IQFc\" lang=\"en\">Perusparametrit<\/span><\/strong><\/h4>\n<p>Tyyppi\uff1apystysuora m<span class=\"Y2IQFc\" lang=\"en\">anual s<\/span>pussin t\u00e4ytteen\u00e4<\/p>\n<p>Sylinterin l\u00e4pimitta xl (mm):\uffe0219*320<\/p>\n<p>Koko: 370*330*630\uff08mm\uff09<\/p>\n<p>Nettopaino \uff1a13 KG<\/p>\n<p id=\"tw-target-text\" class=\"tw-data-text tw-text-large tw-ta\" dir=\"ltr\" data-placeholder=\"Translation\" aria-label=\"K\u00e4\u00e4nnetty teksti\" data-ved=\"2ahUKEwikr8X52saHAxV4mq8BHbZ8AHMQ3ewLegQIEhAU\"><span class=\"Y2IQFc\" lang=\"en\">Tilavuus \uff1a12 L<\/span><\/p>","protected":false},"featured_media":1557,"template":"","meta":[],"product_brand":[],"product_cat":[47],"product_tag":[],"class_list":{"0":"post-1605","1":"product","2":"type-product","3":"status-publish","4":"has-post-thumbnail","6":"product_cat-vertical-manual-sausage-stuffer","8":"first","9":"instock","10":"shipping-taxable","11":"product-type-simple"},"_links":{"self":[{"href":"https:\/\/sausage-stuffer.com\/fi\/wp-json\/wp\/v2\/product\/1605","targetHints":{"allow":["GET"]}}],"collection":[{"href":"https:\/\/sausage-stuffer.com\/fi\/wp-json\/wp\/v2\/product"}],"about":[{"href":"https:\/\/sausage-stuffer.com\/fi\/wp-json\/wp\/v2\/types\/product"}],"wp:featuredmedia":[{"embeddable":true,"href":"https:\/\/sausage-stuffer.com\/fi\/wp-json\/wp\/v2\/media\/1557"}],"wp:attachment":[{"href":"https:\/\/sausage-stuffer.com\/fi\/wp-json\/wp\/v2\/media?parent=1605"}],"wp:term":[{"taxonomy":"product_brand","embeddable":true,"href":"https:\/\/sausage-stuffer.com\/fi\/wp-json\/wp\/v2\/product_brand?post=1605"},{"taxonomy":"product_cat","embeddable":true,"href":"https:\/\/sausage-stuffer.com\/fi\/wp-json\/wp\/v2\/product_cat?post=1605"},{"taxonomy":"product_tag","embeddable":true,"href":"https:\/\/sausage-stuffer.com\/fi\/wp-json\/wp\/v2\/product_tag?post=1605"}],"curies":[{"name":"wp","href":"https:\/\/api.w.org\/{rel}","templated":true}]}}