{"id":1717,"date":"2024-07-28T14:39:28","date_gmt":"2024-07-28T14:39:28","guid":{"rendered":"https:\/\/sausage-stuffer.com\/?post_type=product&#038;p=1717"},"modified":"2024-08-03T07:20:46","modified_gmt":"2024-08-03T07:20:46","slug":"commercial-bone-cutting-machine-jg210b","status":"publish","type":"product","link":"https:\/\/sausage-stuffer.com\/es\/manufacturer\/commercial-bone-cutting-machine-jg210b\/","title":{"rendered":"M\u00e1quina cortadora de huesos comercial JG210B"},"content":{"rendered":"<p>Una cortadora de huesos comercial es un equipo especializado dise\u00f1ado para tareas pesadas de procesamiento de carne, en particular para cortar huesos, carne congelada y otros materiales duros en cocinas comerciales, carnicer\u00edas y plantas de procesamiento de carne. A continuaci\u00f3n se indican algunas caracter\u00edsticas y consideraciones clave de este tipo de m\u00e1quinas:<\/p>\n<h3><strong>Caracter\u00edsticas<\/strong><\/h3>\n<h4><strong>1.Motor potente :<\/strong><\/h4>\n<ul>\n<li>\n<h4><span style=\"color: #333333; font-size: 14.4px;\">Motores de alta potencia para garantizar un corte suave y eficaz de materiales duros.<\/span><\/h4>\n<\/li>\n<\/ul>\n<h4><strong>2.Construcci\u00f3n duradera:<\/strong><\/h4>\n<ul>\n<li>Construido con materiales robustos como el acero inoxidable para soportar un uso intensivo y garantizar la longevidad.<\/li>\n<li>Las propiedades anticorrosivas son importantes para la higiene y la durabilidad.<\/li>\n<\/ul>\n<h4><strong>3.Caracter\u00edsticas de seguridad:<\/strong><\/h4>\n<ul>\n<li>Equipado con protecciones de seguridad, botones de parada de emergencia y bases antideslizantes para garantizar la seguridad del usuario.<\/li>\n<li>Algunos modelos vienen con funciones de desconexi\u00f3n autom\u00e1tica de la cuchilla si la m\u00e1quina se abre durante el funcionamiento.<\/li>\n<\/ul>\n<h4><strong>4.Cuchilla ajustable:<\/strong><\/h4>\n<ul>\n<li>Cuchillas ajustables para adaptarse a diferentes grosores y tipos de corte.<\/li>\n<li>Cuchillas f\u00e1ciles de cambiar para diferentes necesidades de corte y mantenimiento.<\/li>\n<\/ul>\n<h4><strong>5.Dise\u00f1o higi\u00e9nico:<\/strong><\/h4>\n<ul>\n<li>Dise\u00f1ado para facilitar la limpieza y mantener un alto nivel de higiene.<\/li>\n<li>Piezas desmontables aptas para lavavajillas o f\u00e1ciles de desinfectar.<\/li>\n<\/ul>\n<h4><strong>6.Corte de precisi\u00f3n:<\/strong><\/h4>\n<ul>\n<li>Ofrece cortes precisos y consistentes para garantizar la uniformidad de las porciones de carne.<\/li>\n<li>Algunas m\u00e1quinas vienen con gu\u00edas de medici\u00f3n para cortes exactos.<\/li>\n<\/ul>\n<h3><strong>Consideraciones<\/strong><\/h3>\n<p><strong>1.Capacidad:<\/strong><\/p>\n<ul>\n<li>La m\u00e1quina debe ajustarse al volumen de procesamiento necesario para su negocio.<\/li>\n<li>Tenga en cuenta el tama\u00f1o de la mesa de corte y el grosor m\u00e1ximo que puede soportar.<\/li>\n<\/ul>\n<p><strong>2.Facilidad de uso:<\/strong><\/p>\n<ul>\n<li>Unos controles f\u00e1ciles de usar y unas instrucciones claras son cruciales para un funcionamiento eficaz.<\/li>\n<li>Tambi\u00e9n deben tenerse en cuenta los requisitos de formaci\u00f3n del personal.<\/li>\n<\/ul>\n<p><strong>3.Mantenimiento:<\/strong><\/p>\n<ul>\n<li>Busque m\u00e1quinas con piezas de f\u00e1cil acceso para el mantenimiento y las reparaciones.<\/li>\n<li>Disponibilidad de piezas de repuesto y asistencia del fabricante.<\/li>\n<\/ul>\n<p><strong>4.Eficiencia energ\u00e9tica:<\/strong><\/p>\n<ul>\n<li>Las m\u00e1quinas con funciones de ahorro de energ\u00eda pueden reducir los costes operativos con el tiempo.<\/li>\n<\/ul>\n<p><strong>5.Coste:<\/strong><\/p>\n<ul>\n<li>Equilibre la inversi\u00f3n inicial con la durabilidad y el rendimiento esperados de la m\u00e1quina.<\/li>\n<li>Considere el coste total de propiedad, incluidos los costes de mantenimiento y funcionamiento.<\/li>\n<\/ul>\n<h3><strong>Aplicaciones de la m\u00e1quina cortadora de huesos comercial<\/strong><\/h3>\n<p><strong>Carnicer\u00edas:<\/strong><\/p>\n<ul>\n<li>Para cortar grandes secciones de carne y hueso con precisi\u00f3n y rapidez.<\/li>\n<\/ul>\n<p><strong>Plantas de procesamiento de carne:<\/strong><\/p>\n<ul>\n<li>Imprescindible para la elaboraci\u00f3n de grandes vol\u00famenes de productos c\u00e1rnicos.<\/li>\n<\/ul>\n<p><strong>Cocinas comerciales:<\/strong><\/p>\n<ul>\n<li>\u00datil para restaurantes y servicios de catering que manejan cantidades significativas de preparaci\u00f3n de carne.<\/li>\n<\/ul>","protected":false},"excerpt":{"rendered":"<h4><strong><span class=\"Y2IQFc\" lang=\"en\">M\u00e1quina cortadora de huesos comercial JG210B Par\u00e1metros t\u00e9cnicos\uff1a<\/span><\/strong><\/h4>\n<ul>\n<li class=\"tw-data-text tw-text-large tw-ta\" dir=\"ltr\" data-placeholder=\"Translation\" aria-label=\"Texto traducido\" data-ved=\"2ahUKEwj2ucO6-8mHAxXmh68BHRM1GoEQ3ewLegQIEBAU\">Tensi\u00f3n \uff1a110 -220 v<\/li>\n<li class=\"tw-data-text tw-text-large tw-ta\" dir=\"ltr\" data-placeholder=\"Translation\" aria-label=\"Texto traducido\" data-ved=\"2ahUKEwj2ucO6-8mHAxXmh68BHRM1GoEQ3ewLegQIEBAU\"><span class=\"Y2IQFc\" lang=\"en\">Frecuencia \uff1a50\/60 Hz<\/span><\/li>\n<li dir=\"ltr\" data-placeholder=\"Translation\" aria-label=\"Texto traducido\" data-ved=\"2ahUKEwj2ucO6-8mHAxXmh68BHRM1GoEQ3ewLegQIEBAU\">Potencia del motor :1500 w<\/li>\n<li dir=\"ltr\" data-placeholder=\"Translation\" aria-label=\"Texto traducido\" data-ved=\"2ahUKEwj2ucO6-8mHAxXmh68BHRM1GoEQ3ewLegQIEBAU\">Longitud de la hoja : 2400 mm<\/li>\n<li dir=\"ltr\" data-placeholder=\"Translation\" aria-label=\"Texto traducido\" data-ved=\"2ahUKEwj2ucO6-8mHAxXmh68BHRM1GoEQ3ewLegQIEBAU\">Especificaci\u00f3n de la mesa :506*416 mm<\/li>\n<li dir=\"ltr\" data-placeholder=\"Translation\" aria-label=\"Texto traducido\" data-ved=\"2ahUKEwj2ucO6-8mHAxXmh68BHRM1GoEQ3ewLegQIEBAU\">Espesor de corte :5-155 mm<\/li>\n<li dir=\"ltr\" data-placeholder=\"Translation\" aria-label=\"Texto traducido\" data-ved=\"2ahUKEwj2ucO6-8mHAxXmh68BHRM1GoEQ3ewLegQIEBAU\">G.W\/N.W :61 KG\/51 KG<\/li>\n<li dir=\"ltr\" data-placeholder=\"Translation\" aria-label=\"Texto traducido\" data-ved=\"2ahUKEwj2ucO6-8mHAxXmh68BHRM1GoEQ3ewLegQIEBAU\">Tama\u00f1o del producto :52*56*97 cm<\/li>\n<li dir=\"ltr\" data-placeholder=\"Translation\" aria-label=\"Texto traducido\" data-ved=\"2ahUKEwj2ucO6-8mHAxXmh68BHRM1GoEQ3ewLegQIEBAU\">Tama\u00f1o del paquete :62*66*107 cm<\/li>\n<\/ul>","protected":false},"featured_media":1862,"template":"","meta":[],"product_brand":[],"product_cat":[44],"product_tag":[],"class_list":{"0":"post-1717","1":"product","2":"type-product","3":"status-publish","4":"has-post-thumbnail","6":"product_cat-bone-cutting-machine","8":"first","9":"instock","10":"shipping-taxable","11":"product-type-simple"},"_links":{"self":[{"href":"https:\/\/sausage-stuffer.com\/es\/wp-json\/wp\/v2\/product\/1717","targetHints":{"allow":["GET"]}}],"collection":[{"href":"https:\/\/sausage-stuffer.com\/es\/wp-json\/wp\/v2\/product"}],"about":[{"href":"https:\/\/sausage-stuffer.com\/es\/wp-json\/wp\/v2\/types\/product"}],"wp:featuredmedia":[{"embeddable":true,"href":"https:\/\/sausage-stuffer.com\/es\/wp-json\/wp\/v2\/media\/1862"}],"wp:attachment":[{"href":"https:\/\/sausage-stuffer.com\/es\/wp-json\/wp\/v2\/media?parent=1717"}],"wp:term":[{"taxonomy":"product_brand","embeddable":true,"href":"https:\/\/sausage-stuffer.com\/es\/wp-json\/wp\/v2\/product_brand?post=1717"},{"taxonomy":"product_cat","embeddable":true,"href":"https:\/\/sausage-stuffer.com\/es\/wp-json\/wp\/v2\/product_cat?post=1717"},{"taxonomy":"product_tag","embeddable":true,"href":"https:\/\/sausage-stuffer.com\/es\/wp-json\/wp\/v2\/product_tag?post=1717"}],"curies":[{"name":"wp","href":"https:\/\/api.w.org\/{rel}","templated":true}]}}