{"id":1693,"date":"2024-07-26T10:28:23","date_gmt":"2024-07-26T10:28:23","guid":{"rendered":"https:\/\/sausage-stuffer.com\/?post_type=product&#038;p=1693"},"modified":"2024-08-03T07:19:27","modified_gmt":"2024-08-03T07:19:27","slug":"electric-bone-cutting-machine-jg210a","status":"publish","type":"product","link":"https:\/\/sausage-stuffer.com\/es\/manufacturer\/electric-bone-cutting-machine-jg210a\/","title":{"rendered":"M\u00e1quina cortadora de huesos el\u00e9ctrica JG210A"},"content":{"rendered":"<p>En comparaci\u00f3n con la JG210, la carcasa de la JG210A est\u00e1 hecha principalmente de material de hierro, y su aspecto es m\u00e1s moderno gracias al proceso de pintura por pulverizaci\u00f3n, manteniendo la parte principal hecha de material de acero inoxidable que cumple las normas de seguridad alimentaria. Este dise\u00f1o mejorado puede mejorar el atractivo visual del producto al tiempo que garantiza la seguridad de las partes en contacto con los alimentos.<\/p>\n<h4><strong>M\u00e1quina para cortar huesos Aplicaci\u00f3n:<\/strong><\/h4>\n<ul>\n<li>Adecuado para la f\u00e1brica de procesamiento de alimentos, la industria de catering, cantina, se puede cortar todo tipo de huesos, carne congelada, pescado congelado y corte rasorial.<\/li>\n<li>La m\u00e1quina se utiliza para cortar carne congelada y carne a temperatura normal, pero no sirve para carne sin hueso a temperatura normal.<\/li>\n<\/ul>\n<p>&nbsp;<\/p>\n<p><strong><b>Caracter\u00edsticas:<\/b><\/strong><\/p>\n<ul>\n<li>Alta eficiencia, bajo consumo, seguro y fiable.<\/li>\n<li>Manejo sencillo, limpieza c\u00f3moda, rendimiento estable<\/li>\n<li>Cuerpo de aleaci\u00f3n de aluminio, las partes en contacto con los alimentos son de acero inoxidable 304, hoja de sierra de acero macizo, firme y duradera<\/li>\n<li>Dispositivo de seguridad impermeable incorporado, cuando la cubierta exterior de la m\u00e1quina se abre, dejar\u00e1 de funcionar<\/li>\n<\/ul>","protected":false},"excerpt":{"rendered":"<h4><strong><span class=\"Y2IQFc\" lang=\"en\">M\u00e1quina cortadora de huesos JG210A Par\u00e1metros t\u00e9cnicos\uff1a<\/span><\/strong><\/h4>\n<ul>\n<li class=\"tw-data-text tw-text-large tw-ta\" dir=\"ltr\" data-placeholder=\"Translation\" aria-label=\"Texto traducido\" data-ved=\"2ahUKEwj2ucO6-8mHAxXmh68BHRM1GoEQ3ewLegQIEBAU\">Tensi\u00f3n \uff1a110 -220 v<\/li>\n<li class=\"tw-data-text tw-text-large tw-ta\" dir=\"ltr\" data-placeholder=\"Translation\" aria-label=\"Texto traducido\" data-ved=\"2ahUKEwj2ucO6-8mHAxXmh68BHRM1GoEQ3ewLegQIEBAU\"><span class=\"Y2IQFc\" lang=\"en\">Frecuencia \uff1a50\/60 Hz<\/span><\/li>\n<li dir=\"ltr\" data-placeholder=\"Translation\" aria-label=\"Texto traducido\" data-ved=\"2ahUKEwj2ucO6-8mHAxXmh68BHRM1GoEQ3ewLegQIEBAU\">Potencia del motor :750 w<\/li>\n<li dir=\"ltr\" data-placeholder=\"Translation\" aria-label=\"Texto traducido\" data-ved=\"2ahUKEwj2ucO6-8mHAxXmh68BHRM1GoEQ3ewLegQIEBAU\">Especificaci\u00f3n de la mesa: 400*510 mm<\/li>\n<li dir=\"ltr\" data-placeholder=\"Translation\" aria-label=\"Texto traducido\" data-ved=\"2ahUKEwj2ucO6-8mHAxXmh68BHRM1GoEQ3ewLegQIEBAU\">Espesor de corte :5-150 mm<\/li>\n<li dir=\"ltr\" data-placeholder=\"Translation\" aria-label=\"Texto traducido\" data-ved=\"2ahUKEwj2ucO6-8mHAxXmh68BHRM1GoEQ3ewLegQIEBAU\">Altura de corte :245 mm<\/li>\n<li dir=\"ltr\" data-placeholder=\"Translation\" aria-label=\"Texto traducido\" data-ved=\"2ahUKEwj2ucO6-8mHAxXmh68BHRM1GoEQ3ewLegQIEBAU\">G.W\/N.W :46 KG\/36 KG<\/li>\n<li dir=\"ltr\" data-placeholder=\"Translation\" aria-label=\"Texto traducido\" data-ved=\"2ahUKEwj2ucO6-8mHAxXmh68BHRM1GoEQ3ewLegQIEBAU\">Tama\u00f1o del producto :51*51*86 cm<\/li>\n<li dir=\"ltr\" data-placeholder=\"Translation\" aria-label=\"Texto traducido\" data-ved=\"2ahUKEwj2ucO6-8mHAxXmh68BHRM1GoEQ3ewLegQIEBAU\">Tama\u00f1o del paquete :61*61*96 cm<\/li>\n<\/ul>","protected":false},"featured_media":1761,"template":"","meta":[],"product_brand":[],"product_cat":[44],"product_tag":[],"class_list":{"0":"post-1693","1":"product","2":"type-product","3":"status-publish","4":"has-post-thumbnail","6":"product_cat-bone-cutting-machine","8":"first","9":"instock","10":"shipping-taxable","11":"product-type-simple"},"_links":{"self":[{"href":"https:\/\/sausage-stuffer.com\/es\/wp-json\/wp\/v2\/product\/1693","targetHints":{"allow":["GET"]}}],"collection":[{"href":"https:\/\/sausage-stuffer.com\/es\/wp-json\/wp\/v2\/product"}],"about":[{"href":"https:\/\/sausage-stuffer.com\/es\/wp-json\/wp\/v2\/types\/product"}],"wp:featuredmedia":[{"embeddable":true,"href":"https:\/\/sausage-stuffer.com\/es\/wp-json\/wp\/v2\/media\/1761"}],"wp:attachment":[{"href":"https:\/\/sausage-stuffer.com\/es\/wp-json\/wp\/v2\/media?parent=1693"}],"wp:term":[{"taxonomy":"product_brand","embeddable":true,"href":"https:\/\/sausage-stuffer.com\/es\/wp-json\/wp\/v2\/product_brand?post=1693"},{"taxonomy":"product_cat","embeddable":true,"href":"https:\/\/sausage-stuffer.com\/es\/wp-json\/wp\/v2\/product_cat?post=1693"},{"taxonomy":"product_tag","embeddable":true,"href":"https:\/\/sausage-stuffer.com\/es\/wp-json\/wp\/v2\/product_tag?post=1693"}],"curies":[{"name":"wp","href":"https:\/\/api.w.org\/{rel}","templated":true}]}}