{"id":1692,"date":"2024-07-26T10:26:16","date_gmt":"2024-07-26T10:26:16","guid":{"rendered":"https:\/\/sausage-stuffer.com\/?post_type=product&#038;p=1692"},"modified":"2024-07-28T15:09:30","modified_gmt":"2024-07-28T15:09:30","slug":"meat-bone-cutting-machine-jg210","status":"publish","type":"product","link":"https:\/\/sausage-stuffer.com\/es\/manufacturer\/meat-bone-cutting-machine-jg210\/","title":{"rendered":"M\u00e1quina cortadora de huesos de carne JG210"},"content":{"rendered":"<h3><strong>Caracter\u00edsticas de la m\u00e1quina cortadora de huesos<\/strong><\/h3>\n<p><strong>1.Dise\u00f1o<\/strong>:<\/p>\n<ul>\n<li>Suelen ser robustas y estar fabricadas con materiales duraderos, como el acero inoxidable, para soportar tareas pesadas.<\/li>\n<li>Viene en varios tama\u00f1os para adaptarse a diferentes necesidades, desde modelos compactos para peque\u00f1as empresas hasta grandes m\u00e1quinas industriales.<\/li>\n<\/ul>\n<p><strong>2.Blade<\/strong>:<\/p>\n<ul>\n<li>Cuchillas afiladas de alta calidad capaces de cortar huesos y carne congelada.<\/li>\n<li>Suelen ser de acero inoxidable u otros materiales resistentes a la corrosi\u00f3n.<\/li>\n<li>Algunos modelos tienen cuchillas ajustables para cortes de diferentes grosores.<\/li>\n<\/ul>\n<p><strong>3.Motor<\/strong>:<\/p>\n<ul>\n<li>Su potente motor proporciona el par necesario para cortar materiales duros.<\/li>\n<li>La potencia del motor var\u00eda en funci\u00f3n del tama\u00f1o de la m\u00e1quina y del uso previsto, y los modelos industriales tienen motores m\u00e1s potentes.<\/li>\n<\/ul>\n<p><strong>4.Elementos de seguridad<\/strong>:<\/p>\n<ul>\n<li>Equipado con protecciones de seguridad y botones de parada de emergencia para evitar accidentes.<\/li>\n<li>Algunos modelos incorporan mecanismos de desconexi\u00f3n autom\u00e1tica si la cuchilla se atasca o se sobrecalienta.<\/li>\n<\/ul>\n<p><strong>5.Operaci\u00f3n<\/strong>:<\/p>\n<ul>\n<li>Puede ser manual, semiautom\u00e1tica o totalmente autom\u00e1tica.<\/li>\n<li>Las m\u00e1quinas manuales requieren m\u00e1s esfuerzo f\u00edsico, mientras que las autom\u00e1ticas ofrecen m\u00e1s eficacia y facilidad de uso.<\/li>\n<\/ul>\n<p><strong>6.Limpieza y mantenimiento<\/strong>:<\/p>\n<ul>\n<li>Dise\u00f1ado para desmontarlo f\u00e1cilmente y facilitar una limpieza a fondo.<\/li>\n<li>Algunas piezas de algunos modelos se pueden lavar en el lavavajillas.<\/li>\n<\/ul>\n<h3><strong>Ventajas de la m\u00e1quina cortadora de huesos<\/strong><\/h3>\n<p><strong>1.Eficiencia<\/strong>:<\/p>\n<ul>\n<li>Corta huesos y carne congelada con rapidez y precisi\u00f3n, ahorrando tiempo y esfuerzo.<\/li>\n<li>Esencial para operaciones de procesamiento de carne de gran volumen.<\/li>\n<\/ul>\n<p><strong>2.Coherencia<\/strong>:<\/p>\n<ul>\n<li>Garantiza cortes uniformes, lo que es crucial para la presentaci\u00f3n y la consistencia de la cocci\u00f3n.<\/li>\n<\/ul>\n<p><strong>3.Seguridad<\/strong>:<\/p>\n<ul>\n<li>Dise\u00f1ado con m\u00faltiples caracter\u00edsticas de seguridad para proteger al usuario de lesiones.<\/li>\n<li>Reduce el riesgo de accidentes en comparaci\u00f3n con el uso de sierras o cuchillas manuales.<\/li>\n<\/ul>\n<p><strong>4.Polivalencia<\/strong>:<\/p>\n<ul>\n<li>Adecuado para varios tipos de carne y huesos, incluidos los de vacuno, cerdo, cordero y aves de corral.<\/li>\n<li>Algunos modelos tambi\u00e9n pueden manipular productos congelados y pescado.<\/li>\n<\/ul>","protected":false},"excerpt":{"rendered":"<h4><strong><span class=\"Y2IQFc\" lang=\"en\">M\u00e1quina cortadora de huesos JG210 Par\u00e1metros de proceso\uff1a<\/span><\/strong><\/h4>\n<ul>\n<li class=\"tw-data-text tw-text-large tw-ta\" dir=\"ltr\" data-placeholder=\"Translation\" aria-label=\"Texto traducido\" data-ved=\"2ahUKEwj2ucO6-8mHAxXmh68BHRM1GoEQ3ewLegQIEBAU\">Tensi\u00f3n \uff1a110 -220 v<\/li>\n<li class=\"tw-data-text tw-text-large tw-ta\" dir=\"ltr\" data-placeholder=\"Translation\" aria-label=\"Texto traducido\" data-ved=\"2ahUKEwj2ucO6-8mHAxXmh68BHRM1GoEQ3ewLegQIEBAU\"><span class=\"Y2IQFc\" lang=\"en\">Frecuencia \uff1a50\/60 Hz<\/span><\/li>\n<li dir=\"ltr\" data-placeholder=\"Translation\" aria-label=\"Texto traducido\" data-ved=\"2ahUKEwj2ucO6-8mHAxXmh68BHRM1GoEQ3ewLegQIEBAU\">Potencia del motor :750 w<\/li>\n<li dir=\"ltr\" data-placeholder=\"Translation\" aria-label=\"Texto traducido\" data-ved=\"2ahUKEwj2ucO6-8mHAxXmh68BHRM1GoEQ3ewLegQIEBAU\">Especificaci\u00f3n de la mesa: 400*510 mm<\/li>\n<li dir=\"ltr\" data-placeholder=\"Translation\" aria-label=\"Texto traducido\" data-ved=\"2ahUKEwj2ucO6-8mHAxXmh68BHRM1GoEQ3ewLegQIEBAU\">Espesor de corte :5-150 mm<\/li>\n<li dir=\"ltr\" data-placeholder=\"Translation\" aria-label=\"Texto traducido\" data-ved=\"2ahUKEwj2ucO6-8mHAxXmh68BHRM1GoEQ3ewLegQIEBAU\">Altura de corte :245 mm<\/li>\n<li dir=\"ltr\" data-placeholder=\"Translation\" aria-label=\"Texto traducido\" data-ved=\"2ahUKEwj2ucO6-8mHAxXmh68BHRM1GoEQ3ewLegQIEBAU\">G.W\/N.W :46 KG\/36 KG<\/li>\n<li dir=\"ltr\" data-placeholder=\"Translation\" aria-label=\"Texto traducido\" data-ved=\"2ahUKEwj2ucO6-8mHAxXmh68BHRM1GoEQ3ewLegQIEBAU\">Tama\u00f1o del producto :51*51*86 cm<\/li>\n<li dir=\"ltr\" data-placeholder=\"Translation\" aria-label=\"Texto traducido\" data-ved=\"2ahUKEwj2ucO6-8mHAxXmh68BHRM1GoEQ3ewLegQIEBAU\">Tama\u00f1o del paquete :61*61*96 cm<\/li>\n<\/ul>\n<p>&nbsp;<\/p>","protected":false},"featured_media":1716,"template":"","meta":[],"product_brand":[],"product_cat":[44],"product_tag":[],"class_list":{"0":"post-1692","1":"product","2":"type-product","3":"status-publish","4":"has-post-thumbnail","6":"product_cat-bone-cutting-machine","8":"first","9":"instock","10":"shipping-taxable","11":"product-type-simple"},"_links":{"self":[{"href":"https:\/\/sausage-stuffer.com\/es\/wp-json\/wp\/v2\/product\/1692","targetHints":{"allow":["GET"]}}],"collection":[{"href":"https:\/\/sausage-stuffer.com\/es\/wp-json\/wp\/v2\/product"}],"about":[{"href":"https:\/\/sausage-stuffer.com\/es\/wp-json\/wp\/v2\/types\/product"}],"wp:featuredmedia":[{"embeddable":true,"href":"https:\/\/sausage-stuffer.com\/es\/wp-json\/wp\/v2\/media\/1716"}],"wp:attachment":[{"href":"https:\/\/sausage-stuffer.com\/es\/wp-json\/wp\/v2\/media?parent=1692"}],"wp:term":[{"taxonomy":"product_brand","embeddable":true,"href":"https:\/\/sausage-stuffer.com\/es\/wp-json\/wp\/v2\/product_brand?post=1692"},{"taxonomy":"product_cat","embeddable":true,"href":"https:\/\/sausage-stuffer.com\/es\/wp-json\/wp\/v2\/product_cat?post=1692"},{"taxonomy":"product_tag","embeddable":true,"href":"https:\/\/sausage-stuffer.com\/es\/wp-json\/wp\/v2\/product_tag?post=1692"}],"curies":[{"name":"wp","href":"https:\/\/api.w.org\/{rel}","templated":true}]}}