{"id":1691,"date":"2024-07-26T10:25:10","date_gmt":"2024-07-26T10:25:10","guid":{"rendered":"https:\/\/sausage-stuffer.com\/?post_type=product&#038;p=1691"},"modified":"2024-08-06T12:03:54","modified_gmt":"2024-08-06T12:03:54","slug":"vegetable-cutter-slicer-qc205b","status":"publish","type":"product","link":"https:\/\/sausage-stuffer.com\/es\/manufacturer\/vegetable-cutter-slicer-qc205b\/","title":{"rendered":"Cortadora de verduras QC205B"},"content":{"rendered":"<h3><strong><b>C\u00f3mo funciona un cortador de arrugas para verduras<\/b><\/strong><\/h3>\n<p>Las cortadoras de arrugas suelen tener una cuchilla de acero inoxidable con un patr\u00f3n ondulado o estriado. Las verduras se empujan a trav\u00e9s de la cuchilla para crear el caracter\u00edstico corte arrugado. Algunos modelos pueden incluir un asa o un protector de seguridad para un manejo m\u00e1s f\u00e1cil y seguro.<\/p>\n<h3><strong><b>Ventajas de utilizar un cortador de verduras arrugadas<\/b><\/strong><\/h3>\n<ul>\n<li><strong>Mejora la presentaci\u00f3n:<\/strong>Las verduras cortadas en arrugas a\u00f1aden inter\u00e9s visual a ensaladas, salteados y otros platos.<\/li>\n<li><strong>Mejora la textura:<\/strong>Los cortes ondulados pueden realzar la textura y el sabor de ciertas verduras.<\/li>\n<li><strong>F\u00e1cil de usar:<\/strong>La mayor\u00eda de los cortadores de arrugas son f\u00e1ciles de manejar, por lo que resultan adecuados tanto para cocineros principiantes como experimentados.<\/li>\n<li><strong>Vers\u00e1til:<\/strong>Puede utilizarse en una gran variedad de verduras y frutas.<\/li>\n<\/ul>\n<h3><strong><b>C\u00f3mo elegir el cortador de verduras adecuado<\/b><\/strong><\/h3>\n<p>Tenga en cuenta los siguientes factores a la hora de seleccionar una cortadora de arrugas:<\/p>\n<ul>\n<li><strong>Patr\u00f3n de la cuchilla:<\/strong>Los distintos patrones crean efectos diferentes.<\/li>\n<li><strong>Tama\u00f1o y forma:<\/strong>Elija un c\u00fater que se adapte c\u00f3modamente a su mano.<\/li>\n<li><strong>Material:<\/strong>Se prefiere el acero inoxidable por su durabilidad e higiene.<\/li>\n<li><strong>Caracter\u00edsticas de seguridad:<\/strong>Busque empu\u00f1aduras antideslizantes y protectores de cuchillas.<\/li>\n<\/ul>\n<p>Incorporando un cortador de verduras al arsenal de su cocina, podr\u00e1 elevar sus creaciones culinarias e impresionar a sus invitados con su talento creativo.<\/p>","protected":false},"excerpt":{"rendered":"<h4><strong>Cortadora de verduras QC205B Par\u00e1metros :<\/strong><\/h4>\n<p>Di\u00e1metro del plato de cuchillas ;\u2205205 mm<\/p>\n<p id=\"tw-target-text\" class=\"tw-data-text tw-text-large tw-ta\" dir=\"ltr\" data-placeholder=\"Translation\" aria-label=\"Texto traducido\" data-ved=\"2ahUKEwi8jdCVo9GHAxWHcPUHHXifC8wQ3ewLegQICRAU\"><span class=\"Y2IQFc\" lang=\"en\">N\u00famero de cuchillas \uff1a5<\/span><\/p>\n<p>Potencia :1000 W<\/p>\n<p>Voltaje :220V50Hz-110V60Hz<\/p>\n<p>Tama\u00f1o del producto :580*385*550(mm)<\/p>\n<p>Tama\u00f1o del embalaje :675*345*540(mm)<\/p>\n<p>G.W\/N.W :32(KG)\/27(KG)<\/p>","protected":false},"featured_media":1655,"template":"","meta":[],"product_brand":[],"product_cat":[43],"product_tag":[],"class_list":{"0":"post-1691","1":"product","2":"type-product","3":"status-publish","4":"has-post-thumbnail","6":"product_cat-vegetable-cutter","8":"first","9":"instock","10":"shipping-taxable","11":"product-type-simple"},"_links":{"self":[{"href":"https:\/\/sausage-stuffer.com\/es\/wp-json\/wp\/v2\/product\/1691","targetHints":{"allow":["GET"]}}],"collection":[{"href":"https:\/\/sausage-stuffer.com\/es\/wp-json\/wp\/v2\/product"}],"about":[{"href":"https:\/\/sausage-stuffer.com\/es\/wp-json\/wp\/v2\/types\/product"}],"wp:featuredmedia":[{"embeddable":true,"href":"https:\/\/sausage-stuffer.com\/es\/wp-json\/wp\/v2\/media\/1655"}],"wp:attachment":[{"href":"https:\/\/sausage-stuffer.com\/es\/wp-json\/wp\/v2\/media?parent=1691"}],"wp:term":[{"taxonomy":"product_brand","embeddable":true,"href":"https:\/\/sausage-stuffer.com\/es\/wp-json\/wp\/v2\/product_brand?post=1691"},{"taxonomy":"product_cat","embeddable":true,"href":"https:\/\/sausage-stuffer.com\/es\/wp-json\/wp\/v2\/product_cat?post=1691"},{"taxonomy":"product_tag","embeddable":true,"href":"https:\/\/sausage-stuffer.com\/es\/wp-json\/wp\/v2\/product_tag?post=1691"}],"curies":[{"name":"wp","href":"https:\/\/api.w.org\/{rel}","templated":true}]}}