{"id":1690,"date":"2024-07-26T10:23:35","date_gmt":"2024-07-26T10:23:35","guid":{"rendered":"https:\/\/sausage-stuffer.com\/?post_type=product&#038;p=1690"},"modified":"2024-08-06T12:00:14","modified_gmt":"2024-08-06T12:00:14","slug":"multifunctional-vegetable-cutter-qc205a","status":"publish","type":"product","link":"https:\/\/sausage-stuffer.com\/es\/manufacturer\/multifunctional-vegetable-cutter-qc205a\/","title":{"rendered":"Cortadora de verduras multifunci\u00f3n QC205A"},"content":{"rendered":"<p>Un cortador de verduras multifunci\u00f3n es un utensilio de cocina vers\u00e1til dise\u00f1ado para simplificar la preparaci\u00f3n de alimentos. Con varias cuchillas y accesorios intercambiables, corta, pica, desmenuza y ralla eficazmente frutas y verduras. Este utensilio de cocina ahorra tiempo y esfuerzo y garantiza resultados uniformes.<\/p>\n<h3><strong><b>Caracter\u00edsticas principales de un cortador de verduras multifunci\u00f3n<\/b><\/strong><\/h3>\n<ul>\n<li><strong>Cuchillas intercambiables:<\/strong>\u00a0Diferentes cuchillas para cortar en rodajas, dados, rallar y triturar.<\/li>\n<li><strong>Caracter\u00edsticas de seguridad:<\/strong>\u00a0Base antideslizante, protectores de cuchilla y soportes de alimentos para un funcionamiento seguro.<\/li>\n<li><strong><b>Material:<\/b><\/strong>\u00a0Suelen ser de acero inoxidable para mayor durabilidad e higiene.<\/li>\n<li><strong><b>Dise\u00f1o compacto:<\/b><\/strong> F\u00e1cil de guardar y limpiar.<\/li>\n<\/ul>\n<h3><strong style=\"font-size: 20.16px;\"><b>Ventajas de utilizar una cortadora de verduras multifunci\u00f3n<\/b><\/strong><\/h3>\n<ul>\n<li><strong>Ahorro de tiempo:<\/strong>\u00a0Prepare r\u00e1pidamente ingredientes para ensaladas, salteados y otros platos.<\/li>\n<li><strong>Cortes coherentes:<\/strong>\u00a0Obtenga rebanadas, dados o tiras uniformes para un aspecto profesional.<\/li>\n<li><strong>Seguridad:<\/strong>\u00a0Reduce el riesgo de accidentes en comparaci\u00f3n con el uso de cuchillos.<\/li>\n<li><strong>Versatilidad:<\/strong>\u00a0Manipule una amplia gama de verduras y frutas.<\/li>\n<li><strong>F\u00e1cil de limpiar:<\/strong>\u00a0La mayor\u00eda de las piezas se pueden lavar en el lavavajillas.<\/li>\n<\/ul>\n<h3><strong><b>Elegir la cortadora de verduras multifunci\u00f3n adecuada<\/b><\/strong><\/h3>\n<p>A la hora de elegir un cortador de verduras, tenga en cuenta los siguientes factores:<\/p>\n<ul>\n<li><strong>N\u00famero de cuchillas:<\/strong>Elija un modelo con una variedad de cuchillas que se adapte a sus necesidades.<\/li>\n<li><strong>Tama\u00f1o del envase:<\/strong>Aseg\u00farese de que el recipiente es lo suficientemente grande para su preparaci\u00f3n t\u00edpica de alimentos.<\/li>\n<li><strong>Caracter\u00edsticas de seguridad:<\/strong>D\u00e9 prioridad a los modelos con protectores de cuchillas y bases antideslizantes.<\/li>\n<li><strong>Facilidad de uso:<\/strong>Busque dise\u00f1os f\u00e1ciles de usar y de cambiar las cuchillas.<\/li>\n<li><strong>Calidad del material:<\/strong>Se prefiere el acero inoxidable por su durabilidad e higiene.<\/li>\n<\/ul>\n<p>Si invierte en un cortador de verduras multifunci\u00f3n de calidad, podr\u00e1 mejorar considerablemente su experiencia culinaria y disfrutar de las ventajas de una preparaci\u00f3n m\u00e1s r\u00e1pida y eficaz de los alimentos.<\/p>","protected":false},"excerpt":{"rendered":"<h4><strong>Cortadora de verduras multifuncional QC205A Par\u00e1metros :<\/strong><\/h4>\n<p>Di\u00e1metro del plato de cuchillas ;\u2205205 mm<\/p>\n<p id=\"tw-target-text\" class=\"tw-data-text tw-text-large tw-ta\" dir=\"ltr\" data-placeholder=\"Translation\" aria-label=\"Texto traducido\" data-ved=\"2ahUKEwi8jdCVo9GHAxWHcPUHHXifC8wQ3ewLegQICRAU\"><span class=\"Y2IQFc\" lang=\"en\">N\u00famero de cuchillas \uff1a5<\/span><\/p>\n<p class=\"tw-data-text tw-text-large tw-ta\" dir=\"ltr\" data-placeholder=\"Translation\" aria-label=\"Texto traducido\" data-ved=\"2ahUKEwi8jdCVo9GHAxWHcPUHHXifC8wQ3ewLegQICRAU\"><span class=\"Y2IQFc\" lang=\"en\">Especificaciones del cabezal de corte \uff1acortar 2\/5mm,triturar 3mm\uff0cc<\/span><span class=\"Y2IQFc\" lang=\"en\">en trozos de 8*8 mm<\/span><\/p>\n<p>Potencia :1000 W<\/p>\n<p>Voltaje :220V50Hz-110V60Hz<\/p>\n<p>Tama\u00f1o del producto :580*385*550(mm)<\/p>\n<p>Tama\u00f1o del embalaje :675*345*540(mm)<\/p>\n<p>G.W\/N.W :33(KG)\/28(KG)<\/p>","protected":false},"featured_media":1654,"template":"","meta":[],"product_brand":[],"product_cat":[43],"product_tag":[],"class_list":{"0":"post-1690","1":"product","2":"type-product","3":"status-publish","4":"has-post-thumbnail","6":"product_cat-vegetable-cutter","8":"first","9":"instock","10":"shipping-taxable","11":"product-type-simple"},"_links":{"self":[{"href":"https:\/\/sausage-stuffer.com\/es\/wp-json\/wp\/v2\/product\/1690","targetHints":{"allow":["GET"]}}],"collection":[{"href":"https:\/\/sausage-stuffer.com\/es\/wp-json\/wp\/v2\/product"}],"about":[{"href":"https:\/\/sausage-stuffer.com\/es\/wp-json\/wp\/v2\/types\/product"}],"wp:featuredmedia":[{"embeddable":true,"href":"https:\/\/sausage-stuffer.com\/es\/wp-json\/wp\/v2\/media\/1654"}],"wp:attachment":[{"href":"https:\/\/sausage-stuffer.com\/es\/wp-json\/wp\/v2\/media?parent=1690"}],"wp:term":[{"taxonomy":"product_brand","embeddable":true,"href":"https:\/\/sausage-stuffer.com\/es\/wp-json\/wp\/v2\/product_brand?post=1690"},{"taxonomy":"product_cat","embeddable":true,"href":"https:\/\/sausage-stuffer.com\/es\/wp-json\/wp\/v2\/product_cat?post=1690"},{"taxonomy":"product_tag","embeddable":true,"href":"https:\/\/sausage-stuffer.com\/es\/wp-json\/wp\/v2\/product_tag?post=1690"}],"curies":[{"name":"wp","href":"https:\/\/api.w.org\/{rel}","templated":true}]}}