{"id":1689,"date":"2024-07-26T10:22:24","date_gmt":"2024-07-26T10:22:24","guid":{"rendered":"https:\/\/sausage-stuffer.com\/?post_type=product&#038;p=1689"},"modified":"2024-08-06T12:10:30","modified_gmt":"2024-08-06T12:10:30","slug":"electric-vegetable-cutter-qc205","status":"publish","type":"product","link":"https:\/\/sausage-stuffer.com\/es\/manufacturer\/electric-vegetable-cutter-qc205\/","title":{"rendered":"Cortadora de verduras el\u00e9ctrica QC205"},"content":{"rendered":"<p>Cortador el\u00e9ctrico de verduras,Esta herramienta que ahorra tiempo ofrece precisi\u00f3n y consistencia, por lo que es una valiosa adici\u00f3n a cualquier cocina.<\/p>\n<h3><strong><b>Caracter\u00edsticas principales<\/b><\/strong><\/h3>\n<ul>\n<li><strong>Motor potente:<\/strong>\u00a0Garantiza un corte eficaz incluso de las verduras m\u00e1s duras.<\/li>\n<li><strong>Cuchillas intercambiables:<\/strong>\u00a0Ofrece versatilidad para diferentes estilos de corte.<\/li>\n<li><strong>Caracter\u00edsticas de seguridad:<\/strong>\u00a0Incluye protectores de seguridad y patas antideslizantes para un funcionamiento seguro.<\/li>\n<li><strong>F\u00e1cil de limpiar:<\/strong>\u00a0La mayor\u00eda de los componentes se pueden lavar en el lavavajillas para facilitar su mantenimiento.<\/li>\n<li><strong>Capacidad:<\/strong>\u00a0Var\u00eda seg\u00fan el modelo, desde peque\u00f1as unidades de mostrador hasta modelos comerciales m\u00e1s grandes.<\/li>\n<\/ul>\n<h3><strong><b>Beneficios<\/b><\/strong><\/h3>\n<ul>\n<li><strong>Ahorro de tiempo:<\/strong>\u00a0Prepare r\u00e1pidamente grandes cantidades de verduras para ensaladas, salteados y mucho m\u00e1s.<\/li>\n<li><strong>Resultados coherentes:<\/strong>\u00a0Consiga rebanadas, tiras o ralladuras uniformes con facilidad.<\/li>\n<li><strong><b>Esfuerzo reducido: <\/b><\/strong>Requiere un trabajo manual m\u00ednimo en comparaci\u00f3n con los m\u00e9todos manuales.<\/li>\n<li><strong>Seguridad:<\/strong>\u00a0Minimizar el riesgo de accidentes asociados a los cuchillos.<\/li>\n<li><strong>Versatilidad:<\/strong>\u00a0Muchos modelos pueden manipular una gran variedad de frutas y verduras.<\/li>\n<\/ul>\n<p>Si invierte en un cortador de verduras el\u00e9ctrico de calidad, podr\u00e1 agilizar el proceso de preparaci\u00f3n de alimentos y disfrutar de la comodidad de unos ingredientes perfectamente cortados.<\/p>","protected":false},"excerpt":{"rendered":"<h4><strong>Cortadora de verduras el\u00e9ctrica QC205 Par\u00e1metros :<\/strong><\/h4>\n<p>Di\u00e1metro del plato de cuchillas ;\u2205205 mm<\/p>\n<p>Potencia :350 W<\/p>\n<p>Voltaje :220V50Hz<\/p>\n<p>Tama\u00f1o del producto :535*270*525(mm)<\/p>\n<p>Tama\u00f1o del embalaje :580*385*550(mm)<\/p>\n<p>G.W\/N.W :24.5(KG)\/19(KG)<\/p>","protected":false},"featured_media":1653,"template":"","meta":[],"product_brand":[],"product_cat":[43],"product_tag":[],"class_list":{"0":"post-1689","1":"product","2":"type-product","3":"status-publish","4":"has-post-thumbnail","6":"product_cat-vegetable-cutter","8":"first","9":"instock","10":"shipping-taxable","11":"product-type-simple"},"_links":{"self":[{"href":"https:\/\/sausage-stuffer.com\/es\/wp-json\/wp\/v2\/product\/1689","targetHints":{"allow":["GET"]}}],"collection":[{"href":"https:\/\/sausage-stuffer.com\/es\/wp-json\/wp\/v2\/product"}],"about":[{"href":"https:\/\/sausage-stuffer.com\/es\/wp-json\/wp\/v2\/types\/product"}],"wp:featuredmedia":[{"embeddable":true,"href":"https:\/\/sausage-stuffer.com\/es\/wp-json\/wp\/v2\/media\/1653"}],"wp:attachment":[{"href":"https:\/\/sausage-stuffer.com\/es\/wp-json\/wp\/v2\/media?parent=1689"}],"wp:term":[{"taxonomy":"product_brand","embeddable":true,"href":"https:\/\/sausage-stuffer.com\/es\/wp-json\/wp\/v2\/product_brand?post=1689"},{"taxonomy":"product_cat","embeddable":true,"href":"https:\/\/sausage-stuffer.com\/es\/wp-json\/wp\/v2\/product_cat?post=1689"},{"taxonomy":"product_tag","embeddable":true,"href":"https:\/\/sausage-stuffer.com\/es\/wp-json\/wp\/v2\/product_tag?post=1689"}],"curies":[{"name":"wp","href":"https:\/\/api.w.org\/{rel}","templated":true}]}}