{"id":1683,"date":"2024-07-26T10:17:09","date_gmt":"2024-07-26T10:17:09","guid":{"rendered":"https:\/\/sausage-stuffer.com\/?post_type=product&#038;p=1683"},"modified":"2024-07-29T15:24:59","modified_gmt":"2024-07-29T15:24:59","slug":"electric-meat-slicer-300b","status":"publish","type":"product","link":"https:\/\/sausage-stuffer.com\/es\/manufacturer\/electric-meat-slicer-300b\/","title":{"rendered":"Cortadora de fiambre el\u00e9ctrica 300B"},"content":{"rendered":"","protected":false},"excerpt":{"rendered":"<h3><strong>Par\u00e1metros de la cortadora de fiambre semiautom\u00e1tica de 8<\/strong><\/h3>\n<p>Funci\u00f3n \uff1aSemiautom\u00e1tica<\/p>\n<p>Corte del itinerario : 150 mm<\/p>\n<p>Ajuste del grosor : 0~13 mm<\/p>\n<p>Di\u00e1metro de la cuchilla :\u2205220 mm<\/p>\n<p>Potencia : 210 W<\/p>\n<p>Tensi\u00f3n : 220V 50Hz<\/p>\n<p>Tama\u00f1o del producto :410*400*350(mm)<\/p>\n<p>Tama\u00f1o del paquete :465*355*425(mm)<\/p>\n<p>G.W\/N.W :16.5\/14.5(KG)<\/p>","protected":false},"featured_media":1684,"template":"","meta":[],"product_brand":[],"product_cat":[42],"product_tag":[],"class_list":{"0":"post-1683","1":"product","2":"type-product","3":"status-publish","4":"has-post-thumbnail","6":"product_cat-meat-slicer","8":"first","9":"instock","10":"shipping-taxable","11":"product-type-simple"},"_links":{"self":[{"href":"https:\/\/sausage-stuffer.com\/es\/wp-json\/wp\/v2\/product\/1683","targetHints":{"allow":["GET"]}}],"collection":[{"href":"https:\/\/sausage-stuffer.com\/es\/wp-json\/wp\/v2\/product"}],"about":[{"href":"https:\/\/sausage-stuffer.com\/es\/wp-json\/wp\/v2\/types\/product"}],"wp:featuredmedia":[{"embeddable":true,"href":"https:\/\/sausage-stuffer.com\/es\/wp-json\/wp\/v2\/media\/1684"}],"wp:attachment":[{"href":"https:\/\/sausage-stuffer.com\/es\/wp-json\/wp\/v2\/media?parent=1683"}],"wp:term":[{"taxonomy":"product_brand","embeddable":true,"href":"https:\/\/sausage-stuffer.com\/es\/wp-json\/wp\/v2\/product_brand?post=1683"},{"taxonomy":"product_cat","embeddable":true,"href":"https:\/\/sausage-stuffer.com\/es\/wp-json\/wp\/v2\/product_cat?post=1683"},{"taxonomy":"product_tag","embeddable":true,"href":"https:\/\/sausage-stuffer.com\/es\/wp-json\/wp\/v2\/product_tag?post=1683"}],"curies":[{"name":"wp","href":"https:\/\/api.w.org\/{rel}","templated":true}]}}