{"id":1681,"date":"2024-07-26T10:13:48","date_gmt":"2024-07-26T10:13:48","guid":{"rendered":"https:\/\/sausage-stuffer.com\/?post_type=product&#038;p=1681"},"modified":"2024-07-29T15:09:58","modified_gmt":"2024-07-29T15:09:58","slug":"home-meat-slicer-300a","status":"publish","type":"product","link":"https:\/\/sausage-stuffer.com\/es\/manufacturer\/home-meat-slicer-300a\/","title":{"rendered":"Cortadora de carne dom\u00e9stica 300A"},"content":{"rendered":"","protected":false},"excerpt":{"rendered":"<h3><strong>Cortadora de fiambre dom\u00e9stica totalmente autom\u00e1tica de 12\" 300A <\/strong><strong>Par\u00e1metro :<\/strong><\/h3>\n<p>Funci\u00f3n \uff1aTotalmente autom\u00e1tico<\/p>\n<p>Corte del itinerario : 200 mm<\/p>\n<p>Ajuste del grosor : 0~18 mm<\/p>\n<p>Di\u00e1metro de la cuchilla :\u2205300mm<\/p>\n<p>Potencia del motor Balde : 270 W<\/p>\n<p>Potencia del motor de corte: 450 W<\/p>\n<p>Tensi\u00f3n : 220V 50Hz<\/p>\n<p>Velocidad de corte: 38 piezas\/min<\/p>\n<p>Tama\u00f1o del producto :590*545*740(mm)<\/p>\n<p>Tama\u00f1o del paquete :660*620*835(mm)<\/p>\n<p>G.W\/N.W :88\/65(KG)<\/p>","protected":false},"featured_media":1636,"template":"","meta":[],"product_brand":[],"product_cat":[42],"product_tag":[],"class_list":{"0":"post-1681","1":"product","2":"type-product","3":"status-publish","4":"has-post-thumbnail","6":"product_cat-meat-slicer","8":"first","9":"instock","10":"shipping-taxable","11":"product-type-simple"},"_links":{"self":[{"href":"https:\/\/sausage-stuffer.com\/es\/wp-json\/wp\/v2\/product\/1681","targetHints":{"allow":["GET"]}}],"collection":[{"href":"https:\/\/sausage-stuffer.com\/es\/wp-json\/wp\/v2\/product"}],"about":[{"href":"https:\/\/sausage-stuffer.com\/es\/wp-json\/wp\/v2\/types\/product"}],"wp:featuredmedia":[{"embeddable":true,"href":"https:\/\/sausage-stuffer.com\/es\/wp-json\/wp\/v2\/media\/1636"}],"wp:attachment":[{"href":"https:\/\/sausage-stuffer.com\/es\/wp-json\/wp\/v2\/media?parent=1681"}],"wp:term":[{"taxonomy":"product_brand","embeddable":true,"href":"https:\/\/sausage-stuffer.com\/es\/wp-json\/wp\/v2\/product_brand?post=1681"},{"taxonomy":"product_cat","embeddable":true,"href":"https:\/\/sausage-stuffer.com\/es\/wp-json\/wp\/v2\/product_cat?post=1681"},{"taxonomy":"product_tag","embeddable":true,"href":"https:\/\/sausage-stuffer.com\/es\/wp-json\/wp\/v2\/product_tag?post=1681"}],"curies":[{"name":"wp","href":"https:\/\/api.w.org\/{rel}","templated":true}]}}