{"id":1679,"date":"2024-07-26T10:10:28","date_gmt":"2024-07-26T10:10:28","guid":{"rendered":"https:\/\/sausage-stuffer.com\/?post_type=product&#038;p=1679"},"modified":"2024-07-29T15:18:57","modified_gmt":"2024-07-29T15:18:57","slug":"slicing-machine-250a","status":"publish","type":"product","link":"https:\/\/sausage-stuffer.com\/es\/manufacturer\/slicing-machine-250a\/","title":{"rendered":"Cortadora 250A"},"content":{"rendered":"<h2 class=\"\" data-sourcepos=\"1:1-1:60\">M\u00e1quina cortadora totalmente autom\u00e1tica: Precisi\u00f3n y eficacia<\/h2>\n<p data-sourcepos=\"3:1-3:88\">Dise\u00f1ado para la producci\u00f3n de grandes vol\u00famenes, este equipo de calidad industrial ofrece una velocidad, precisi\u00f3n y consistencia inigualables. Corta sin esfuerzo una amplia gama de productos, como carne, queso, pan y verduras.<\/p>\n<p data-sourcepos=\"5:1-5:17\"><strong>Caracter\u00edsticas principales:<\/strong><\/p>\n<ul data-sourcepos=\"7:1-8:1\">\n<li data-sourcepos=\"7:1-7:70\"><strong>Rebanado de alta velocidad:<\/strong> Procese r\u00e1pidamente grandes cantidades de producto.<\/li>\n<li data-sourcepos=\"8:1-8:1\"><strong>Control preciso del espesor:<\/strong> Consiga un grosor de corte uniforme con los ajustes regulables.<\/li>\n<li data-sourcepos=\"9:1-9:64\"><strong>Construcci\u00f3n duradera:<\/strong> Dise\u00f1ada para uso comercial intensivo.<\/li>\n<li data-sourcepos=\"10:1-10:31\"><strong>Funciones de seguridad avanzadas:<\/strong> Proteja a los operarios con resguardos de seguridad y paradas de emergencia.<\/li>\n<li data-sourcepos=\"11:1-12:0\"><strong>F\u00e1cil limpieza y mantenimiento:<\/strong> Dise\u00f1ado para un funcionamiento y un mantenimiento eficaces.<\/li>\n<\/ul>","protected":false},"excerpt":{"rendered":"<h3><strong>Cortadora de fiambres totalmente autom\u00e1tica de 10 <\/strong><strong>Par\u00e1metro<\/strong><\/h3>\n<p>Funci\u00f3n \uff1aTotalmente autom\u00e1tico<\/p>\n<p>Corte del itinerario : 155 mm<\/p>\n<p>Ajuste del grosor : 0~17 mm<\/p>\n<p>Di\u00e1metro de la cuchilla :\u2205250 mm<\/p>\n<p>Potencia del motor Balde : 240 W<\/p>\n<p>Potencia del motor de corte : 300 W<\/p>\n<p>Tensi\u00f3n : 220V 50Hz<\/p>\n<p>Velocidad de corte :45Pcs\/min<\/p>\n<p>Tama\u00f1o del producto :535*475*690(mm)<\/p>\n<p>Tama\u00f1o del paquete :610*540*790(mm)<\/p>\n<p>G.W\/N.W :73.5\/53(KG)<\/p>","protected":false},"featured_media":1635,"template":"","meta":[],"product_brand":[],"product_cat":[42],"product_tag":[],"class_list":{"0":"post-1679","1":"product","2":"type-product","3":"status-publish","4":"has-post-thumbnail","6":"product_cat-meat-slicer","8":"first","9":"instock","10":"shipping-taxable","11":"product-type-simple"},"_links":{"self":[{"href":"https:\/\/sausage-stuffer.com\/es\/wp-json\/wp\/v2\/product\/1679","targetHints":{"allow":["GET"]}}],"collection":[{"href":"https:\/\/sausage-stuffer.com\/es\/wp-json\/wp\/v2\/product"}],"about":[{"href":"https:\/\/sausage-stuffer.com\/es\/wp-json\/wp\/v2\/types\/product"}],"wp:featuredmedia":[{"embeddable":true,"href":"https:\/\/sausage-stuffer.com\/es\/wp-json\/wp\/v2\/media\/1635"}],"wp:attachment":[{"href":"https:\/\/sausage-stuffer.com\/es\/wp-json\/wp\/v2\/media?parent=1679"}],"wp:term":[{"taxonomy":"product_brand","embeddable":true,"href":"https:\/\/sausage-stuffer.com\/es\/wp-json\/wp\/v2\/product_brand?post=1679"},{"taxonomy":"product_cat","embeddable":true,"href":"https:\/\/sausage-stuffer.com\/es\/wp-json\/wp\/v2\/product_cat?post=1679"},{"taxonomy":"product_tag","embeddable":true,"href":"https:\/\/sausage-stuffer.com\/es\/wp-json\/wp\/v2\/product_tag?post=1679"}],"curies":[{"name":"wp","href":"https:\/\/api.w.org\/{rel}","templated":true}]}}