{"id":1609,"date":"2024-07-23T14:34:08","date_gmt":"2024-07-23T14:34:08","guid":{"rendered":"https:\/\/sausage-stuffer.com\/?post_type=product&#038;p=1609"},"modified":"2024-08-15T06:09:40","modified_gmt":"2024-08-15T06:09:40","slug":"sausage-maker-stuffer-sh5","status":"publish","type":"product","link":"https:\/\/sausage-stuffer.com\/es\/manufacturer\/sausage-maker-stuffer-sh5\/","title":{"rendered":"Embutidora SH-5"},"content":{"rendered":"<h2><strong>Ventajas de la embutidora<\/strong><\/h2>\n<ol>\n<li><strong>Controlar<\/strong>: Permite un control preciso del proceso de llenado, lo que puede dar lugar a un producto acabado de mayor calidad.<\/li>\n<li><strong>Durabilidad<\/strong>: Suelen ser m\u00e1s robustas y duraderas que los modelos verticales.<\/li>\n<li><strong>Facilidad de uso<\/strong>: A menudo m\u00e1s f\u00e1cil de usar para los principiantes debido al dise\u00f1o horizontal que proporciona una mejor palanca.<\/li>\n<\/ol>\n<p>&nbsp;<\/p>\n<h2><strong>Desventajas de la embutidora<\/strong><\/h2>\n<ol>\n<li><strong>Talla<\/strong>: Puede ocupar m\u00e1s espacio en el mostrador que las embutidoras verticales.<\/li>\n<li><strong>Peso<\/strong>: Puede ser pesado y engorroso de mover o almacenar.<\/li>\n<\/ol>\n<p>&nbsp;<\/p>\n<h2><strong>Usos comunes<\/strong><\/h2>\n<ul>\n<li>Elaboraci\u00f3n de diversos tipos de salchichas, como bratwurst, chorizo, salchicha italiana y salchicha para el desayuno.<\/li>\n<li>Adecuado tanto para uso dom\u00e9stico como para uso comercial a peque\u00f1a escala.<\/li>\n<\/ul>\n<p>&nbsp;<\/p>\n<h2><strong>Mantenimiento de la embutidora<\/strong><\/h2>\n<ol>\n<li><strong>Limpieza<\/strong>: Desmontar y limpiar a fondo despu\u00e9s de cada uso para evitar la acumulaci\u00f3n de residuos de carne y garantizar la seguridad alimentaria.<\/li>\n<li><strong>Lubricaci\u00f3n<\/strong>: Lubrique de vez en cuando las piezas m\u00f3viles para garantizar un funcionamiento suave.<\/li>\n<\/ol>","protected":false},"excerpt":{"rendered":"<h4><strong><span class=\"Y2IQFc\" lang=\"en\">Par\u00e1metros b\u00e1sicos<\/span><\/strong><\/h4>\n<p>Tipo\uff1ahorizontal m<span class=\"Y2IQFc\" lang=\"en\">s anual<\/span>rellenador de ausencias<\/p>\n<p>Cilindro Dia.xl(mm)\uff1a\uffe0140*320<\/p>\n<p>Tama\u00f1o\uff1a288*360*690\uff08mm\uff09<\/p>\n<p>Peso neto \uff1a10 KG<\/p>\n<p id=\"tw-target-text\" class=\"tw-data-text tw-text-large tw-ta\" dir=\"ltr\" data-placeholder=\"Translation\" aria-label=\"Texto traducido\" data-ved=\"2ahUKEwikr8X52saHAxV4mq8BHbZ8AHMQ3ewLegQIEhAU\"><span class=\"Y2IQFc\" lang=\"en\">Volumen \uff1a5L<\/span><\/p>","protected":false},"featured_media":1795,"template":"","meta":[],"product_brand":[],"product_cat":[48],"product_tag":[],"class_list":{"0":"post-1609","1":"product","2":"type-product","3":"status-publish","4":"has-post-thumbnail","6":"product_cat-horizontal-manual-sausage-stuffer","8":"first","9":"instock","10":"shipping-taxable","11":"product-type-simple"},"_links":{"self":[{"href":"https:\/\/sausage-stuffer.com\/es\/wp-json\/wp\/v2\/product\/1609","targetHints":{"allow":["GET"]}}],"collection":[{"href":"https:\/\/sausage-stuffer.com\/es\/wp-json\/wp\/v2\/product"}],"about":[{"href":"https:\/\/sausage-stuffer.com\/es\/wp-json\/wp\/v2\/types\/product"}],"wp:featuredmedia":[{"embeddable":true,"href":"https:\/\/sausage-stuffer.com\/es\/wp-json\/wp\/v2\/media\/1795"}],"wp:attachment":[{"href":"https:\/\/sausage-stuffer.com\/es\/wp-json\/wp\/v2\/media?parent=1609"}],"wp:term":[{"taxonomy":"product_brand","embeddable":true,"href":"https:\/\/sausage-stuffer.com\/es\/wp-json\/wp\/v2\/product_brand?post=1609"},{"taxonomy":"product_cat","embeddable":true,"href":"https:\/\/sausage-stuffer.com\/es\/wp-json\/wp\/v2\/product_cat?post=1609"},{"taxonomy":"product_tag","embeddable":true,"href":"https:\/\/sausage-stuffer.com\/es\/wp-json\/wp\/v2\/product_tag?post=1609"}],"curies":[{"name":"wp","href":"https:\/\/api.w.org\/{rel}","templated":true}]}}