{"id":1608,"date":"2024-07-23T14:33:33","date_gmt":"2024-07-23T14:33:33","guid":{"rendered":"https:\/\/sausage-stuffer.com\/?post_type=product&#038;p=1608"},"modified":"2024-08-15T06:06:06","modified_gmt":"2024-08-15T06:06:06","slug":"homemade-sausage-stuffer-sh7","status":"publish","type":"product","link":"https:\/\/sausage-stuffer.com\/es\/manufacturer\/homemade-sausage-stuffer-sh7\/","title":{"rendered":"Rellenador de salchichas casero SH-7"},"content":{"rendered":"<h3><span style=\"color: #000000;\"><strong>Beneficios del relleno casero de salchichas<\/strong><\/span><\/h3>\n<p><span style=\"color: #000000;\"><strong>1.Control de precisi\u00f3n<\/strong>:<\/span><\/p>\n<ul>\n<li><span style=\"color: #000000;\">Permite un llenado homog\u00e9neo, reduciendo el riesgo de bolsas de aire y garantizando una distribuci\u00f3n uniforme de la mezcla de salchichas.<\/span><\/li>\n<\/ul>\n<p><span style=\"color: #000000;\"><strong>2.Durabilidad<\/strong>:<\/span><\/p>\n<ul>\n<li><span style=\"color: #000000;\">Los materiales de alta calidad, como el acero inoxidable, garantizan un rendimiento duradero y resistencia al \u00f3xido y la corrosi\u00f3n.<\/span><\/li>\n<\/ul>\n<p><span style=\"color: #000000;\"><strong>3.Polivalencia<\/strong>:<\/span><\/p>\n<ul>\n<li><span style=\"color: #000000;\">Adecuado para una amplia gama de tipos de salchichas, incluyendo bratwurst, chorizo, salchicha italiana, y m\u00e1s.<\/span><\/li>\n<li><span style=\"color: #000000;\">Puede utilizarse para recetas de salchichas tanto de carne como vegetarianas.<\/span><\/li>\n<\/ul>\n<p><span style=\"color: #000000;\"><strong>4.Facilidad de uso<\/strong>:<\/span><\/p>\n<ul>\n<li><span style=\"color: #000000;\">En general, es f\u00e1cil de montar, utilizar y limpiar, lo que la hace accesible tanto para principiantes como para salchicheros experimentados.<\/span><\/li>\n<\/ul>\n<p>&nbsp;<\/p>\n<h3><span style=\"color: #000000;\"><strong>Mantenimiento del relleno de salchichas casero<\/strong><\/span><\/h3>\n<p><span style=\"color: #000000;\"><strong>1.Limpieza regular<\/strong>:<\/span><\/p>\n<ul>\n<li><span style=\"color: #000000;\">Desmonte la m\u00e1quina despu\u00e9s de cada uso y limpie todas las piezas con agua tibia y jab\u00f3n.<\/span><\/li>\n<li><span style=\"color: #000000;\">Aseg\u00farese de eliminar todos los restos de carne para evitar la proliferaci\u00f3n de bacterias.<\/span><\/li>\n<\/ul>\n<p><span style=\"color: #000000;\"><strong>2.Lubricaci\u00f3n<\/strong>:<\/span><\/p>\n<ul>\n<li><span style=\"color: #000000;\">Lubrique de vez en cuando las piezas m\u00f3viles, como la manivela y el pist\u00f3n, con lubricante apto para alimentos para garantizar un funcionamiento suave.<\/span><\/li>\n<\/ul>\n<p><span style=\"color: #000000;\"><strong>3.Inspecci\u00f3n<\/strong>:<\/span><\/p>\n<ul>\n<li><span style=\"color: #000000;\">Inspeccione peri\u00f3dicamente la m\u00e1quina para detectar cualquier signo de desgaste o da\u00f1o. Sustituya las piezas desgastadas seg\u00fan sea necesario para mantener el rendimiento.<\/span><\/li>\n<\/ul>","protected":false},"excerpt":{"rendered":"<h4><strong><span class=\"Y2IQFc\" lang=\"en\">Par\u00e1metros b\u00e1sicos<\/span><\/strong><\/h4>\n<p>Tipo\uff1ahorizontal m<span class=\"Y2IQFc\" lang=\"en\">s anual<\/span>rellenador de ausencias<\/p>\n<p>Cilindro Dia.xl(mm)\uff1a\uffe0140*460<\/p>\n<p>Tama\u00f1o\uff1a350*360*830\uff08mm\uff09<\/p>\n<p>Peso neto \uff1a11 KG<\/p>\n<p id=\"tw-target-text\" class=\"tw-data-text tw-text-large tw-ta\" dir=\"ltr\" data-placeholder=\"Translation\" aria-label=\"Texto traducido\" data-ved=\"2ahUKEwikr8X52saHAxV4mq8BHbZ8AHMQ3ewLegQIEhAU\"><span class=\"Y2IQFc\" lang=\"en\">Volumen \uff1a7L<\/span><\/p>","protected":false},"featured_media":1796,"template":"","meta":[],"product_brand":[],"product_cat":[48],"product_tag":[],"class_list":{"0":"post-1608","1":"product","2":"type-product","3":"status-publish","4":"has-post-thumbnail","6":"product_cat-horizontal-manual-sausage-stuffer","8":"first","9":"instock","10":"shipping-taxable","11":"product-type-simple"},"_links":{"self":[{"href":"https:\/\/sausage-stuffer.com\/es\/wp-json\/wp\/v2\/product\/1608","targetHints":{"allow":["GET"]}}],"collection":[{"href":"https:\/\/sausage-stuffer.com\/es\/wp-json\/wp\/v2\/product"}],"about":[{"href":"https:\/\/sausage-stuffer.com\/es\/wp-json\/wp\/v2\/types\/product"}],"wp:featuredmedia":[{"embeddable":true,"href":"https:\/\/sausage-stuffer.com\/es\/wp-json\/wp\/v2\/media\/1796"}],"wp:attachment":[{"href":"https:\/\/sausage-stuffer.com\/es\/wp-json\/wp\/v2\/media?parent=1608"}],"wp:term":[{"taxonomy":"product_brand","embeddable":true,"href":"https:\/\/sausage-stuffer.com\/es\/wp-json\/wp\/v2\/product_brand?post=1608"},{"taxonomy":"product_cat","embeddable":true,"href":"https:\/\/sausage-stuffer.com\/es\/wp-json\/wp\/v2\/product_cat?post=1608"},{"taxonomy":"product_tag","embeddable":true,"href":"https:\/\/sausage-stuffer.com\/es\/wp-json\/wp\/v2\/product_tag?post=1608"}],"curies":[{"name":"wp","href":"https:\/\/api.w.org\/{rel}","templated":true}]}}