{"id":1607,"date":"2024-07-23T14:32:43","date_gmt":"2024-07-23T14:32:43","guid":{"rendered":"https:\/\/sausage-stuffer.com\/?post_type=product&#038;p=1607"},"modified":"2024-08-15T06:11:04","modified_gmt":"2024-08-15T06:11:04","slug":"sausage-stuffer-maker-sh3","status":"publish","type":"product","link":"https:\/\/sausage-stuffer.com\/es\/manufacturer\/sausage-stuffer-maker-sh3\/","title":{"rendered":"Embutidora SH-3"},"content":{"rendered":"<h2><strong>Dise\u00f1o y funcionalidad de la embutidora<\/strong><\/h2>\n<p>1.Dise\u00f1o Horizontal: Este tipo de embutidora tiene un cilindro que se coloca horizontalmente, lo que permite un llenado m\u00e1s consistente y uniforme de las tripas de las salchichas. El dise\u00f1o horizontal suele ser m\u00e1s estable que el de las embutidoras verticales.<\/p>\n<p>2.Funcionamiento manual: Estas embutidoras funcionan con una manivela manual, lo que permite al usuario controlar la velocidad y la presi\u00f3n del proceso de embutici\u00f3n de las salchichas. Este control manual puede dar como resultado una mejor consistencia y menos bolsas de aire en las salchichas.<\/p>\n<p>3.Capacidad: Las embutidoras manuales horizontales vienen en varias capacidades, que normalmente van desde 5 libras a 20 libras o m\u00e1s, acomodando diferentes tama\u00f1os de lotes dependiendo de las necesidades del usuario.<\/p>\n<p>4.Material: Los embutidores horizontales de alta calidad suelen ser de acero inoxidable u otros materiales duraderos, f\u00e1ciles de limpiar y resistentes al \u00f3xido y la corrosi\u00f3n.<\/p>\n<p>5.Componentes:<\/p>\n<ul>\n<li><strong>Cilindro<\/strong>: Donde se coloca la mezcla de salchichas.<\/li>\n<li><strong>Pist\u00f3n<\/strong>: Mueve la mezcla a trav\u00e9s del cilindro.<\/li>\n<li><strong>Manivela<\/strong>: Acciona manualmente el pist\u00f3n.<\/li>\n<li><strong>Boquillas \/ t\u00faneles<\/strong>: Diferentes tama\u00f1os para diferentes tipos de salchichas.<\/li>\n<\/ul>","protected":false},"excerpt":{"rendered":"<h2><strong><span class=\"Y2IQFc\" lang=\"en\">Par\u00e1metros b\u00e1sicos de la embutidora<\/span><\/strong><\/h2>\n<p>Tipo\uff1ahorizontal m<span class=\"Y2IQFc\" lang=\"en\">s anual<\/span>rellenador de ausencias<\/p>\n<p>Cilindro Dia.xl(mm)\uff1a\uffe0140*200<\/p>\n<p>Tama\u00f1o\uff1a288*360*570\uff08mm\uff09<\/p>\n<p>Peso neto \uff1a9 KG<\/p>\n<p id=\"tw-target-text\" class=\"tw-data-text tw-text-large tw-ta\" dir=\"ltr\" data-placeholder=\"Translation\" aria-label=\"Texto traducido\" data-ved=\"2ahUKEwikr8X52saHAxV4mq8BHbZ8AHMQ3ewLegQIEhAU\"><span class=\"Y2IQFc\" lang=\"en\">Volumen \uff1a3 L<\/span><\/p>","protected":false},"featured_media":1794,"template":"","meta":[],"product_brand":[],"product_cat":[48],"product_tag":[],"class_list":{"0":"post-1607","1":"product","2":"type-product","3":"status-publish","4":"has-post-thumbnail","6":"product_cat-horizontal-manual-sausage-stuffer","8":"first","9":"instock","10":"shipping-taxable","11":"product-type-simple"},"_links":{"self":[{"href":"https:\/\/sausage-stuffer.com\/es\/wp-json\/wp\/v2\/product\/1607","targetHints":{"allow":["GET"]}}],"collection":[{"href":"https:\/\/sausage-stuffer.com\/es\/wp-json\/wp\/v2\/product"}],"about":[{"href":"https:\/\/sausage-stuffer.com\/es\/wp-json\/wp\/v2\/types\/product"}],"wp:featuredmedia":[{"embeddable":true,"href":"https:\/\/sausage-stuffer.com\/es\/wp-json\/wp\/v2\/media\/1794"}],"wp:attachment":[{"href":"https:\/\/sausage-stuffer.com\/es\/wp-json\/wp\/v2\/media?parent=1607"}],"wp:term":[{"taxonomy":"product_brand","embeddable":true,"href":"https:\/\/sausage-stuffer.com\/es\/wp-json\/wp\/v2\/product_brand?post=1607"},{"taxonomy":"product_cat","embeddable":true,"href":"https:\/\/sausage-stuffer.com\/es\/wp-json\/wp\/v2\/product_cat?post=1607"},{"taxonomy":"product_tag","embeddable":true,"href":"https:\/\/sausage-stuffer.com\/es\/wp-json\/wp\/v2\/product_tag?post=1607"}],"curies":[{"name":"wp","href":"https:\/\/api.w.org\/{rel}","templated":true}]}}