{"id":1606,"date":"2024-07-23T14:25:04","date_gmt":"2024-07-23T14:25:04","guid":{"rendered":"https:\/\/sausage-stuffer.com\/?post_type=product&#038;p=1606"},"modified":"2024-08-15T03:35:17","modified_gmt":"2024-08-15T03:35:17","slug":"15-pound-sausage-stuffer-sv15","status":"publish","type":"product","link":"https:\/\/sausage-stuffer.com\/es\/manufacturer\/15-pound-sausage-stuffer-sv15\/","title":{"rendered":"Rellenadora de salchichas de 15 libras SV15"},"content":{"rendered":"<h2><strong>15 libras<\/strong><strong>\u00a0<\/strong><strong>Rellenador de salchichas M<\/strong><strong>a m\u00e1quina:<\/strong><\/h2>\n<ul>\n<li>Construcci\u00f3n de acero inoxidable.<\/li>\n<li>Dise\u00f1o de dos velocidades para una liberaci\u00f3n r\u00e1pida y un embutido lento.<\/li>\n<li>Viene con cuatro boquillas de acero inoxidable.<\/li>\n<\/ul>\n<p>&nbsp;<\/p>\n<h2><span style=\"font-size: 100%;\"><strong>15 Pound Sausage Stuffer Caracter\u00edsticas principales<\/strong>:<\/span><\/h2>\n<div class=\"flex-shrink-0 flex flex-col relative items-end\">\n<div class=\"pt-0\">\n<ol>\n<li>Cilindro vertical: El dise\u00f1o vertical permite que la gravedad ayude en el proceso de embutici\u00f3n, facilitando la manipulaci\u00f3n de la mezcla de carne.<\/li>\n<li>Manivela manual: Accionada por una manivela, que permite al usuario controlar la velocidad de embutici\u00f3n.<\/li>\n<li>Construcci\u00f3n de acero inoxidable: Duradera y f\u00e1cil de limpiar, evita la oxidaci\u00f3n y mantiene la higiene.<\/li>\n<li>M\u00faltiples boquillas: Viene con tubos de relleno de diferentes tama\u00f1os para hacer varios tipos de salchichas.<\/li>\n<li>Capacidad: Disponibles en varias capacidades, normalmente de 5 a 15 libras, adecuadas para diferentes tama\u00f1os de lote.<\/li>\n<li>Piezas desmontables: F\u00e1cil desmontaje para una limpieza a fondo<\/li>\n<\/ol>\n<\/div>\n<\/div>","protected":false},"excerpt":{"rendered":"<h4><strong><span class=\"Y2IQFc\" lang=\"en\">Par\u00e1metros b\u00e1sicos<\/span><\/strong><\/h4>\n<p>Tipo\uff1a15 libras <span class=\"Y2IQFc\" lang=\"en\">s<\/span>rellenador de ausencias<\/p>\n<p>Cilindro Dia.xl(mm):\uffe0219*400<\/p>\n<p>Tama\u00f1o\uff1a370*330*710\uff08mm\uff09<\/p>\n<p>Peso neto \uff1a15 KG<\/p>\n<p id=\"tw-target-text\" class=\"tw-data-text tw-text-large tw-ta\" dir=\"ltr\" data-placeholder=\"Translation\" aria-label=\"Texto traducido\" data-ved=\"2ahUKEwikr8X52saHAxV4mq8BHbZ8AHMQ3ewLegQIEhAU\"><span class=\"Y2IQFc\" lang=\"en\">Volumen \uff1a15 L<\/span><\/p>","protected":false},"featured_media":1558,"template":"","meta":[],"product_brand":[],"product_cat":[47],"product_tag":[],"class_list":{"0":"post-1606","1":"product","2":"type-product","3":"status-publish","4":"has-post-thumbnail","6":"product_cat-vertical-manual-sausage-stuffer","8":"first","9":"instock","10":"shipping-taxable","11":"product-type-simple"},"_links":{"self":[{"href":"https:\/\/sausage-stuffer.com\/es\/wp-json\/wp\/v2\/product\/1606","targetHints":{"allow":["GET"]}}],"collection":[{"href":"https:\/\/sausage-stuffer.com\/es\/wp-json\/wp\/v2\/product"}],"about":[{"href":"https:\/\/sausage-stuffer.com\/es\/wp-json\/wp\/v2\/types\/product"}],"wp:featuredmedia":[{"embeddable":true,"href":"https:\/\/sausage-stuffer.com\/es\/wp-json\/wp\/v2\/media\/1558"}],"wp:attachment":[{"href":"https:\/\/sausage-stuffer.com\/es\/wp-json\/wp\/v2\/media?parent=1606"}],"wp:term":[{"taxonomy":"product_brand","embeddable":true,"href":"https:\/\/sausage-stuffer.com\/es\/wp-json\/wp\/v2\/product_brand?post=1606"},{"taxonomy":"product_cat","embeddable":true,"href":"https:\/\/sausage-stuffer.com\/es\/wp-json\/wp\/v2\/product_cat?post=1606"},{"taxonomy":"product_tag","embeddable":true,"href":"https:\/\/sausage-stuffer.com\/es\/wp-json\/wp\/v2\/product_tag?post=1606"}],"curies":[{"name":"wp","href":"https:\/\/api.w.org\/{rel}","templated":true}]}}