{"id":1603,"date":"2024-07-23T14:22:30","date_gmt":"2024-07-23T14:22:30","guid":{"rendered":"https:\/\/sausage-stuffer.com\/?post_type=product&#038;p=1603"},"modified":"2024-08-15T05:46:10","modified_gmt":"2024-08-15T05:46:10","slug":"sausage-stuffer-and-meat-grinder","status":"publish","type":"product","link":"https:\/\/sausage-stuffer.com\/es\/manufacturer\/sausage-stuffer-and-meat-grinder\/","title":{"rendered":"Rellenadora de salchichas y picadora de carne SV7"},"content":{"rendered":"<h2><strong>Rellenadora de salchichas y picadora de carne<\/strong><strong>:<\/strong><\/h2>\n<ul>\n<li>Construcci\u00f3n de acero inoxidable.<\/li>\n<li>Dise\u00f1o de dos velocidades para una liberaci\u00f3n r\u00e1pida y un embutido lento.<\/li>\n<li>Viene con cuatro boquillas de acero inoxidable.<\/li>\n<\/ul>\n<p>&nbsp;<\/p>\n<h2><span style=\"font-size: 100%;\"><strong><strong>Rellenadora de salchichas y picadora de carne Caracter\u00edsticas principales<\/strong><\/strong>:<\/span><\/h2>\n<div class=\"flex-shrink-0 flex flex-col relative items-end\">\n<div class=\"pt-0\">\n<ol>\n<li><strong>Cilindro vertical<\/strong>: El dise\u00f1o vertical permite que la gravedad ayude en el proceso de embutici\u00f3n, facilitando la manipulaci\u00f3n de la mezcla de carne.<\/li>\n<li><strong>Manivela manual<\/strong>: Accionamiento mediante manivela, que permite al usuario controlar la velocidad de embutici\u00f3n.<\/li>\n<li><strong>Construcci\u00f3n de acero inoxidable<\/strong>: Duradero y f\u00e1cil de limpiar, evita la oxidaci\u00f3n y mantiene la higiene.<\/li>\n<li><strong>Boquillas m\u00faltiples<\/strong>: Viene con tubos de relleno de diferentes tama\u00f1os para hacer varios tipos de salchichas.<\/li>\n<li><strong>Capacidad<\/strong>: Disponibles en varias capacidades, normalmente de 5 a 15 libras, adecuadas para diferentes tama\u00f1os de lote.<\/li>\n<li><strong>Piezas desmontables<\/strong>: F\u00e1cil desmontaje para una limpieza a fondo<\/li>\n<\/ol>\n<\/div>\n<\/div>","protected":false},"excerpt":{"rendered":"<h4><strong><span class=\"Y2IQFc\" lang=\"en\">Par\u00e1metros b\u00e1sicos<\/span><\/strong><\/h4>\n<p>Tipo\uff1avertical m<span class=\"Y2IQFc\" lang=\"en\">s anual<\/span>rellenador de ausencias<\/p>\n<p>Cilindro Dia.xl(mm):\uffe0140*460<\/p>\n<p>Tama\u00f1o\uff1a300*340*830\uff08mm\uff09<\/p>\n<p>Peso neto \uff1a11.5 KG<\/p>\n<p id=\"tw-target-text\" class=\"tw-data-text tw-text-large tw-ta\" dir=\"ltr\" data-placeholder=\"Translation\" aria-label=\"Texto traducido\" data-ved=\"2ahUKEwikr8X52saHAxV4mq8BHbZ8AHMQ3ewLegQIEhAU\"><span class=\"Y2IQFc\" lang=\"en\">Volumen \uff1a7L<\/span><\/p>","protected":false},"featured_media":1555,"template":"","meta":[],"product_brand":[],"product_cat":[47],"product_tag":[],"class_list":{"0":"post-1603","1":"product","2":"type-product","3":"status-publish","4":"has-post-thumbnail","6":"product_cat-vertical-manual-sausage-stuffer","8":"first","9":"instock","10":"shipping-taxable","11":"product-type-simple"},"_links":{"self":[{"href":"https:\/\/sausage-stuffer.com\/es\/wp-json\/wp\/v2\/product\/1603","targetHints":{"allow":["GET"]}}],"collection":[{"href":"https:\/\/sausage-stuffer.com\/es\/wp-json\/wp\/v2\/product"}],"about":[{"href":"https:\/\/sausage-stuffer.com\/es\/wp-json\/wp\/v2\/types\/product"}],"wp:featuredmedia":[{"embeddable":true,"href":"https:\/\/sausage-stuffer.com\/es\/wp-json\/wp\/v2\/media\/1555"}],"wp:attachment":[{"href":"https:\/\/sausage-stuffer.com\/es\/wp-json\/wp\/v2\/media?parent=1603"}],"wp:term":[{"taxonomy":"product_brand","embeddable":true,"href":"https:\/\/sausage-stuffer.com\/es\/wp-json\/wp\/v2\/product_brand?post=1603"},{"taxonomy":"product_cat","embeddable":true,"href":"https:\/\/sausage-stuffer.com\/es\/wp-json\/wp\/v2\/product_cat?post=1603"},{"taxonomy":"product_tag","embeddable":true,"href":"https:\/\/sausage-stuffer.com\/es\/wp-json\/wp\/v2\/product_tag?post=1603"}],"curies":[{"name":"wp","href":"https:\/\/api.w.org\/{rel}","templated":true}]}}