{"id":1561,"date":"2024-07-23T12:57:55","date_gmt":"2024-07-23T12:57:55","guid":{"rendered":"https:\/\/sausage-stuffer.com\/?post_type=product&#038;p=1561"},"modified":"2024-08-15T04:02:58","modified_gmt":"2024-08-15T04:02:58","slug":"hand-crank-sausage-stuffer-sv3","status":"publish","type":"product","link":"https:\/\/sausage-stuffer.com\/es\/manufacturer\/hand-crank-sausage-stuffer-sv3\/","title":{"rendered":"Rellenadora de salchichas manual SV3"},"content":{"rendered":"<h2><strong>Rellenadora de salchichas manual SV3:<\/strong><\/h2>\n<ul>\n<li>Construcci\u00f3n de acero inoxidable.<\/li>\n<li>Dise\u00f1o de dos velocidades para una liberaci\u00f3n r\u00e1pida y un embutido lento.<\/li>\n<li>Viene con cuatro boquillas de acero inoxidable.<\/li>\n<\/ul>\n<p>&nbsp;<\/p>\n<h2><strong>Consejos de uso de la embutidora manual:<\/strong><\/h2>\n<ol>\n<li><strong>Enfriar la carne<\/strong>: Mantener la mezcla de carne fr\u00eda para que se rellene f\u00e1cilmente y mantenga una buena textura.<\/li>\n<li><strong>Tripas en remojo<\/strong>: Remoje las tripas naturales en agua caliente antes de usarlas para que sean m\u00e1s flexibles y f\u00e1ciles de manipular.<\/li>\n<li><strong>Presi\u00f3n constante<\/strong>: Gire la manivela a un ritmo constante para evitar que se formen bolsas de aire en las salchichas.<\/li>\n<li><strong>Lubricar la boquilla<\/strong>: Un poco de agua o aceite alimentario puede ayudar a que las tripas se deslicen m\u00e1s suavemente sobre la boquilla.<\/li>\n<li><strong>Limpiar a fondo<\/strong>: Desmonte y limpie todas las piezas despu\u00e9s de cada uso para mantener la higiene y prolongar la vida \u00fatil de la m\u00e1quina.<\/li>\n<\/ol>","protected":false},"excerpt":{"rendered":"<h4><strong>Par\u00e1metros b\u00e1sicos<\/strong><\/h4>\n<p>Tipo\uff1aembutidora de salchichas manual vertical<\/p>\n<p>Cilindro Dia.xl(mm):\uffe0140*200<\/p>\n<p>Tama\u00f1o\uff1a300*340*570\uff08mm\uff09<\/p>\n<p>Peso neto \uff1a9 Kg<\/p>\n<p>Volumen \uff1a3 L<\/p>","protected":false},"featured_media":1553,"template":"","meta":[],"product_brand":[],"product_cat":[47],"product_tag":[],"class_list":{"0":"post-1561","1":"product","2":"type-product","3":"status-publish","4":"has-post-thumbnail","6":"product_cat-vertical-manual-sausage-stuffer","8":"first","9":"instock","10":"shipping-taxable","11":"product-type-simple"},"_links":{"self":[{"href":"https:\/\/sausage-stuffer.com\/es\/wp-json\/wp\/v2\/product\/1561","targetHints":{"allow":["GET"]}}],"collection":[{"href":"https:\/\/sausage-stuffer.com\/es\/wp-json\/wp\/v2\/product"}],"about":[{"href":"https:\/\/sausage-stuffer.com\/es\/wp-json\/wp\/v2\/types\/product"}],"wp:featuredmedia":[{"embeddable":true,"href":"https:\/\/sausage-stuffer.com\/es\/wp-json\/wp\/v2\/media\/1553"}],"wp:attachment":[{"href":"https:\/\/sausage-stuffer.com\/es\/wp-json\/wp\/v2\/media?parent=1561"}],"wp:term":[{"taxonomy":"product_brand","embeddable":true,"href":"https:\/\/sausage-stuffer.com\/es\/wp-json\/wp\/v2\/product_brand?post=1561"},{"taxonomy":"product_cat","embeddable":true,"href":"https:\/\/sausage-stuffer.com\/es\/wp-json\/wp\/v2\/product_cat?post=1561"},{"taxonomy":"product_tag","embeddable":true,"href":"https:\/\/sausage-stuffer.com\/es\/wp-json\/wp\/v2\/product_tag?post=1561"}],"curies":[{"name":"wp","href":"https:\/\/api.w.org\/{rel}","templated":true}]}}