{"id":1717,"date":"2024-07-28T14:39:28","date_gmt":"2024-07-28T14:39:28","guid":{"rendered":"https:\/\/sausage-stuffer.com\/?post_type=product&#038;p=1717"},"modified":"2024-08-03T07:20:46","modified_gmt":"2024-08-03T07:20:46","slug":"commercial-bone-cutting-machine-jg210b","status":"publish","type":"product","link":"https:\/\/sausage-stuffer.com\/de\/manufacturer\/commercial-bone-cutting-machine-jg210b\/","title":{"rendered":"Kommerzielle Knochenschneidemaschine JG210B"},"content":{"rendered":"<p>Eine gewerbliche Knochenschneidemaschine ist ein spezielles Ger\u00e4t f\u00fcr schwere Fleischverarbeitungsaufgaben, insbesondere zum Schneiden von Knochen, gefrorenem Fleisch und anderen harten Materialien in Gro\u00dfk\u00fcchen, Metzgereien und Fleischverarbeitungsbetrieben. Hier sind einige wichtige Merkmale und \u00dcberlegungen f\u00fcr solche Maschinen:<\/p>\n<h3><strong>Eigenschaften<\/strong><\/h3>\n<h4><strong>1. leistungsstarker Motor:<\/strong><\/h4>\n<ul>\n<li>\n<h4><span style=\"color: #333333; font-size: 14.4px;\">Leistungsstarke Motoren sorgen f\u00fcr einen reibungslosen und effizienten Schnitt durch z\u00e4he Materialien.<\/span><\/h4>\n<\/li>\n<\/ul>\n<h4><strong>2. langlebige Konstruktion:<\/strong><\/h4>\n<ul>\n<li>Aus robusten Materialien wie Edelstahl gefertigt, halten sie auch starker Beanspruchung stand und gew\u00e4hrleisten Langlebigkeit.<\/li>\n<li>Korrosionsbest\u00e4ndige Eigenschaften sind wichtig f\u00fcr Hygiene und Haltbarkeit.<\/li>\n<\/ul>\n<h4><strong>3. die Sicherheitsmerkmale:<\/strong><\/h4>\n<ul>\n<li>Ausgestattet mit Schutzvorrichtungen, Not-Aus-Tasten und rutschfesten Sockeln, um die Sicherheit des Benutzers zu gew\u00e4hrleisten.<\/li>\n<li>Einige Modelle sind mit einer automatischen Messerabschaltung ausgestattet, wenn das Ger\u00e4t w\u00e4hrend des Betriebs ge\u00f6ffnet wird.<\/li>\n<\/ul>\n<h4><strong>4. einstellbare Klinge:<\/strong><\/h4>\n<ul>\n<li>Einstellbare Klingeneinstellungen f\u00fcr unterschiedliche Dicken und Schnittarten.<\/li>\n<li>Leicht austauschbare Klingen f\u00fcr unterschiedliche Schneidanforderungen und Wartung.<\/li>\n<\/ul>\n<h4><strong>5. hygienisches Design:<\/strong><\/h4>\n<ul>\n<li>Sie sind leicht zu reinigen, um hohe Hygienestandards zu gew\u00e4hrleisten.<\/li>\n<li>Abnehmbare Teile, die sp\u00fclmaschinenfest oder leicht zu desinfizieren sind.<\/li>\n<\/ul>\n<h4><strong>6. pr\u00e4zises Schneiden:<\/strong><\/h4>\n<ul>\n<li>Bietet pr\u00e4zise und konsistente Schnitte, um die Einheitlichkeit der Fleischportionen zu gew\u00e4hrleisten.<\/li>\n<li>Einige Maschinen werden mit Messhilfen f\u00fcr exakte Schnitte geliefert.<\/li>\n<\/ul>\n<h3><strong>\u00dcberlegungen<\/strong><\/h3>\n<p><strong>1.Kapazit\u00e4t:<\/strong><\/p>\n<ul>\n<li>Die Maschine sollte dem f\u00fcr Ihr Unternehmen erforderlichen Verarbeitungsvolumen entsprechen.<\/li>\n<li>Ber\u00fccksichtigen Sie die Gr\u00f6\u00dfe des Schneidtisches und die maximale Dicke, die er verarbeiten kann.<\/li>\n<\/ul>\n<p><strong>2. einfache Handhabung:<\/strong><\/p>\n<ul>\n<li>Benutzerfreundliche Bedienelemente und klare Anweisungen sind entscheidend f\u00fcr einen effizienten Betrieb.<\/li>\n<li>Auch der Schulungsbedarf des Personals sollte ber\u00fccksichtigt werden.<\/li>\n<\/ul>\n<p><strong>3.Wartung:<\/strong><\/p>\n<ul>\n<li>Achten Sie auf Maschinen mit leicht zug\u00e4nglichen Teilen f\u00fcr Wartung und Reparatur.<\/li>\n<li>Verf\u00fcgbarkeit von Ersatzteilen und Unterst\u00fctzung durch den Hersteller.<\/li>\n<\/ul>\n<p><strong>4. die Energieeffizienz:<\/strong><\/p>\n<ul>\n<li>Maschinen mit Energiesparfunktionen k\u00f6nnen die Betriebskosten im Laufe der Zeit senken.<\/li>\n<\/ul>\n<p><strong>5.Kosten:<\/strong><\/p>\n<ul>\n<li>W\u00e4gen Sie die Anfangsinvestition gegen die erwartete Lebensdauer und Leistung der Maschine ab.<\/li>\n<li>Ber\u00fccksichtigen Sie die Gesamtbetriebskosten, einschlie\u00dflich Wartungs- und Betriebskosten.<\/li>\n<\/ul>\n<h3><strong>Kommerzielle Knochenschneidemaschine Anwendungen<\/strong><\/h3>\n<p><strong>Metzgereien:<\/strong><\/p>\n<ul>\n<li>Zum pr\u00e4zisen und schnellen Durchtrennen gro\u00dfer Fleisch- und Knochenst\u00fccke.<\/li>\n<\/ul>\n<p><strong>Fleischverarbeitungsbetriebe:<\/strong><\/p>\n<ul>\n<li>Unerl\u00e4sslich f\u00fcr die Verarbeitung von Fleischprodukten in gro\u00dfen Mengen.<\/li>\n<\/ul>\n<p><strong>Gro\u00dfk\u00fcchen:<\/strong><\/p>\n<ul>\n<li>N\u00fctzlich f\u00fcr Restaurants und Cateringservices, die gro\u00dfe Mengen an Fleisch zubereiten.<\/li>\n<\/ul>","protected":false},"excerpt":{"rendered":"<h4><strong><span class=\"Y2IQFc\" lang=\"en\">Kommerzielle Knochenschneidemaschine JG210B Technische Parameter\uff1a<\/span><\/strong><\/h4>\n<ul>\n<li class=\"tw-data-text tw-text-large tw-ta\" dir=\"ltr\" data-placeholder=\"Translation\" aria-label=\"\u00dcbersetzter Text\" data-ved=\"2ahUKEwj2ucO6-8mHAxXmh68BHRM1GoEQ3ewLegQIEBAU\">Spannung \uff1a110 -220 v<\/li>\n<li class=\"tw-data-text tw-text-large tw-ta\" dir=\"ltr\" data-placeholder=\"Translation\" aria-label=\"\u00dcbersetzter Text\" data-ved=\"2ahUKEwj2ucO6-8mHAxXmh68BHRM1GoEQ3ewLegQIEBAU\"><span class=\"Y2IQFc\" lang=\"en\">Frequenz \uff1a50\/60 Hz<\/span><\/li>\n<li dir=\"ltr\" data-placeholder=\"Translation\" aria-label=\"\u00dcbersetzter Text\" data-ved=\"2ahUKEwj2ucO6-8mHAxXmh68BHRM1GoEQ3ewLegQIEBAU\">Motorleistung :1500 w<\/li>\n<li dir=\"ltr\" data-placeholder=\"Translation\" aria-label=\"\u00dcbersetzter Text\" data-ved=\"2ahUKEwj2ucO6-8mHAxXmh68BHRM1GoEQ3ewLegQIEBAU\">L\u00e4nge der Klinge : 2400 mm<\/li>\n<li dir=\"ltr\" data-placeholder=\"Translation\" aria-label=\"\u00dcbersetzter Text\" data-ved=\"2ahUKEwj2ucO6-8mHAxXmh68BHRM1GoEQ3ewLegQIEBAU\">Tabelle Spezifikation :506*416 mm<\/li>\n<li dir=\"ltr\" data-placeholder=\"Translation\" aria-label=\"\u00dcbersetzter Text\" data-ved=\"2ahUKEwj2ucO6-8mHAxXmh68BHRM1GoEQ3ewLegQIEBAU\">Schnittst\u00e4rke :5-155 mm<\/li>\n<li dir=\"ltr\" data-placeholder=\"Translation\" aria-label=\"\u00dcbersetzter Text\" data-ved=\"2ahUKEwj2ucO6-8mHAxXmh68BHRM1GoEQ3ewLegQIEBAU\">GEWICHT\/NUTZLAST :61 KG\/51 KG<\/li>\n<li dir=\"ltr\" data-placeholder=\"Translation\" aria-label=\"\u00dcbersetzter Text\" data-ved=\"2ahUKEwj2ucO6-8mHAxXmh68BHRM1GoEQ3ewLegQIEBAU\">Gr\u00f6\u00dfe des Produkts: 52*56*97 cm<\/li>\n<li dir=\"ltr\" data-placeholder=\"Translation\" aria-label=\"\u00dcbersetzter Text\" data-ved=\"2ahUKEwj2ucO6-8mHAxXmh68BHRM1GoEQ3ewLegQIEBAU\">Gr\u00f6\u00dfe der Verpackung: 62*66*107 cm<\/li>\n<\/ul>","protected":false},"featured_media":1862,"template":"","meta":[],"product_brand":[],"product_cat":[44],"product_tag":[],"class_list":{"0":"post-1717","1":"product","2":"type-product","3":"status-publish","4":"has-post-thumbnail","6":"product_cat-bone-cutting-machine","8":"first","9":"instock","10":"shipping-taxable","11":"product-type-simple"},"_links":{"self":[{"href":"https:\/\/sausage-stuffer.com\/de\/wp-json\/wp\/v2\/product\/1717","targetHints":{"allow":["GET"]}}],"collection":[{"href":"https:\/\/sausage-stuffer.com\/de\/wp-json\/wp\/v2\/product"}],"about":[{"href":"https:\/\/sausage-stuffer.com\/de\/wp-json\/wp\/v2\/types\/product"}],"wp:featuredmedia":[{"embeddable":true,"href":"https:\/\/sausage-stuffer.com\/de\/wp-json\/wp\/v2\/media\/1862"}],"wp:attachment":[{"href":"https:\/\/sausage-stuffer.com\/de\/wp-json\/wp\/v2\/media?parent=1717"}],"wp:term":[{"taxonomy":"product_brand","embeddable":true,"href":"https:\/\/sausage-stuffer.com\/de\/wp-json\/wp\/v2\/product_brand?post=1717"},{"taxonomy":"product_cat","embeddable":true,"href":"https:\/\/sausage-stuffer.com\/de\/wp-json\/wp\/v2\/product_cat?post=1717"},{"taxonomy":"product_tag","embeddable":true,"href":"https:\/\/sausage-stuffer.com\/de\/wp-json\/wp\/v2\/product_tag?post=1717"}],"curies":[{"name":"wp","href":"https:\/\/api.w.org\/{rel}","templated":true}]}}