{"id":1693,"date":"2024-07-26T10:28:23","date_gmt":"2024-07-26T10:28:23","guid":{"rendered":"https:\/\/sausage-stuffer.com\/?post_type=product&#038;p=1693"},"modified":"2024-08-03T07:19:27","modified_gmt":"2024-08-03T07:19:27","slug":"electric-bone-cutting-machine-jg210a","status":"publish","type":"product","link":"https:\/\/sausage-stuffer.com\/de\/manufacturer\/electric-bone-cutting-machine-jg210a\/","title":{"rendered":"Elektrische Knochenschneidemaschine JG210A"},"content":{"rendered":"<p>Im Vergleich zum JG210 besteht die Schale des JG210A haupts\u00e4chlich aus Eisen, und das Aussehen ist durch das Spritzlackierverfahren moderner, w\u00e4hrend der Hauptteil aus Edelstahl besteht, der den Lebensmittelsicherheitsstandards entspricht. Dieses verbesserte Design kann die visuelle Attraktivit\u00e4t des Produkts erh\u00f6hen und gleichzeitig die Sicherheit der mit Lebensmitteln in Ber\u00fchrung kommenden Teile gew\u00e4hrleisten.<\/p>\n<h4><strong>Knochenschneidemaschine Anwendung:<\/strong><\/h4>\n<ul>\n<li>Geeignet f\u00fcr lebensmittelverarbeitende Betriebe, Catering-Industrie, Kantine, kann es alle Arten von Knochen, gefrorenes Fleisch, gefrorenen Fisch und rasorial Schneiden.<\/li>\n<li>Die Maschine eignet sich zum Schneiden von gefrorenem Fleisch und Fleisch mit normaler Temperatur, aber nicht f\u00fcr Fleisch ohne Knochen mit normaler Temperatur.<\/li>\n<\/ul>\n<p>&nbsp;<\/p>\n<p><strong><b>Merkmale:<\/b><\/strong><\/p>\n<ul>\n<li>Hoher Wirkungsgrad, niedriger Verbrauch, sicher und zuverl\u00e4ssig.<\/li>\n<li>Einfache Handhabung, sauberer Komfort, stabile Leistung<\/li>\n<li>Geh\u00e4use aus Aluminiumlegierung, lebensmittelber\u00fchrende Teile aus Edelstahl 304, S\u00e4geblatt aus massivem Stahl, stabil und langlebig<\/li>\n<li>Eingebaute wasserdichte Sicherheitsvorrichtung, wenn sich die \u00e4u\u00dfere Abdeckung der Maschine \u00f6ffnet, wird sie nicht mehr funktionieren<\/li>\n<\/ul>","protected":false},"excerpt":{"rendered":"<h4><strong><span class=\"Y2IQFc\" lang=\"en\">Technische Parameter der Knochenschneidemaschine JG210A\uff1a<\/span><\/strong><\/h4>\n<ul>\n<li class=\"tw-data-text tw-text-large tw-ta\" dir=\"ltr\" data-placeholder=\"Translation\" aria-label=\"\u00dcbersetzter Text\" data-ved=\"2ahUKEwj2ucO6-8mHAxXmh68BHRM1GoEQ3ewLegQIEBAU\">Spannung \uff1a110 -220 v<\/li>\n<li class=\"tw-data-text tw-text-large tw-ta\" dir=\"ltr\" data-placeholder=\"Translation\" aria-label=\"\u00dcbersetzter Text\" data-ved=\"2ahUKEwj2ucO6-8mHAxXmh68BHRM1GoEQ3ewLegQIEBAU\"><span class=\"Y2IQFc\" lang=\"en\">Frequenz \uff1a50\/60 Hz<\/span><\/li>\n<li dir=\"ltr\" data-placeholder=\"Translation\" aria-label=\"\u00dcbersetzter Text\" data-ved=\"2ahUKEwj2ucO6-8mHAxXmh68BHRM1GoEQ3ewLegQIEBAU\">Motorleistung :750 w<\/li>\n<li dir=\"ltr\" data-placeholder=\"Translation\" aria-label=\"\u00dcbersetzter Text\" data-ved=\"2ahUKEwj2ucO6-8mHAxXmh68BHRM1GoEQ3ewLegQIEBAU\">Tabelle Spezifikation: 400*510 mm<\/li>\n<li dir=\"ltr\" data-placeholder=\"Translation\" aria-label=\"\u00dcbersetzter Text\" data-ved=\"2ahUKEwj2ucO6-8mHAxXmh68BHRM1GoEQ3ewLegQIEBAU\">Schnittst\u00e4rke: 5-150 mm<\/li>\n<li dir=\"ltr\" data-placeholder=\"Translation\" aria-label=\"\u00dcbersetzter Text\" data-ved=\"2ahUKEwj2ucO6-8mHAxXmh68BHRM1GoEQ3ewLegQIEBAU\">Schnitth\u00f6he :245 mm<\/li>\n<li dir=\"ltr\" data-placeholder=\"Translation\" aria-label=\"\u00dcbersetzter Text\" data-ved=\"2ahUKEwj2ucO6-8mHAxXmh68BHRM1GoEQ3ewLegQIEBAU\">GEWICHT\/NUTZLAST :46 KG\/36 KG<\/li>\n<li dir=\"ltr\" data-placeholder=\"Translation\" aria-label=\"\u00dcbersetzter Text\" data-ved=\"2ahUKEwj2ucO6-8mHAxXmh68BHRM1GoEQ3ewLegQIEBAU\">Gr\u00f6\u00dfe des Produkts: 51*51*86 cm<\/li>\n<li dir=\"ltr\" data-placeholder=\"Translation\" aria-label=\"\u00dcbersetzter Text\" data-ved=\"2ahUKEwj2ucO6-8mHAxXmh68BHRM1GoEQ3ewLegQIEBAU\">Gr\u00f6\u00dfe des Pakets: 61*61*96 cm<\/li>\n<\/ul>","protected":false},"featured_media":1761,"template":"","meta":[],"product_brand":[],"product_cat":[44],"product_tag":[],"class_list":{"0":"post-1693","1":"product","2":"type-product","3":"status-publish","4":"has-post-thumbnail","6":"product_cat-bone-cutting-machine","8":"first","9":"instock","10":"shipping-taxable","11":"product-type-simple"},"_links":{"self":[{"href":"https:\/\/sausage-stuffer.com\/de\/wp-json\/wp\/v2\/product\/1693","targetHints":{"allow":["GET"]}}],"collection":[{"href":"https:\/\/sausage-stuffer.com\/de\/wp-json\/wp\/v2\/product"}],"about":[{"href":"https:\/\/sausage-stuffer.com\/de\/wp-json\/wp\/v2\/types\/product"}],"wp:featuredmedia":[{"embeddable":true,"href":"https:\/\/sausage-stuffer.com\/de\/wp-json\/wp\/v2\/media\/1761"}],"wp:attachment":[{"href":"https:\/\/sausage-stuffer.com\/de\/wp-json\/wp\/v2\/media?parent=1693"}],"wp:term":[{"taxonomy":"product_brand","embeddable":true,"href":"https:\/\/sausage-stuffer.com\/de\/wp-json\/wp\/v2\/product_brand?post=1693"},{"taxonomy":"product_cat","embeddable":true,"href":"https:\/\/sausage-stuffer.com\/de\/wp-json\/wp\/v2\/product_cat?post=1693"},{"taxonomy":"product_tag","embeddable":true,"href":"https:\/\/sausage-stuffer.com\/de\/wp-json\/wp\/v2\/product_tag?post=1693"}],"curies":[{"name":"wp","href":"https:\/\/api.w.org\/{rel}","templated":true}]}}