{"id":1692,"date":"2024-07-26T10:26:16","date_gmt":"2024-07-26T10:26:16","guid":{"rendered":"https:\/\/sausage-stuffer.com\/?post_type=product&#038;p=1692"},"modified":"2024-07-28T15:09:30","modified_gmt":"2024-07-28T15:09:30","slug":"meat-bone-cutting-machine-jg210","status":"publish","type":"product","link":"https:\/\/sausage-stuffer.com\/de\/manufacturer\/meat-bone-cutting-machine-jg210\/","title":{"rendered":"Fleischknochenschneidemaschine JG210"},"content":{"rendered":"<h3><strong>Merkmale der Knochenschneidemaschine<\/strong><\/h3>\n<p><strong>1.Entwurf<\/strong>:<\/p>\n<ul>\n<li>Sie sind in der Regel robust und aus langlebigen Materialien wie rostfreiem Stahl gefertigt, um schwere Aufgaben zu bew\u00e4ltigen.<\/li>\n<li>Es gibt sie in verschiedenen Gr\u00f6\u00dfen f\u00fcr unterschiedliche Anforderungen, von kompakten Modellen f\u00fcr kleine Unternehmen bis hin zu gro\u00dfen Industriemaschinen.<\/li>\n<\/ul>\n<p><strong>2.Klinge<\/strong>:<\/p>\n<ul>\n<li>Hochwertige, scharfe Klingen, die auch Knochen und gefrorenes Fleisch durchschneiden k\u00f6nnen.<\/li>\n<li>H\u00e4ufig aus rostfreiem Stahl oder anderen korrosionsbest\u00e4ndigen Materialien hergestellt.<\/li>\n<li>Einige Modelle haben verstellbare Klingen f\u00fcr unterschiedliche Schnittst\u00e4rken.<\/li>\n<\/ul>\n<p><strong>3.Motor<\/strong>:<\/p>\n<ul>\n<li>Ein starker Motor sorgt f\u00fcr das n\u00f6tige Drehmoment, um harte Materialien zu durchtrennen.<\/li>\n<li>Die Motorleistung variiert je nach Gr\u00f6\u00dfe und Verwendungszweck der Maschine, wobei die Industriemodelle \u00fcber st\u00e4rkere Motoren verf\u00fcgen.<\/li>\n<\/ul>\n<p><strong>4. sicherheitsrelevante Merkmale<\/strong>:<\/p>\n<ul>\n<li>Ausgestattet mit Schutzvorrichtungen und Not-Aus-Tasten, um Unf\u00e4lle zu vermeiden.<\/li>\n<li>Einige Modelle verf\u00fcgen \u00fcber eine Abschaltautomatik, falls sich die Klinge verklemmt oder \u00fcberhitzt.<\/li>\n<\/ul>\n<p><strong>5.Betrieb<\/strong>:<\/p>\n<ul>\n<li>Kann manuell, halbautomatisch oder vollautomatisch sein.<\/li>\n<li>Manuelle Maschinen erfordern mehr k\u00f6rperlichen Einsatz, w\u00e4hrend automatische Maschinen effizienter und benutzerfreundlicher sind.<\/li>\n<\/ul>\n<p><strong>6. reinigung und pflege<\/strong>:<\/p>\n<ul>\n<li>Leicht zerlegbar, um eine gr\u00fcndliche Reinigung zu erm\u00f6glichen.<\/li>\n<li>Einige Modelle sind f\u00fcr bestimmte Teile sp\u00fclmaschinenfest.<\/li>\n<\/ul>\n<h3><strong>Vorteile der Knochenschneidemaschine<\/strong><\/h3>\n<p><strong>1.Wirkungsgrad<\/strong>:<\/p>\n<ul>\n<li>Schneidet schnell und pr\u00e4zise durch Knochen und gefrorenes Fleisch und spart so Zeit und M\u00fche.<\/li>\n<li>Unverzichtbar f\u00fcr Fleischverarbeitungsbetriebe mit hohem Durchsatz.<\/li>\n<\/ul>\n<p><strong>2. die Konsistenz<\/strong>:<\/p>\n<ul>\n<li>Sorgt f\u00fcr gleichm\u00e4\u00dfige Schnitte, was f\u00fcr die Pr\u00e4sentation und die einheitliche Zubereitung entscheidend ist.<\/li>\n<\/ul>\n<p><strong>3.Sicherheit<\/strong>:<\/p>\n<ul>\n<li>Mit zahlreichen Sicherheitsmerkmalen ausgestattet, um den Benutzer vor Verletzungen zu sch\u00fctzen.<\/li>\n<li>Verringert das Unfallrisiko im Vergleich zur Verwendung von manuellen S\u00e4gen oder Messern.<\/li>\n<\/ul>\n<p><strong>4. die Vielseitigkeit<\/strong>:<\/p>\n<ul>\n<li>Geeignet f\u00fcr verschiedene Fleisch- und Knochensorten, einschlie\u00dflich Rind, Schwein, Lamm und Gefl\u00fcgel.<\/li>\n<li>Einige Modelle k\u00f6nnen auch Tiefk\u00fchlprodukte und Fisch verarbeiten.<\/li>\n<\/ul>","protected":false},"excerpt":{"rendered":"<h4><strong><span class=\"Y2IQFc\" lang=\"en\">Knochenschneidemaschine JG210 Prozessparameter\uff1a<\/span><\/strong><\/h4>\n<ul>\n<li class=\"tw-data-text tw-text-large tw-ta\" dir=\"ltr\" data-placeholder=\"Translation\" aria-label=\"\u00dcbersetzter Text\" data-ved=\"2ahUKEwj2ucO6-8mHAxXmh68BHRM1GoEQ3ewLegQIEBAU\">Spannung \uff1a110 -220 v<\/li>\n<li class=\"tw-data-text tw-text-large tw-ta\" dir=\"ltr\" data-placeholder=\"Translation\" aria-label=\"\u00dcbersetzter Text\" data-ved=\"2ahUKEwj2ucO6-8mHAxXmh68BHRM1GoEQ3ewLegQIEBAU\"><span class=\"Y2IQFc\" lang=\"en\">Frequenz \uff1a50\/60 Hz<\/span><\/li>\n<li dir=\"ltr\" data-placeholder=\"Translation\" aria-label=\"\u00dcbersetzter Text\" data-ved=\"2ahUKEwj2ucO6-8mHAxXmh68BHRM1GoEQ3ewLegQIEBAU\">Motorleistung :750 w<\/li>\n<li dir=\"ltr\" data-placeholder=\"Translation\" aria-label=\"\u00dcbersetzter Text\" data-ved=\"2ahUKEwj2ucO6-8mHAxXmh68BHRM1GoEQ3ewLegQIEBAU\">Tabelle Spezifikation: 400*510 mm<\/li>\n<li dir=\"ltr\" data-placeholder=\"Translation\" aria-label=\"\u00dcbersetzter Text\" data-ved=\"2ahUKEwj2ucO6-8mHAxXmh68BHRM1GoEQ3ewLegQIEBAU\">Schnittst\u00e4rke: 5-150 mm<\/li>\n<li dir=\"ltr\" data-placeholder=\"Translation\" aria-label=\"\u00dcbersetzter Text\" data-ved=\"2ahUKEwj2ucO6-8mHAxXmh68BHRM1GoEQ3ewLegQIEBAU\">Schnitth\u00f6he :245 mm<\/li>\n<li dir=\"ltr\" data-placeholder=\"Translation\" aria-label=\"\u00dcbersetzter Text\" data-ved=\"2ahUKEwj2ucO6-8mHAxXmh68BHRM1GoEQ3ewLegQIEBAU\">GEWICHT\/NUTZLAST :46 KG\/36 KG<\/li>\n<li dir=\"ltr\" data-placeholder=\"Translation\" aria-label=\"\u00dcbersetzter Text\" data-ved=\"2ahUKEwj2ucO6-8mHAxXmh68BHRM1GoEQ3ewLegQIEBAU\">Gr\u00f6\u00dfe des Produkts: 51*51*86 cm<\/li>\n<li dir=\"ltr\" data-placeholder=\"Translation\" aria-label=\"\u00dcbersetzter Text\" data-ved=\"2ahUKEwj2ucO6-8mHAxXmh68BHRM1GoEQ3ewLegQIEBAU\">Gr\u00f6\u00dfe des Pakets: 61*61*96 cm<\/li>\n<\/ul>\n<p>&nbsp;<\/p>","protected":false},"featured_media":1716,"template":"","meta":[],"product_brand":[],"product_cat":[44],"product_tag":[],"class_list":{"0":"post-1692","1":"product","2":"type-product","3":"status-publish","4":"has-post-thumbnail","6":"product_cat-bone-cutting-machine","8":"first","9":"instock","10":"shipping-taxable","11":"product-type-simple"},"_links":{"self":[{"href":"https:\/\/sausage-stuffer.com\/de\/wp-json\/wp\/v2\/product\/1692","targetHints":{"allow":["GET"]}}],"collection":[{"href":"https:\/\/sausage-stuffer.com\/de\/wp-json\/wp\/v2\/product"}],"about":[{"href":"https:\/\/sausage-stuffer.com\/de\/wp-json\/wp\/v2\/types\/product"}],"wp:featuredmedia":[{"embeddable":true,"href":"https:\/\/sausage-stuffer.com\/de\/wp-json\/wp\/v2\/media\/1716"}],"wp:attachment":[{"href":"https:\/\/sausage-stuffer.com\/de\/wp-json\/wp\/v2\/media?parent=1692"}],"wp:term":[{"taxonomy":"product_brand","embeddable":true,"href":"https:\/\/sausage-stuffer.com\/de\/wp-json\/wp\/v2\/product_brand?post=1692"},{"taxonomy":"product_cat","embeddable":true,"href":"https:\/\/sausage-stuffer.com\/de\/wp-json\/wp\/v2\/product_cat?post=1692"},{"taxonomy":"product_tag","embeddable":true,"href":"https:\/\/sausage-stuffer.com\/de\/wp-json\/wp\/v2\/product_tag?post=1692"}],"curies":[{"name":"wp","href":"https:\/\/api.w.org\/{rel}","templated":true}]}}