{"id":1691,"date":"2024-07-26T10:25:10","date_gmt":"2024-07-26T10:25:10","guid":{"rendered":"https:\/\/sausage-stuffer.com\/?post_type=product&#038;p=1691"},"modified":"2024-08-06T12:03:54","modified_gmt":"2024-08-06T12:03:54","slug":"vegetable-cutter-slicer-qc205b","status":"publish","type":"product","link":"https:\/\/sausage-stuffer.com\/de\/manufacturer\/vegetable-cutter-slicer-qc205b\/","title":{"rendered":"Gem\u00fcseschneider Aufschnittmaschine QC205B"},"content":{"rendered":"<h3><strong><b>So funktioniert ein Gem\u00fcseknickschneider<\/b><\/strong><\/h3>\n<p>Ein Faltenschneider hat in der Regel eine Klinge aus rostfreiem Stahl mit einem Wellen- oder Rillenmuster. Das Gem\u00fcse wird durch die Klinge geschoben, um den charakteristischen Faltenschnitt zu erzeugen. Einige Modelle sind mit einem Griff oder einer Schutzvorrichtung ausgestattet, um die Bedienung zu erleichtern und sicherer zu machen.<\/p>\n<h3><strong><b>Vorteile der Verwendung eines Gem\u00fcseschneiders<\/b><\/strong><\/h3>\n<ul>\n<li><strong>Verbessert die Pr\u00e4sentation:<\/strong>In Falten geschnittenes Gem\u00fcse verleiht Salaten, Pfannengerichten und anderen Gerichten eine interessante Optik.<\/li>\n<li><strong>Verbessert die Textur:<\/strong>Die gewellten Schnitte k\u00f6nnen die Textur und den Geschmack bestimmter Gem\u00fcsesorten verbessern.<\/li>\n<li><strong>Einfach zu bedienen:<\/strong>Die meisten Faltenschneider sind einfach zu bedienen, so dass sie sowohl f\u00fcr Anf\u00e4nger als auch f\u00fcr erfahrene K\u00f6che geeignet sind.<\/li>\n<li><strong>Vielseitig:<\/strong>Kann f\u00fcr eine Vielzahl von Gem\u00fcse und Obst verwendet werden.<\/li>\n<\/ul>\n<h3><strong><b>Die Wahl des richtigen Gem\u00fcseschneiders<\/b><\/strong><\/h3>\n<p>Beachten Sie bei der Auswahl eines Faltenschneiders die folgenden Faktoren:<\/p>\n<ul>\n<li><strong>Klingenmuster:<\/strong>Verschiedene Muster erzeugen unterschiedliche Effekte.<\/li>\n<li><strong>Gr\u00f6\u00dfe und Form:<\/strong>W\u00e4hlen Sie einen Cutter, der gut in Ihrer Hand liegt.<\/li>\n<li><strong>Material:<\/strong>Edelstahl wird aus Gr\u00fcnden der Haltbarkeit und Hygiene bevorzugt.<\/li>\n<li><strong>Sicherheitsmerkmale:<\/strong>Achten Sie auf rutschfeste Griffe und Klingenschutzvorrichtungen.<\/li>\n<\/ul>\n<p>Wenn Sie einen Gem\u00fcseschneider in Ihr K\u00fcchenarsenal aufnehmen, k\u00f6nnen Sie Ihre kulinarischen Kreationen aufwerten und Ihre G\u00e4ste mit Ihrem kreativen Flair beeindrucken.<\/p>","protected":false},"excerpt":{"rendered":"<h4><strong>Gem\u00fcseschneider Aufschnittmaschine QC205B Parameter :<\/strong><\/h4>\n<p>Durchmesser der Messerschale ;\u2205205 mm<\/p>\n<p id=\"tw-target-text\" class=\"tw-data-text tw-text-large tw-ta\" dir=\"ltr\" data-placeholder=\"Translation\" aria-label=\"\u00dcbersetzter Text\" data-ved=\"2ahUKEwi8jdCVo9GHAxWHcPUHHXifC8wQ3ewLegQICRAU\"><span class=\"Y2IQFc\" lang=\"en\">Anzahl der Messer \uff1a5<\/span><\/p>\n<p>Leistung: 1000 W<\/p>\n<p>Spannung: 220V50Hz-110V60Hz<\/p>\n<p>Produktgr\u00f6\u00dfe: 580*385*550(mm)<\/p>\n<p>Verpackungsgr\u00f6\u00dfe: 675*345*540(mm)<\/p>\n<p>GEWICHT\/NENNGEWICHT :32(KG)\/27(KG)<\/p>","protected":false},"featured_media":1655,"template":"","meta":[],"product_brand":[],"product_cat":[43],"product_tag":[],"class_list":{"0":"post-1691","1":"product","2":"type-product","3":"status-publish","4":"has-post-thumbnail","6":"product_cat-vegetable-cutter","8":"first","9":"instock","10":"shipping-taxable","11":"product-type-simple"},"_links":{"self":[{"href":"https:\/\/sausage-stuffer.com\/de\/wp-json\/wp\/v2\/product\/1691","targetHints":{"allow":["GET"]}}],"collection":[{"href":"https:\/\/sausage-stuffer.com\/de\/wp-json\/wp\/v2\/product"}],"about":[{"href":"https:\/\/sausage-stuffer.com\/de\/wp-json\/wp\/v2\/types\/product"}],"wp:featuredmedia":[{"embeddable":true,"href":"https:\/\/sausage-stuffer.com\/de\/wp-json\/wp\/v2\/media\/1655"}],"wp:attachment":[{"href":"https:\/\/sausage-stuffer.com\/de\/wp-json\/wp\/v2\/media?parent=1691"}],"wp:term":[{"taxonomy":"product_brand","embeddable":true,"href":"https:\/\/sausage-stuffer.com\/de\/wp-json\/wp\/v2\/product_brand?post=1691"},{"taxonomy":"product_cat","embeddable":true,"href":"https:\/\/sausage-stuffer.com\/de\/wp-json\/wp\/v2\/product_cat?post=1691"},{"taxonomy":"product_tag","embeddable":true,"href":"https:\/\/sausage-stuffer.com\/de\/wp-json\/wp\/v2\/product_tag?post=1691"}],"curies":[{"name":"wp","href":"https:\/\/api.w.org\/{rel}","templated":true}]}}