{"id":1690,"date":"2024-07-26T10:23:35","date_gmt":"2024-07-26T10:23:35","guid":{"rendered":"https:\/\/sausage-stuffer.com\/?post_type=product&#038;p=1690"},"modified":"2024-08-06T12:00:14","modified_gmt":"2024-08-06T12:00:14","slug":"multifunctional-vegetable-cutter-qc205a","status":"publish","type":"product","link":"https:\/\/sausage-stuffer.com\/de\/manufacturer\/multifunctional-vegetable-cutter-qc205a\/","title":{"rendered":"Multifunktionaler Gem\u00fcseschneider QC205A"},"content":{"rendered":"<p>Ein Multifunktions-Gem\u00fcseschneider ist ein vielseitiges K\u00fcchenger\u00e4t, das die Zubereitung von Speisen vereinfacht. Mit verschiedenen austauschbaren Klingen und Aufs\u00e4tzen schneidet, w\u00fcrfelt, raspelt und raspelt er effizient Obst und Gem\u00fcse. Dieser K\u00fcchenhelfer spart Zeit und M\u00fche und sorgt f\u00fcr gleichm\u00e4\u00dfige Ergebnisse.<\/p>\n<h3><strong><b>Die wichtigsten Merkmale eines Multifunktions-Gem\u00fcseschneiders<\/b><\/strong><\/h3>\n<ul>\n<li><strong>Auswechselbare Klingen:<\/strong>\u00a0Verschiedene Klingen zum Schneiden, W\u00fcrfeln, Raspeln und Reiben.<\/li>\n<li><strong>Sicherheitsmerkmale:<\/strong>\u00a0Rutschfester Sockel, Klingenschutz und Lebensmittelhalter f\u00fcr sicheren Betrieb.<\/li>\n<li><strong><b>Material:<\/b><\/strong>\u00a0Sie sind in der Regel aus rostfreiem Stahl gefertigt, um Haltbarkeit und Hygiene zu gew\u00e4hrleisten.<\/li>\n<li><strong><b>Kompaktes Design:<\/b><\/strong> Leicht zu lagern und zu reinigen.<\/li>\n<\/ul>\n<h3><strong style=\"font-size: 20.16px;\"><b>Vorteile der Verwendung eines Multifunktions-Gem\u00fcseschneiders<\/b><\/strong><\/h3>\n<ul>\n<li><strong>Zeitersparnis:<\/strong>\u00a0Schnelles Zubereiten von Zutaten f\u00fcr Salate, Pfannengerichte und andere Gerichte.<\/li>\n<li><strong>Konsistente K\u00fcrzungen:<\/strong>\u00a0Erzielen Sie gleichm\u00e4\u00dfige Scheiben, W\u00fcrfel oder Schnitzel f\u00fcr ein professionelles Aussehen.<\/li>\n<li><strong>Sicherheit:<\/strong>\u00a0Verringerung des Unfallrisikos im Vergleich zur Verwendung von Messern.<\/li>\n<li><strong>Vielseitigkeit:<\/strong>\u00a0Verarbeiten Sie eine breite Palette von Gem\u00fcse und Obst.<\/li>\n<li><strong>Leicht zu reinigen:<\/strong>\u00a0Die meisten Teile sind sp\u00fclmaschinengeeignet.<\/li>\n<\/ul>\n<h3><strong><b>Die Wahl des richtigen Multifunktions-Gem\u00fcseschneiders<\/b><\/strong><\/h3>\n<p>Beachten Sie bei der Auswahl eines Gem\u00fcseschneiders die folgenden Faktoren:<\/p>\n<ul>\n<li><strong>Anzahl der Klingen:<\/strong>W\u00e4hlen Sie ein Modell mit einer Vielzahl von Klingen, die Ihren Anforderungen entsprechen.<\/li>\n<li><strong>Gr\u00f6\u00dfe des Beh\u00e4lters:<\/strong>Vergewissern Sie sich, dass der Beh\u00e4lter gro\u00df genug f\u00fcr Ihre typische Lebensmittelzubereitung ist.<\/li>\n<li><strong>Sicherheitsmerkmale:<\/strong>Bevorzugen Sie Modelle mit Klingenschutz und rutschfestem Boden.<\/li>\n<li><strong>Benutzerfreundlichkeit:<\/strong>Achten Sie auf benutzerfreundliche Designs mit einfachem Klingenwechsel.<\/li>\n<li><strong>Qualit\u00e4t der Materialien:<\/strong>Edelstahl wird aus Gr\u00fcnden der Haltbarkeit und Hygiene bevorzugt.<\/li>\n<\/ul>\n<p>Wenn Sie in einen hochwertigen Multifunktions-Gem\u00fcseschneider investieren, k\u00f6nnen Sie Ihr Kocherlebnis erheblich verbessern und die Vorteile einer schnelleren und effizienteren Zubereitung von Speisen genie\u00dfen.<\/p>","protected":false},"excerpt":{"rendered":"<h4><strong>Multifunktionaler Gem\u00fcseschneider QC205A Parameter :<\/strong><\/h4>\n<p>Durchmesser der Messerschale ;\u2205205 mm<\/p>\n<p id=\"tw-target-text\" class=\"tw-data-text tw-text-large tw-ta\" dir=\"ltr\" data-placeholder=\"Translation\" aria-label=\"\u00dcbersetzter Text\" data-ved=\"2ahUKEwi8jdCVo9GHAxWHcPUHHXifC8wQ3ewLegQICRAU\"><span class=\"Y2IQFc\" lang=\"en\">Anzahl der Messer \uff1a5<\/span><\/p>\n<p class=\"tw-data-text tw-text-large tw-ta\" dir=\"ltr\" data-placeholder=\"Translation\" aria-label=\"\u00dcbersetzter Text\" data-ved=\"2ahUKEwi8jdCVo9GHAxWHcPUHHXifC8wQ3ewLegQICRAU\"><span class=\"Y2IQFc\" lang=\"en\">Messerkopf-Spezifikationen \uff1aSchnitt 2\/5mm, Schnitzel 3mm\uff0cc<\/span><span class=\"Y2IQFc\" lang=\"en\">in St\u00fccke von 8*8mm geschnitten<\/span><\/p>\n<p>Leistung: 1000 W<\/p>\n<p>Spannung: 220V50Hz-110V60Hz<\/p>\n<p>Produktgr\u00f6\u00dfe: 580*385*550(mm)<\/p>\n<p>Verpackungsgr\u00f6\u00dfe: 675*345*540(mm)<\/p>\n<p>G.W\/N.W :33(KG)\/28(KG)<\/p>","protected":false},"featured_media":1654,"template":"","meta":[],"product_brand":[],"product_cat":[43],"product_tag":[],"class_list":{"0":"post-1690","1":"product","2":"type-product","3":"status-publish","4":"has-post-thumbnail","6":"product_cat-vegetable-cutter","8":"first","9":"instock","10":"shipping-taxable","11":"product-type-simple"},"_links":{"self":[{"href":"https:\/\/sausage-stuffer.com\/de\/wp-json\/wp\/v2\/product\/1690","targetHints":{"allow":["GET"]}}],"collection":[{"href":"https:\/\/sausage-stuffer.com\/de\/wp-json\/wp\/v2\/product"}],"about":[{"href":"https:\/\/sausage-stuffer.com\/de\/wp-json\/wp\/v2\/types\/product"}],"wp:featuredmedia":[{"embeddable":true,"href":"https:\/\/sausage-stuffer.com\/de\/wp-json\/wp\/v2\/media\/1654"}],"wp:attachment":[{"href":"https:\/\/sausage-stuffer.com\/de\/wp-json\/wp\/v2\/media?parent=1690"}],"wp:term":[{"taxonomy":"product_brand","embeddable":true,"href":"https:\/\/sausage-stuffer.com\/de\/wp-json\/wp\/v2\/product_brand?post=1690"},{"taxonomy":"product_cat","embeddable":true,"href":"https:\/\/sausage-stuffer.com\/de\/wp-json\/wp\/v2\/product_cat?post=1690"},{"taxonomy":"product_tag","embeddable":true,"href":"https:\/\/sausage-stuffer.com\/de\/wp-json\/wp\/v2\/product_tag?post=1690"}],"curies":[{"name":"wp","href":"https:\/\/api.w.org\/{rel}","templated":true}]}}