{"id":1689,"date":"2024-07-26T10:22:24","date_gmt":"2024-07-26T10:22:24","guid":{"rendered":"https:\/\/sausage-stuffer.com\/?post_type=product&#038;p=1689"},"modified":"2024-08-06T12:10:30","modified_gmt":"2024-08-06T12:10:30","slug":"electric-vegetable-cutter-qc205","status":"publish","type":"product","link":"https:\/\/sausage-stuffer.com\/de\/manufacturer\/electric-vegetable-cutter-qc205\/","title":{"rendered":"Elektrischer Gem\u00fcseschneider QC205"},"content":{"rendered":"<p>Elektrischer Gem\u00fcseschneider,Dieses zeitsparende Werkzeug bietet Pr\u00e4zision und Konsistenz und ist damit eine wertvolle Erg\u00e4nzung f\u00fcr jede K\u00fcche.<\/p>\n<h3><strong><b>Wesentliche Merkmale<\/b><\/strong><\/h3>\n<ul>\n<li><strong>Leistungsstarker Motor:<\/strong>\u00a0Sorgt f\u00fcr effizientes Schneiden auch von z\u00e4hem Gem\u00fcse.<\/li>\n<li><strong>Auswechselbare Klingen:<\/strong>\u00a0Bietet Vielseitigkeit f\u00fcr verschiedene Schnittarten.<\/li>\n<li><strong>Sicherheitsmerkmale:<\/strong>\u00a0Inklusive Schutzvorrichtungen und rutschfesten F\u00fc\u00dfen f\u00fcr einen sicheren Betrieb.<\/li>\n<li><strong>Leichte Reinigung:<\/strong>\u00a0Die meisten Komponenten sind sp\u00fclmaschinenfest und lassen sich bequem warten.<\/li>\n<li><strong>Kapazit\u00e4t:<\/strong>\u00a0Variiert je nach Modell, von kleinen Tischger\u00e4ten bis hin zu gr\u00f6\u00dferen kommerziellen Modellen.<\/li>\n<\/ul>\n<h3><strong><b>Vorteile<\/b><\/strong><\/h3>\n<ul>\n<li><strong>Zeitersparnis:<\/strong>\u00a0Bereiten Sie schnell gro\u00dfe Mengen an Gem\u00fcse f\u00fcr Salate, Wokgerichte und vieles mehr zu.<\/li>\n<li><strong>Konsistente Ergebnisse:<\/strong>\u00a0Mit Leichtigkeit gleichm\u00e4\u00dfige Scheiben, Schnitzel oder Gitterroste herstellen.<\/li>\n<li><strong><b>Reduzierter Aufwand: <\/b><\/strong>Minimaler Arbeitsaufwand im Vergleich zu manuellen Methoden.<\/li>\n<li><strong>Sicherheit:<\/strong>\u00a0Minimieren Sie das Risiko von Unf\u00e4llen im Zusammenhang mit Messern.<\/li>\n<li><strong>Vielseitigkeit:<\/strong>\u00a0Viele Modelle k\u00f6nnen eine Vielzahl von Obst und Gem\u00fcse verarbeiten.<\/li>\n<\/ul>\n<p>Wenn Sie in einen hochwertigen elektrischen Gem\u00fcseschneider investieren, k\u00f6nnen Sie die Zubereitung von Speisen rationalisieren und den Komfort von perfekt geschnittenen Zutaten genie\u00dfen.<\/p>","protected":false},"excerpt":{"rendered":"<h4><strong>Elektrischer Gem\u00fcseschneider QC205 Parameter :<\/strong><\/h4>\n<p>Durchmesser der Messerschale ;\u2205205 mm<\/p>\n<p>Leistung: 350 W<\/p>\n<p>Spannung: 220V50Hz<\/p>\n<p>Produktgr\u00f6\u00dfe: 535*270*525(mm)<\/p>\n<p>Verpackungsgr\u00f6\u00dfe: 580*385*550(mm)<\/p>\n<p>GEWICHT\/NUTZLAST :24,5(KG)\/19(KG)<\/p>","protected":false},"featured_media":1653,"template":"","meta":[],"product_brand":[],"product_cat":[43],"product_tag":[],"class_list":{"0":"post-1689","1":"product","2":"type-product","3":"status-publish","4":"has-post-thumbnail","6":"product_cat-vegetable-cutter","8":"first","9":"instock","10":"shipping-taxable","11":"product-type-simple"},"_links":{"self":[{"href":"https:\/\/sausage-stuffer.com\/de\/wp-json\/wp\/v2\/product\/1689","targetHints":{"allow":["GET"]}}],"collection":[{"href":"https:\/\/sausage-stuffer.com\/de\/wp-json\/wp\/v2\/product"}],"about":[{"href":"https:\/\/sausage-stuffer.com\/de\/wp-json\/wp\/v2\/types\/product"}],"wp:featuredmedia":[{"embeddable":true,"href":"https:\/\/sausage-stuffer.com\/de\/wp-json\/wp\/v2\/media\/1653"}],"wp:attachment":[{"href":"https:\/\/sausage-stuffer.com\/de\/wp-json\/wp\/v2\/media?parent=1689"}],"wp:term":[{"taxonomy":"product_brand","embeddable":true,"href":"https:\/\/sausage-stuffer.com\/de\/wp-json\/wp\/v2\/product_brand?post=1689"},{"taxonomy":"product_cat","embeddable":true,"href":"https:\/\/sausage-stuffer.com\/de\/wp-json\/wp\/v2\/product_cat?post=1689"},{"taxonomy":"product_tag","embeddable":true,"href":"https:\/\/sausage-stuffer.com\/de\/wp-json\/wp\/v2\/product_tag?post=1689"}],"curies":[{"name":"wp","href":"https:\/\/api.w.org\/{rel}","templated":true}]}}